{"id":1802,"date":"2021-03-01T16:15:41","date_gmt":"2021-03-01T15:15:41","guid":{"rendered":"http:\/\/agora.xtec.cat\/esc-vinyesverdes\/?page_id=1802"},"modified":"2025-11-13T13:32:48","modified_gmt":"2025-11-13T12:32:48","slug":"ampa","status":"publish","type":"page","link":"https:\/\/agora.xtec.cat\/esc-vinyesverdes\/ampa\/","title":{"rendered":"AMPA\/AFA"},"content":{"rendered":"<p id=\"tw-target-text\" class=\"tw-data-text tw-text-large XcVN5d tw-ta\" dir=\"ltr\" data-placeholder=\"Traducci\u00f3n\"><span class=\"Y2IQFc\" lang=\"ca\">Les Associacions de Mares i Pares d&#8217;Alumnes (AMPA) o millor dit actualment les Associacions de Fam\u00edlies d&#8217;Alumnes (AFA) s\u00f3n entitats sense \u00e0nim de lucre amb l&#8217;objectiu fonamental \u00e9s vetllar per una educaci\u00f3 de qualitat en els centres educatius dels seus fills i representar els interessos dels pares, mares o tutors legals en relaci\u00f3 a centre.<\/span><\/p>\n<table style=\"height: 128px; width: 422px;\">\n<tbody>\n<tr style=\"height: 32px;\">\n<td style=\"height: 32px; width: 417.037px; background-color: #c2fccc;\" colspan=\"2\">\n<h3>MEMBRES DE L&#8217;EQUIP DE L&#8217;AMPA\/AFA<\/h3>\n<\/td>\n<\/tr>\n<tr style=\"height: 32px;\">\n<td style=\"height: 32px; width: 200px;\">Presidenta<\/td>\n<td style=\"width: 215.556px;\">Mariona D\u00edez<\/td>\n<\/tr>\n<tr style=\"height: 32px;\">\n<td style=\"height: 32px; width: 200px;\">Tresorera<\/td>\n<td style=\"width: 215.556px;\">Ver\u00f3nica Castillo<\/td>\n<\/tr>\n<tr style=\"height: 32px;\">\n<td style=\"height: 32px; width: 200px;\">Secretaria<\/td>\n<td style=\"width: 215.556px;\">Noem\u00ed Cervilla<\/td>\n<\/tr>\n<\/tbody>\n<\/table>\n<p>L&#8217;AMPA del nostre centre s&#8217;encarrega de poder oferir a les fam\u00edlies s\u00f2cies els serveis complementaris d&#8217;acollida matinal (de 8:00 a 9:00h),activitats extraescolars (angl\u00e8s, handbol i rob\u00f2tica, actualment), aix\u00ed com tamb\u00e9 contractar a Fundesplai per a poder oferir el servei de cuina i monitoratge a dia d&#8217;avui i sempre que pot col\u00b7labora a les diferents activitats que s&#8217;hi celebren a l&#8217;escola com \u00e9s fer alguns regals de &#8216;Reines M\u00e0giques&#8217;, organitzar la xocolatada del Nadal i de l&#8217;esmorzar de l&#8217;\u00faltim dia de curs, contractar algun grup de Batukada pel Carnaval, etc I a tot el que puguin col\u00b7laborar-hi.<\/p>\n<p>Moltes gr\u00e0cies per tota la implicaci\u00f3 de la Junta de l&#8217;AMPA que ho fa possible, aix\u00ed com tamb\u00e9 a totes les fam\u00edlies s\u00f2cies i no s\u00f2cies que hi col\u00b7laboren a les activitats d&#8217;escola.<\/p>\n<p>Correu electr\u00f2nic: <a href=\"mailto:ampavinyesverdes@gmail.com\" target=\"_blank\" rel=\"noopener noreferrer\">ampavinyesverdes@gmail.com<\/a><\/p>\n<p>web:\u00a0<a href=\"https:\/\/www.facebook.com\/AMPA-Vinyes-Verdes-915689961794410\/\">https:\/\/www.facebook.com\/AMPA-Vinyes-Verdes-915689961794410\/<\/a><\/p>\n","protected":false},"excerpt":{"rendered":"<p>Les Associacions de Mares i Pares d&#8217;Alumnes (AMPA) o millor dit actualment les Associacions de Fam\u00edlies d&#8217;Alumnes (AFA) s\u00f3n entitats sense \u00e0nim de lucre amb l&#8217;objectiu fonamental \u00e9s vetllar per una educaci\u00f3 de qualitat en els centres educatius dels seus fills i representar els interessos&hellip;  <a href=\"https:\/\/agora.xtec.cat\/esc-vinyesverdes\/ampa\/\" title=\"Read AMPA\/AFA\">Llegeix m\u00e9s\u00bb<\/a><\/p>\n","protected":false},"author":1,"featured_media":0,"parent":0,"menu_order":0,"comment_status":"closed","ping_status":"closed","template":"page-templates\/side-menu.php","meta":{"_bbp_topic_count":0,"_bbp_reply_count":0,"_bbp_total_topic_count":0,"_bbp_total_reply_count":0,"_bbp_voice_count":0,"_bbp_anonymous_reply_count":0,"_bbp_topic_count_hidden":0,"_bbp_reply_count_hidden":0,"_bbp_forum_subforum_count":0,"footnotes":""},"class_list":["post-1802","page","type-page","status-publish","hentry"],"post_mailing_queue_ids":[],"_links":{"self":[{"href":"https:\/\/agora.xtec.cat\/esc-vinyesverdes\/wp-json\/wp\/v2\/pages\/1802","targetHints":{"allow":["GET"]}}],"collection":[{"href":"https:\/\/agora.xtec.cat\/esc-vinyesverdes\/wp-json\/wp\/v2\/pages"}],"about":[{"href":"https:\/\/agora.xtec.cat\/esc-vinyesverdes\/wp-json\/wp\/v2\/types\/page"}],"author":[{"embeddable":true,"href":"https:\/\/agora.xtec.cat\/esc-vinyesverdes\/wp-json\/wp\/v2\/users\/1"}],"replies":[{"embeddable":true,"href":"https:\/\/agora.xtec.cat\/esc-vinyesverdes\/wp-json\/wp\/v2\/comments?post=1802"}],"version-history":[{"count":6,"href":"https:\/\/agora.xtec.cat\/esc-vinyesverdes\/wp-json\/wp\/v2\/pages\/1802\/revisions"}],"predecessor-version":[{"id":4590,"href":"https:\/\/agora.xtec.cat\/esc-vinyesverdes\/wp-json\/wp\/v2\/pages\/1802\/revisions\/4590"}],"wp:attachment":[{"href":"https:\/\/agora.xtec.cat\/esc-vinyesverdes\/wp-json\/wp\/v2\/media?parent=1802"}],"curies":[{"name":"wp","href":"https:\/\/api.w.org\/{rel}","templated":true}]}}