{"id":1660,"date":"2021-01-25T16:08:19","date_gmt":"2021-01-25T15:08:19","guid":{"rendered":"http:\/\/agora.xtec.cat\/esc-vinyesverdes\/?page_id=1660"},"modified":"2024-10-03T13:09:11","modified_gmt":"2024-10-03T11:09:11","slug":"festes","status":"publish","type":"page","link":"https:\/\/agora.xtec.cat\/esc-vinyesverdes\/activitats\/festes\/","title":{"rendered":"Festes i celebracions"},"content":{"rendered":"<p>A l&#8217;escola ens agrada celebrar les festes i tradicions m\u00e9s properes.<\/p>\n<ul style=\"list-style-type: circle;\">\n<li><strong>CASTANYADA<\/strong>: Al mat\u00ed fem una sortida Intercicle \u00a0i a la tarda ens reunim al pati per rebre la visita de la senyora Castanyera. Despr\u00e9s de menjar les castanyes, fem balls t\u00edpics d\u2019aquesta \u00e8poca de l\u2019any.<\/li>\n<\/ul>\n<p>&nbsp;<\/p>\n<ul style=\"list-style-type: circle;\">\n<li><strong>NADAL<\/strong>: Al Nadal tot l&#8217;alumnat de l\u2019escola prepara un Concert per les fam\u00edlies, amb can\u00e7ons que treballen des de l\u2019\u00e0rea de M\u00fasica i d\u2019Angl\u00e8s. D\u2019altra banda, l\u2019\u00faltim dia del trimestre, l\u2019AMPA prepara una xocolatada amb la que esmorzem tots plegats i fem cagar el Ti\u00f3.<\/li>\n<\/ul>\n<p>&nbsp;<\/p>\n<ul style=\"list-style-type: circle;\">\n<li><strong>CARNAVAL<\/strong>: Normalment acostumem a triar les disfresses de Carnestoltes amb un tema o eix com\u00fa per tota l\u2019escola. Aquestes disfresses, en alguns cicles, es confeccionen a les aules. El Rei (o la Reina) Carnestoltes arriba el divendres anterior a la tarda i l&#8217;alumnat de Cicle Superior ens llegeix el Preg\u00f3 i la primera consigna que haurem de portar el proper dilluns per tal de comen\u00e7ar la setmana &#8216;carnavalera&#8217;.<br \/>\n<span style=\"font-family: inherit; font-size: 1em;\">El divendres a la tarda, es fa la Rua per alguns carrers del poble de La Beguda Alta.\u00a0 \u00a0 \u00a0 \u00a0 \u00a0 \u00a0 \u00a0 \u00a0 \u00a0 \u00a0 \u00a0 \u00a0<\/span><span style=\"font-family: inherit; font-size: 1em;\">Les fam\u00edlies ens acompanyen durant el recorregut i tamb\u00e9 tothom \u00e9s convidat a assistir-hi i gaudir-ne. Sempre que \u00e9s possible, l&#8217;AMPA contracta a un grup de batukada per tal d&#8217;amenitzar i posar un toc m\u00e9s de gresca i diversi\u00f3!<\/span><\/li>\n<\/ul>\n<p>&nbsp;<\/p>\n<ul style=\"list-style-type: circle;\">\n<li><strong>FESTA DE FINAL DE CURS I COMIAT DE L&#8217;ALUMNAT DE 6\u00e8<\/strong>: La Festa de Fi de Curs \u00e9s una celebraci\u00f3 important per l\u2019escola, \u00e9s el punt final a tot un any de feina i el moment d\u2019acomiadar els companys de sis\u00e8 que ens deixen aquest any.<\/li>\n<\/ul>\n<p>&nbsp;<\/p>\n<ul style=\"list-style-type: circle;\">\n<li><strong>ANIVERSARIS<\/strong>: Sempre que hi ha un aniversari ens encanta celebrar-lo amb tota la classe. Aquest dia es pot portar un esmorzar per compartir amb els companys i companyes que hagi estat comprat (per motius de seguretat aliment\u00e0ria i prevenir riscos innecessaris).<\/li>\n<\/ul>\n<p>&nbsp;<\/p>\n","protected":false},"excerpt":{"rendered":"<p>A l&#8217;escola ens agrada celebrar les festes i tradicions m\u00e9s properes.<\/p>\n<ul style=\"list-style-type: circle;\">\n<li>CASTANYADA: Al mat\u00ed fem una sortida Intercicle \u00a0i a la tarda ens reunim al pati per rebre la visita de la senyora Castanyera. Despr\u00e9s de menjar les castanyes, fem balls t\u00edpics d\u2019aquesta \u00e8poca&hellip;  <a href=\"https:\/\/agora.xtec.cat\/esc-vinyesverdes\/activitats\/festes\/\" title=\"Read Festes i celebracions\">Llegeix m\u00e9s\u00bb<\/a><br \/>\n","protected":false},"author":1,"featured_media":0,"parent":66,"menu_order":7,"comment_status":"closed","ping_status":"closed","template":"page-templates\/side-menu.php","meta":{"_bbp_topic_count":0,"_bbp_reply_count":0,"_bbp_total_topic_count":0,"_bbp_total_reply_count":0,"_bbp_voice_count":0,"_bbp_anonymous_reply_count":0,"_bbp_topic_count_hidden":0,"_bbp_reply_count_hidden":0,"_bbp_forum_subforum_count":0,"footnotes":""},"class_list":["post-1660","page","type-page","status-publish","hentry"],"post_mailing_queue_ids":[],"_links":{"self":[{"href":"https:\/\/agora.xtec.cat\/esc-vinyesverdes\/wp-json\/wp\/v2\/pages\/1660","targetHints":{"allow":["GET"]}}],"collection":[{"href":"https:\/\/agora.xtec.cat\/esc-vinyesverdes\/wp-json\/wp\/v2\/pages"}],"about":[{"href":"https:\/\/agora.xtec.cat\/esc-vinyesverdes\/wp-json\/wp\/v2\/types\/page"}],"author":[{"embeddable":true,"href":"https:\/\/agora.xtec.cat\/esc-vinyesverdes\/wp-json\/wp\/v2\/users\/1"}],"replies":[{"embeddable":true,"href":"https:\/\/agora.xtec.cat\/esc-vinyesverdes\/wp-json\/wp\/v2\/comments?post=1660"}],"version-history":[{"count":5,"href":"https:\/\/agora.xtec.cat\/esc-vinyesverdes\/wp-json\/wp\/v2\/pages\/1660\/revisions"}],"predecessor-version":[{"id":3865,"href":"https:\/\/agora.xtec.cat\/esc-vinyesverdes\/wp-json\/wp\/v2\/pages\/1660\/revisions\/3865"}],"up":[{"embeddable":true,"href":"https:\/\/agora.xtec.cat\/esc-vinyesverdes\/wp-json\/wp\/v2\/pages\/66"}],"wp:attachment":[{"href":"https:\/\/agora.xtec.cat\/esc-vinyesverdes\/wp-json\/wp\/v2\/media?parent=1660"}],"curies":[{"name":"wp","href":"https:\/\/api.w.org\/{rel}","templated":true}]}}