{"id":1588,"date":"2020-11-16T16:24:37","date_gmt":"2020-11-16T15:24:37","guid":{"rendered":"http:\/\/agora.xtec.cat\/esc-vinyesverdes\/?page_id=1588"},"modified":"2024-10-03T14:11:42","modified_gmt":"2024-10-03T12:11:42","slug":"activitats-extra-escolars","status":"publish","type":"page","link":"https:\/\/agora.xtec.cat\/esc-vinyesverdes\/serveis\/activitats-extra-escolars\/","title":{"rendered":"Activitats Extraescolars"},"content":{"rendered":"<p>La nostra escola les ofereix a trav\u00e9s de l&#8217;AMPA, que \u00e9s qui gestiona les diverses activitats extraescolars com per exemple, actualment, rob\u00f2tica i angl\u00e8s als migdies.<\/p>\n<p>Per a poder fer la inscripci\u00f3 a qualsevol activitat extraescolar, cal ser fam\u00edlia s\u00f2cia de l&#8217;AMPA<\/p>\n","protected":false},"excerpt":{"rendered":"<p>La nostra escola les ofereix a trav\u00e9s de l&#8217;AMPA, que \u00e9s qui gestiona les diverses activitats extraescolars com per exemple, actualment, rob\u00f2tica i angl\u00e8s als migdies.<br \/>\nPer a poder fer la inscripci\u00f3 a qualsevol activitat extraescolar, cal ser fam\u00edlia s\u00f2cia de l&#8217;AMPA<\/p>\n","protected":false},"author":1,"featured_media":0,"parent":1582,"menu_order":0,"comment_status":"closed","ping_status":"closed","template":"page-templates\/side-menu.php","meta":{"_bbp_topic_count":0,"_bbp_reply_count":0,"_bbp_total_topic_count":0,"_bbp_total_reply_count":0,"_bbp_voice_count":0,"_bbp_anonymous_reply_count":0,"_bbp_topic_count_hidden":0,"_bbp_reply_count_hidden":0,"_bbp_forum_subforum_count":0,"footnotes":""},"class_list":["post-1588","page","type-page","status-publish","hentry"],"post_mailing_queue_ids":[],"_links":{"self":[{"href":"https:\/\/agora.xtec.cat\/esc-vinyesverdes\/wp-json\/wp\/v2\/pages\/1588","targetHints":{"allow":["GET"]}}],"collection":[{"href":"https:\/\/agora.xtec.cat\/esc-vinyesverdes\/wp-json\/wp\/v2\/pages"}],"about":[{"href":"https:\/\/agora.xtec.cat\/esc-vinyesverdes\/wp-json\/wp\/v2\/types\/page"}],"author":[{"embeddable":true,"href":"https:\/\/agora.xtec.cat\/esc-vinyesverdes\/wp-json\/wp\/v2\/users\/1"}],"replies":[{"embeddable":true,"href":"https:\/\/agora.xtec.cat\/esc-vinyesverdes\/wp-json\/wp\/v2\/comments?post=1588"}],"version-history":[{"count":4,"href":"https:\/\/agora.xtec.cat\/esc-vinyesverdes\/wp-json\/wp\/v2\/pages\/1588\/revisions"}],"predecessor-version":[{"id":3885,"href":"https:\/\/agora.xtec.cat\/esc-vinyesverdes\/wp-json\/wp\/v2\/pages\/1588\/revisions\/3885"}],"up":[{"embeddable":true,"href":"https:\/\/agora.xtec.cat\/esc-vinyesverdes\/wp-json\/wp\/v2\/pages\/1582"}],"wp:attachment":[{"href":"https:\/\/agora.xtec.cat\/esc-vinyesverdes\/wp-json\/wp\/v2\/media?parent=1588"}],"curies":[{"name":"wp","href":"https:\/\/api.w.org\/{rel}","templated":true}]}}