{"id":1579,"date":"2020-11-16T16:22:15","date_gmt":"2020-11-16T15:22:15","guid":{"rendered":"http:\/\/agora.xtec.cat\/esc-vinyesverdes\/?page_id=1579"},"modified":"2026-04-15T19:49:15","modified_gmt":"2026-04-15T17:49:15","slug":"preinscripcions","status":"publish","type":"page","link":"https:\/\/agora.xtec.cat\/esc-vinyesverdes\/secretaria\/preinscripcions\/","title":{"rendered":"Preinscripcions des d&#8217;I3 a 6\u00e8 Prim\u00e0ria"},"content":{"rendered":"<p>Guia per a la preinscripci\u00f3:\u00a0 \u27a1<a href=\"https:\/\/preinscripcio.gencat.cat\/ca\/inici\">https:\/\/preinscripcio.gencat.cat\/ca\/inici<\/a><\/p>\n<p>&nbsp;<\/p>\n<h3>Calendari de preinscripci\u00f3 i matr\u00edcula (curs 2026-27):<\/h3>\n<ul>\n<li>Oferta inicial de places: 3 de mar\u00e7\u00a0 \u27a1<\/li>\n<li><strong>Presentaci\u00f3 de sol\u00b7licituds: 4 al 18 de<\/strong> <strong>mar\u00e7<\/strong><\/li>\n<li>Llistes amb la puntuaci\u00f3 provisional: 15 d&#8217;abril\u00a0 \u27a1 <a href=\"https:\/\/agora.xtec.cat\/esc-vinyesverdes\/wp-content\/uploads\/usu1644\/2026\/04\/INFORME_BAREM_PROVISIONAL_BAREM.pdf\">INFORME_BAREM_PROVISIONAL_BAREM<\/a><\/li>\n<li>Reclamaci\u00f3 de les puntuacions: 15 al 20 d&#8217;abril<\/li>\n<li>Llistes amb la puntuaci\u00f3 definitiva: 23 d&#8217;abril\u00a0 \u27a1<\/li>\n<li>Sorteig n\u00famero de desempat: 28 d&#8217;abril \u27a1<\/li>\n<li>Llistes ordenades per n\u00famero de desempat: 29 d&#8217;abril\u00a0 \u00a0\u27a1<\/li>\n<li>Oferta definitiva de places: 10 de juny \u27a1<\/li>\n<li>Per\u00edode de <strong>matriculaci\u00f3: 22 al 30 de juny<\/strong><\/li>\n<\/ul>\n<p>&nbsp;<\/p>\n<h3>Com es far\u00e0 la preinscripci\u00f3:<\/h3>\n<p>La preinscripci\u00f3 es far\u00e0 de forma telem\u00e0tica del <strong>4 al 18\u00a0de mar\u00e7<\/strong>, a trav\u00e9s del portal:\u00a0 \u27a1 <a href=\"https:\/\/preinscripcio.gencat.cat\/ca\/inici\/\">https:\/\/preinscripcio.gencat.cat\/ca\/inici\/<\/a><\/p>\n<p><strong>Recordeu<\/strong>:<\/p>\n<p>La <strong>sol\u00b7licitud electr\u00f2nica<\/strong>, l&#8217;haureu d&#8217;omplir si teniu algun Certificat Digital, i la <strong>sol\u00b7licitud en suport inform\u00e0tic<\/strong> l&#8217;haureu d&#8217;omplir si no disposeu de cap Certificat Digital.<\/p>\n<ul>\n<li>Acc\u00e9s a la sol\u00b7licitud telem\u00e0tica \u27a1 <a href=\"https:\/\/preinscripcio.gencat.cat\/ca\/estudis\/infantil-3-6\/inici\/\">https:\/\/preinscripcio.gencat.cat\/ca\/estudis\/infantil-3-6\/inici\/<\/a><\/li>\n<li>Documentaci\u00f3 a adjuntar: Certificat Empadronament, DNI pare\/mare\/ alumne\/a o TIS, Llibre de Fam\u00edlia, Carnet de vacunaci\u00f3 actualitzat<\/li>\n<li>Altre documentaci\u00f3 a efectes de barem \u27a1 <a href=\"https:\/\/preinscripcio.gencat.cat\/ca\/estudis\/infantil-3-6\/informat\/prepara-documentacio\/\">https:\/\/preinscripcio.gencat.cat\/ca\/estudis\/infantil-3-6\/informat\/prepara-documentacio\/<\/a><\/li>\n<\/ul>\n<p>Trobareu m\u00e9s informaci\u00f3 a la Web Preinscripci\u00f3 \u27a1 <a href=\"https:\/\/preinscripcio.gencat.cat\/ca\/inici\/\">Web informaci\u00f3 preinscripcions<\/a><\/p>\n<p>Si teniu dubtes podeu posar-vos en contacte amb nosaltres i us ajudarem a complimentar el proc\u00e9s.<\/p>\n<p>&nbsp;<\/p>\n<h3>Com es far\u00e0 l\u2019atenci\u00f3\u00a0presencial:<\/h3>\n<p>Per venir al centre cal concertar cita pr\u00e8via.<\/p>\n<p>Contacte amb el centre:<\/p>\n<ul>\n<li>Per correu: \u27a1 a8026889@xtec.cat<\/li>\n<li>Per tel\u00e8fon: \u27a1 937727627<\/li>\n<\/ul>\n<p>&nbsp;<\/p>\n","protected":false},"excerpt":{"rendered":"<p>Guia per a la preinscripci\u00f3:\u00a0 \u27a1<a href=\"https:\/\/preinscripcio.gencat.cat\/ca\/inici\">https:\/\/preinscripcio.gencat.cat\/ca\/inici<\/a><br \/>\n&nbsp;<br \/>\nCalendari de preinscripci\u00f3 i matr\u00edcula (curs 2026-27):<\/p>\n<ul>\n<li>Oferta inicial de places: 3 de mar\u00e7\u00a0 \u27a1<\/li>\n<li>Presentaci\u00f3 de sol\u00b7licituds: 4 al 18 de mar\u00e7<\/li>\n<li>Llistes amb la puntuaci\u00f3 provisional: 15 d&#8217;abril\u00a0 \u27a1 <a href=\"https:\/\/agora.xtec.cat\/esc-vinyesverdes\/wp-content\/uploads\/usu1644\/2026\/04\/INFORME_BAREM_PROVISIONAL_BAREM.pdf\">INFORME_BAREM_PROVISIONAL_BAREM<\/a><\/li>\n<li>Reclamaci\u00f3 de les puntuacions: 15 al 20 d&#8217;abril<\/li>\n<li>Llistes amb la&hellip;  <a href=\"https:\/\/agora.xtec.cat\/esc-vinyesverdes\/secretaria\/preinscripcions\/\" title=\"Read Preinscripcions des d&#8217;I3 a 6\u00e8 Prim\u00e0ria\">Llegeix m\u00e9s\u00bb<\/a><br \/>\n","protected":false},"author":1,"featured_media":0,"parent":1564,"menu_order":0,"comment_status":"closed","ping_status":"closed","template":"page-templates\/side-menu.php","meta":{"_bbp_topic_count":0,"_bbp_reply_count":0,"_bbp_total_topic_count":0,"_bbp_total_reply_count":0,"_bbp_voice_count":0,"_bbp_anonymous_reply_count":0,"_bbp_topic_count_hidden":0,"_bbp_reply_count_hidden":0,"_bbp_forum_subforum_count":0,"footnotes":""},"class_list":["post-1579","page","type-page","status-publish","hentry"],"post_mailing_queue_ids":[],"_links":{"self":[{"href":"https:\/\/agora.xtec.cat\/esc-vinyesverdes\/wp-json\/wp\/v2\/pages\/1579","targetHints":{"allow":["GET"]}}],"collection":[{"href":"https:\/\/agora.xtec.cat\/esc-vinyesverdes\/wp-json\/wp\/v2\/pages"}],"about":[{"href":"https:\/\/agora.xtec.cat\/esc-vinyesverdes\/wp-json\/wp\/v2\/types\/page"}],"author":[{"embeddable":true,"href":"https:\/\/agora.xtec.cat\/esc-vinyesverdes\/wp-json\/wp\/v2\/users\/1"}],"replies":[{"embeddable":true,"href":"https:\/\/agora.xtec.cat\/esc-vinyesverdes\/wp-json\/wp\/v2\/comments?post=1579"}],"version-history":[{"count":6,"href":"https:\/\/agora.xtec.cat\/esc-vinyesverdes\/wp-json\/wp\/v2\/pages\/1579\/revisions"}],"predecessor-version":[{"id":4714,"href":"https:\/\/agora.xtec.cat\/esc-vinyesverdes\/wp-json\/wp\/v2\/pages\/1579\/revisions\/4714"}],"up":[{"embeddable":true,"href":"https:\/\/agora.xtec.cat\/esc-vinyesverdes\/wp-json\/wp\/v2\/pages\/1564"}],"wp:attachment":[{"href":"https:\/\/agora.xtec.cat\/esc-vinyesverdes\/wp-json\/wp\/v2\/media?parent=1579"}],"curies":[{"name":"wp","href":"https:\/\/api.w.org\/{rel}","templated":true}]}}