{"id":1573,"date":"2020-11-16T16:12:53","date_gmt":"2020-11-16T15:12:53","guid":{"rendered":"http:\/\/agora.xtec.cat\/esc-vinyesverdes\/?page_id=1573"},"modified":"2024-10-03T14:06:31","modified_gmt":"2024-10-03T12:06:31","slug":"tpv-escola","status":"publish","type":"page","link":"https:\/\/agora.xtec.cat\/esc-vinyesverdes\/secretaria\/tpv-escola\/","title":{"rendered":"TPV Escola"},"content":{"rendered":"<p style=\"text-align: justify;\"><strong>TPV Escola<\/strong> \u00e9s el\u00a0sistema per gestionar els pagaments escolars, dissenyat per facilitar la gesti\u00f3 i control dels pagaments.<\/p>\n<p>\u27a1Enlla\u00e7 directe a la web TPVescola:\u00a0<a href=\"https:\/\/tpvescola.com\/\">https:\/\/tpvescola.com\/<\/a><\/p>\n<p style=\"text-align: justify;\"><span id=\"ctl00_MainContent2_LblPfDesc2\">Les fam\u00edlies accedeixen a la plataforma mitjan\u00e7ant una <b>aplicaci\u00f3 per al m\u00f2bil i tamb\u00e9 via web. <\/b><\/span><\/p>\n<p style=\"text-align: justify;\"><span id=\"ctl00_MainContent2_LblPfDesc3\">Els pagaments es realitzen de\u00a0forma segura\u00a0a Redsys\u00a0mitjan\u00e7ant targeta de d\u00e8bit, cr\u00e8dit o prepagament de qualsevol entitat financera nacional. <\/span><\/p>\n<p style=\"text-align: justify;\"><span id=\"ctl00_MainContent2_LblPfDesc4\">Es pot desar la targeta en el sistema i es pot domiciliar els pagaments en targeta de manera segura.<\/span><\/p>\n<p>&nbsp;<\/p>\n<p><a href=\"https:\/\/www.youtube.com\/watch?time_continue=24&amp;v=cY11tJocj4o&amp;feature=emb_logo\">https:\/\/www.youtube.com\/watch?time_continue=24&amp;v=cY11tJocj4o&amp;feature=emb_logo<\/a><\/p>\n<p>&nbsp;<\/p>\n<p><strong>Enlla\u00e7 directe a l&#8217;App per descarregar-se l\u2019aplicaci\u00f3 al m\u00f2bil<\/strong>:<\/p>\n<ul>\n<li>Android\u00a0\u00a0\u00a0<a href=\"https:\/\/play.google.com\/store\/apps\/details?id=com.eqctpvescola\">https:\/\/play.google.com\/store\/apps\/details?id=com.eqctpvescola<\/a><\/li>\n<li>IOS\u00a0\u00a0\u00a0\u00a0<a href=\"https:\/\/apps.apple.com\/us\/app\/tpvescola\/id1153423424?l=ca&amp;ls=1\">https:\/\/apps.apple.com\/us\/app\/tpvescola\/id1153423424?l=ca&amp;ls=1<\/a><\/li>\n<\/ul>\n<p><a href=\"https:\/\/play.google.com\/store\/apps\/details?id=com.eqctpvescola\" target=\"_blank\" rel=\"noopener noreferrer\"><img loading=\"lazy\" decoding=\"async\" class=\"alignnone size-full wp-image-6955\" src=\"https:\/\/agora.xtec.cat\/sesvallbonadanoia\/wp-content\/uploads\/usu60\/2020\/10\/Captura-de-pantalla-2020-10-20-a-les-11.54.07.png\" alt=\"\" width=\"290\" height=\"138\" \/><\/a><\/p>\n<p><a href=\"https:\/\/apps.apple.com\/us\/app\/tpvescola\/id1153423424?l=ca&amp;ls=1\" target=\"_blank\" rel=\"noopener noreferrer\"><img loading=\"lazy\" decoding=\"async\" class=\"alignnone size-full wp-image-6956\" src=\"https:\/\/agora.xtec.cat\/sesvallbonadanoia\/wp-content\/uploads\/usu60\/2020\/10\/Captura-de-pantalla-2020-10-20-a-les-11.54.19.png\" alt=\"\" width=\"284\" height=\"97\" \/><\/a><\/p>\n","protected":false},"excerpt":{"rendered":"<p>TPV Escola \u00e9s el\u00a0sistema per gestionar els pagaments escolars, dissenyat per facilitar la gesti\u00f3 i control dels pagaments.<br \/>\n\u27a1Enlla\u00e7 directe a la web TPVescola:\u00a0<a href=\"https:\/\/tpvescola.com\/\">https:\/\/tpvescola.com\/<\/a><br \/>\nLes fam\u00edlies accedeixen a la plataforma mitjan\u00e7ant una aplicaci\u00f3 per al m\u00f2bil i tamb\u00e9 via web.<br \/>\nEls pagaments es realitzen de\u00a0forma segura\u00a0a&hellip;  <a href=\"https:\/\/agora.xtec.cat\/esc-vinyesverdes\/secretaria\/tpv-escola\/\" title=\"Read TPV Escola\">Llegeix m\u00e9s\u00bb<\/a><\/p>\n","protected":false},"author":1,"featured_media":0,"parent":1564,"menu_order":0,"comment_status":"closed","ping_status":"closed","template":"page-templates\/side-menu.php","meta":{"_bbp_topic_count":0,"_bbp_reply_count":0,"_bbp_total_topic_count":0,"_bbp_total_reply_count":0,"_bbp_voice_count":0,"_bbp_anonymous_reply_count":0,"_bbp_topic_count_hidden":0,"_bbp_reply_count_hidden":0,"_bbp_forum_subforum_count":0,"footnotes":""},"class_list":["post-1573","page","type-page","status-publish","hentry"],"post_mailing_queue_ids":[],"_links":{"self":[{"href":"https:\/\/agora.xtec.cat\/esc-vinyesverdes\/wp-json\/wp\/v2\/pages\/1573","targetHints":{"allow":["GET"]}}],"collection":[{"href":"https:\/\/agora.xtec.cat\/esc-vinyesverdes\/wp-json\/wp\/v2\/pages"}],"about":[{"href":"https:\/\/agora.xtec.cat\/esc-vinyesverdes\/wp-json\/wp\/v2\/types\/page"}],"author":[{"embeddable":true,"href":"https:\/\/agora.xtec.cat\/esc-vinyesverdes\/wp-json\/wp\/v2\/users\/1"}],"replies":[{"embeddable":true,"href":"https:\/\/agora.xtec.cat\/esc-vinyesverdes\/wp-json\/wp\/v2\/comments?post=1573"}],"version-history":[{"count":4,"href":"https:\/\/agora.xtec.cat\/esc-vinyesverdes\/wp-json\/wp\/v2\/pages\/1573\/revisions"}],"predecessor-version":[{"id":3884,"href":"https:\/\/agora.xtec.cat\/esc-vinyesverdes\/wp-json\/wp\/v2\/pages\/1573\/revisions\/3884"}],"up":[{"embeddable":true,"href":"https:\/\/agora.xtec.cat\/esc-vinyesverdes\/wp-json\/wp\/v2\/pages\/1564"}],"wp:attachment":[{"href":"https:\/\/agora.xtec.cat\/esc-vinyesverdes\/wp-json\/wp\/v2\/media?parent=1573"}],"curies":[{"name":"wp","href":"https:\/\/api.w.org\/{rel}","templated":true}]}}