{"id":1570,"date":"2020-11-16T16:10:17","date_gmt":"2020-11-16T15:10:17","guid":{"rendered":"http:\/\/agora.xtec.cat\/esc-vinyesverdes\/?page_id=1570"},"modified":"2025-05-05T13:11:20","modified_gmt":"2025-05-05T11:11:20","slug":"beques-i-ajuts","status":"publish","type":"page","link":"https:\/\/agora.xtec.cat\/esc-vinyesverdes\/secretaria\/beques-i-ajuts\/","title":{"rendered":"Beques i ajuts"},"content":{"rendered":"<h2><span style=\"color: #ff0000;\">CURS 2025-2026<\/span><\/h2>\n<h2><span style=\"color: #3366ff;\">BEQUES MENJADOR (Ajuts Individual menjador)<\/span><\/h2>\n<p><strong>Des del Consell Comarcal de l&#8217;Anoia ens informen que aquest any, amb l&#8217;objectiu que l&#8217;alumnat tingui la resoluci\u00f3 dels seu ajut de menjador (AIM) abans de l&#8217;inici de curs 2025-2026,\u00a0 incorporen novetats:<\/strong><\/p>\n<p style=\"padding-left: 40px;\"><span style=\"color: #ff6600;\"><strong>1.-\u00a0 Les fam\u00edlies ja podeu sol\u00b7licitar l&#8217;AIM (ajut individual de menjador).<\/strong><\/span><\/p>\n<p style=\"padding-left: 80px;\"><strong>a) Les fam\u00edlies que ja teniu beca aquest curs, cal que la renoveu.<\/strong><\/p>\n<p style=\"padding-left: 80px;\"><strong>b) Les fam\u00edlies que no l\u2019heu demanat mal cal que la sol.liciteu.<\/strong><\/p>\n<p style=\"padding-left: 40px;\"><span style=\"color: #ff6600;\"><strong>2.- <u>Els alumnes que s&#8217;han preinscrit com a nous alumnes a \u00a0I1-I2-I3,\u00a0 tamb\u00e9 poden sol\u00b7licitar l&#8217;AIM <\/u><\/strong><strong>( ajut individual de menjador), malgrat que NO tinguin la pla\u00e7a assignada definitivament. <\/strong><\/span><\/p>\n<p style=\"padding-left: 80px;\"><strong>a)<u> NO s&#8217;han d&#8217;esperar al setembre a fer la sol\u00b7licitud. <\/u><\/strong><\/p>\n<p style=\"padding-left: 80px;\"><strong>b) En cas, que posteriorment no puguin accedir a aquesta Escola escollida en primera opci\u00f3, les fam\u00edlies ho hauran de fer saber al\u00a0 Consell Comarcal de l&#8217;Anoia i ells mateixos internament, traslladaran de centre l&#8217;ajut corresponent.<\/strong><\/p>\n<p style=\"padding-left: 40px;\"><strong>\u00a0<\/strong><span style=\"color: #ff6600;\"><strong>3.-<\/strong> <strong><u>Presentar la renovaci\u00f3 o sol\u00b7licitud abans del 30 de maig de 2025<\/u><\/strong>.<\/span><\/p>\n<p style=\"padding-left: 40px;\"><strong>\u00a0<\/strong><span style=\"color: #ff6600;\"><strong>4.- La tramitaci\u00f3 ser\u00e0 telem\u00e0tica.<\/strong><\/span><\/p>\n<p style=\"padding-left: 40px;\"><strong><em>L&#8217;ha de fer la fam\u00edlia a la p\u00e0gina web Consell Comarcal de l&#8217;Anoia:<\/em><\/strong><\/p>\n<p style=\"padding-left: 40px;\"><strong><a href=\"https:\/\/www.anoia.cat\/departaments\/ensenyament\/ajuts-individuals-de-menjador\/\">https:\/\/www.anoia.cat\/departaments\/ensenyament\/ajuts-individuals-de-menjador\/<\/a><\/strong><\/p>\n<h5 style=\"padding-left: 40px;\"><\/h5>\n<p style=\"padding-left: 40px;\">\n<h5 style=\"padding-left: 40px;\">Si teniu qualsevol dubte podeu contactar amb l&#8217;escola i us podem ajudar a fer la gesti\u00f3.<\/h5>\n<ul>\n<li style=\"list-style-type: none;\">\n<ul>\n<li style=\"list-style-type: none;\">\n<ul>\n<li>\n<h5>\u00a0 Bases Ajuts Individuals de Menjador curs 2025-2026 _ <a href=\"https:\/\/agora.xtec.cat\/esc-vinyesverdes\/wp-content\/uploads\/usu1644\/2025\/05\/CONVOCATORIA-AIM-25-26.-pdf.pdf\">CONVOCATORIA-AIM-25-26.-pdf<\/a><\/h5>\n<\/li>\n<li>\n<h5>\u00a0 Guia de tramitaci\u00f3 AIM 25-26 _ <a href=\"https:\/\/agora.xtec.cat\/esc-vinyesverdes\/wp-content\/uploads\/usu1644\/2025\/05\/GUIA-DE-TRAMITACIO-AIM-25-26.pdf\">GUIA-DE-TRAMITACIO-AIM-25-26<\/a><\/h5>\n<\/li>\n<\/ul>\n<\/li>\n<\/ul>\n<\/li>\n<\/ul>\n<h5 style=\"padding-left: 80px;\"><\/h5>\n<p style=\"padding-left: 40px;\">\n<p style=\"padding-left: 40px;\">\n<p>&nbsp;<\/p>\n","protected":false},"excerpt":{"rendered":"<p>CURS 2025-2026<br \/>\nBEQUES MENJADOR (Ajuts Individual menjador)<br \/>\nDes del Consell Comarcal de l&#8217;Anoia ens informen que aquest any, amb l&#8217;objectiu que l&#8217;alumnat tingui la resoluci\u00f3 dels seu ajut de menjador (AIM) abans de l&#8217;inici de curs 2025-2026,\u00a0 incorporen novetats:<br \/>\n1.-\u00a0 Les fam\u00edlies ja podeu sol\u00b7licitar l&#8217;AIM (ajut individual&hellip;  <a href=\"https:\/\/agora.xtec.cat\/esc-vinyesverdes\/secretaria\/beques-i-ajuts\/\" title=\"Read Beques i ajuts\">Llegeix m\u00e9s\u00bb<\/a><\/p>\n","protected":false},"author":1,"featured_media":0,"parent":1564,"menu_order":0,"comment_status":"closed","ping_status":"closed","template":"page-templates\/side-menu.php","meta":{"_bbp_topic_count":0,"_bbp_reply_count":0,"_bbp_total_topic_count":0,"_bbp_total_reply_count":0,"_bbp_voice_count":0,"_bbp_anonymous_reply_count":0,"_bbp_topic_count_hidden":0,"_bbp_reply_count_hidden":0,"_bbp_forum_subforum_count":0,"footnotes":""},"class_list":["post-1570","page","type-page","status-publish","hentry"],"post_mailing_queue_ids":[],"_links":{"self":[{"href":"https:\/\/agora.xtec.cat\/esc-vinyesverdes\/wp-json\/wp\/v2\/pages\/1570","targetHints":{"allow":["GET"]}}],"collection":[{"href":"https:\/\/agora.xtec.cat\/esc-vinyesverdes\/wp-json\/wp\/v2\/pages"}],"about":[{"href":"https:\/\/agora.xtec.cat\/esc-vinyesverdes\/wp-json\/wp\/v2\/types\/page"}],"author":[{"embeddable":true,"href":"https:\/\/agora.xtec.cat\/esc-vinyesverdes\/wp-json\/wp\/v2\/users\/1"}],"replies":[{"embeddable":true,"href":"https:\/\/agora.xtec.cat\/esc-vinyesverdes\/wp-json\/wp\/v2\/comments?post=1570"}],"version-history":[{"count":6,"href":"https:\/\/agora.xtec.cat\/esc-vinyesverdes\/wp-json\/wp\/v2\/pages\/1570\/revisions"}],"predecessor-version":[{"id":4348,"href":"https:\/\/agora.xtec.cat\/esc-vinyesverdes\/wp-json\/wp\/v2\/pages\/1570\/revisions\/4348"}],"up":[{"embeddable":true,"href":"https:\/\/agora.xtec.cat\/esc-vinyesverdes\/wp-json\/wp\/v2\/pages\/1564"}],"wp:attachment":[{"href":"https:\/\/agora.xtec.cat\/esc-vinyesverdes\/wp-json\/wp\/v2\/media?parent=1570"}],"curies":[{"name":"wp","href":"https:\/\/api.w.org\/{rel}","templated":true}]}}