{"id":1064,"date":"2019-02-20T15:54:54","date_gmt":"2019-02-20T14:54:54","guid":{"rendered":"http:\/\/agora.xtec.cat\/esc-vinyesverdes\/?page_id=1064"},"modified":"2024-10-03T13:59:21","modified_gmt":"2024-10-03T11:59:21","slug":"projecte-linguistic-pl","status":"publish","type":"page","link":"https:\/\/agora.xtec.cat\/esc-vinyesverdes\/projecte-educatiu\/projecte-linguistic-pl\/","title":{"rendered":"PL- Projecte Ling\u00fc\u00edstic"},"content":{"rendered":"<p>Aquest \u00e9s el nostre Projecte Ling\u00fc\u00edstic de centre, que actualment es troba en fase de revisi\u00f3 i actualitzaci\u00f3:<\/p>\n<p><a href=\"https:\/\/drive.google.com\/open?id=1WjnnOjUhsJktFTnhyvpwQk5F81Xg6DfI\" rel=\"attachment wp-att-1065\">P. Linguistic (E. Vinyes Verdes)<\/a><\/p>\n<p>&nbsp;<\/p>\n<p>&nbsp;<\/p>\n","protected":false},"excerpt":{"rendered":"<p>Aquest \u00e9s el nostre Projecte Ling\u00fc\u00edstic de centre, que actualment es troba en fase de revisi\u00f3 i actualitzaci\u00f3:<br \/>\n<a href=\"https:\/\/drive.google.com\/open?id=1WjnnOjUhsJktFTnhyvpwQk5F81Xg6DfI\" rel=\"attachment wp-att-1065\">P. Linguistic (E. Vinyes Verdes)<\/a><br \/>\n&nbsp;<br \/>\n&nbsp;<\/p>\n","protected":false},"author":1,"featured_media":0,"parent":64,"menu_order":0,"comment_status":"closed","ping_status":"closed","template":"page-templates\/side-menu.php","meta":{"_bbp_topic_count":0,"_bbp_reply_count":0,"_bbp_total_topic_count":0,"_bbp_total_reply_count":0,"_bbp_voice_count":0,"_bbp_anonymous_reply_count":0,"_bbp_topic_count_hidden":0,"_bbp_reply_count_hidden":0,"_bbp_forum_subforum_count":0,"footnotes":""},"class_list":["post-1064","page","type-page","status-publish","hentry"],"post_mailing_queue_ids":[],"_links":{"self":[{"href":"https:\/\/agora.xtec.cat\/esc-vinyesverdes\/wp-json\/wp\/v2\/pages\/1064","targetHints":{"allow":["GET"]}}],"collection":[{"href":"https:\/\/agora.xtec.cat\/esc-vinyesverdes\/wp-json\/wp\/v2\/pages"}],"about":[{"href":"https:\/\/agora.xtec.cat\/esc-vinyesverdes\/wp-json\/wp\/v2\/types\/page"}],"author":[{"embeddable":true,"href":"https:\/\/agora.xtec.cat\/esc-vinyesverdes\/wp-json\/wp\/v2\/users\/1"}],"replies":[{"embeddable":true,"href":"https:\/\/agora.xtec.cat\/esc-vinyesverdes\/wp-json\/wp\/v2\/comments?post=1064"}],"version-history":[{"count":5,"href":"https:\/\/agora.xtec.cat\/esc-vinyesverdes\/wp-json\/wp\/v2\/pages\/1064\/revisions"}],"predecessor-version":[{"id":3880,"href":"https:\/\/agora.xtec.cat\/esc-vinyesverdes\/wp-json\/wp\/v2\/pages\/1064\/revisions\/3880"}],"up":[{"embeddable":true,"href":"https:\/\/agora.xtec.cat\/esc-vinyesverdes\/wp-json\/wp\/v2\/pages\/64"}],"wp:attachment":[{"href":"https:\/\/agora.xtec.cat\/esc-vinyesverdes\/wp-json\/wp\/v2\/media?parent=1064"}],"curies":[{"name":"wp","href":"https:\/\/api.w.org\/{rel}","templated":true}]}}