{"id":38,"date":"2014-09-18T12:34:08","date_gmt":"2014-09-18T11:34:08","guid":{"rendered":"http:\/\/agora.xtec.cat\/esc-vilamalla-josepderibot\/?page_id=38"},"modified":"2019-10-25T07:03:23","modified_gmt":"2019-10-25T05:03:23","slug":"salut","status":"publish","type":"page","link":"https:\/\/agora.xtec.cat\/esc-vilamalla-josepderibot\/lescola\/salut\/","title":{"rendered":"Salut"},"content":{"rendered":"<h5 style=\"text-align: justify;\"><strong>Medicaments<\/strong><\/h5>\n<p style=\"text-align: justify;\">A l\u2019escola i al menjador <strong>NO<\/strong>\u00a0s\u2019administrar\u00e0 cap medicament. Per poder administrar-lo cal que vagi acompanyat del corresponent justificant. <a href=\"https:\/\/agora.xtec.cat\/esc-vilamalla-josepderibot\/wp-content\/uploads\/usu1900\/2018\/11\/AUTORITZACI\u00d3-DE-MEDICAMENTS.pdf\" target=\"_blank\" rel=\"noopener noreferrer\">AUTORITZACI\u00d3 DE MEDICAMENTS<\/a><\/p>\n<h5 style=\"text-align: justify;\"><strong>Al\u00b7l\u00e8rgies i intoler\u00e0ncies<\/strong><\/h5>\n<p style=\"text-align: justify;\">Si algun alumne presenta algun tipus d\u2019intoler\u00e0ncia i\/o al\u00b7l\u00e8rgia \u00e9s responsabilitat de les fam\u00edlies comunicar-ho al centre, aix\u00ed com tamb\u00e9, entregar una c\u00f2pia del\u00a0justificant m\u00e8dic pertinent.<\/p>\n<h5 style=\"text-align: justify;\"><strong>Tractaments de polls<\/strong><\/h5>\n<p style=\"text-align: justify;\">Cal que, des de casa, reviseu el cap dels vostres fills\/es peri\u00f2dicament. En cas que trobeu polls, cal avisar immediatament al centre i deixar el nen\/a a casa fent el tractament per tal d\u2019evitar contagis.<\/p>\n<p style=\"text-align: justify;\">Quan\u00a0ja hi hagi el cap net d\u2019infecci\u00f3, l\u2019alumne\/a pot tornar al centre.<\/p>\n<p style=\"text-align: justify;\">Si, des de l\u2019escola, detectem algun cas de polls, avisarem a la fam\u00edlia. En cas que no es porti a terme cap tractament per a la desinfecci\u00f3, enviarem el nen\/a a casa.<\/p>\n<p>&nbsp;<\/p>\n<p>&nbsp;<\/p>\n<p>&nbsp;<\/p>\n","protected":false},"excerpt":{"rendered":"<p>Medicaments<br \/>\nA l\u2019escola i al menjador NO\u00a0s\u2019administrar\u00e0 cap medicament. Per poder administrar-lo cal que vagi acompanyat del corresponent justificant. <a href=\"https:\/\/agora.xtec.cat\/esc-vilamalla-josepderibot\/wp-content\/uploads\/usu1900\/2018\/11\/AUTORITZACI\u00d3-DE-MEDICAMENTS.pdf\" target=\"_blank\" rel=\"noopener noreferrer\">AUTORITZACI\u00d3 DE MEDICAMENTS<\/a><br \/>\nAl\u00b7l\u00e8rgies i intoler\u00e0ncies<br \/>\nSi algun alumne presenta algun tipus d\u2019intoler\u00e0ncia i\/o al\u00b7l\u00e8rgia \u00e9s responsabilitat de les fam\u00edlies comunicar-ho al centre, aix\u00ed com&hellip;  <a href=\"https:\/\/agora.xtec.cat\/esc-vilamalla-josepderibot\/lescola\/salut\/\" title=\"Read Salut\">Llegeix m\u00e9s\u00bb<\/a><\/p>\n","protected":false},"author":1,"featured_media":0,"parent":22,"menu_order":5,"comment_status":"closed","ping_status":"closed","template":"page-templates\/side-menu.php","meta":{"_bbp_topic_count":0,"_bbp_reply_count":0,"_bbp_total_topic_count":0,"_bbp_total_reply_count":0,"_bbp_voice_count":0,"_bbp_anonymous_reply_count":0,"_bbp_topic_count_hidden":0,"_bbp_reply_count_hidden":0,"_bbp_forum_subforum_count":0,"footnotes":""},"class_list":["post-38","page","type-page","status-publish","hentry"],"post_mailing_queue_ids":[],"_links":{"self":[{"href":"https:\/\/agora.xtec.cat\/esc-vilamalla-josepderibot\/wp-json\/wp\/v2\/pages\/38","targetHints":{"allow":["GET"]}}],"collection":[{"href":"https:\/\/agora.xtec.cat\/esc-vilamalla-josepderibot\/wp-json\/wp\/v2\/pages"}],"about":[{"href":"https:\/\/agora.xtec.cat\/esc-vilamalla-josepderibot\/wp-json\/wp\/v2\/types\/page"}],"author":[{"embeddable":true,"href":"https:\/\/agora.xtec.cat\/esc-vilamalla-josepderibot\/wp-json\/wp\/v2\/users\/1"}],"replies":[{"embeddable":true,"href":"https:\/\/agora.xtec.cat\/esc-vilamalla-josepderibot\/wp-json\/wp\/v2\/comments?post=38"}],"version-history":[{"count":3,"href":"https:\/\/agora.xtec.cat\/esc-vilamalla-josepderibot\/wp-json\/wp\/v2\/pages\/38\/revisions"}],"predecessor-version":[{"id":937,"href":"https:\/\/agora.xtec.cat\/esc-vilamalla-josepderibot\/wp-json\/wp\/v2\/pages\/38\/revisions\/937"}],"up":[{"embeddable":true,"href":"https:\/\/agora.xtec.cat\/esc-vilamalla-josepderibot\/wp-json\/wp\/v2\/pages\/22"}],"wp:attachment":[{"href":"https:\/\/agora.xtec.cat\/esc-vilamalla-josepderibot\/wp-json\/wp\/v2\/media?parent=38"}],"curies":[{"name":"wp","href":"https:\/\/api.w.org\/{rel}","templated":true}]}}