{"id":36,"date":"2014-09-18T12:33:11","date_gmt":"2014-09-18T10:33:11","guid":{"rendered":"http:\/\/agora.xtec.cat\/esc-vilamalla-josepderibot\/?page_id=36"},"modified":"2026-04-10T12:53:42","modified_gmt":"2026-04-10T10:53:42","slug":"fulls-informatius","status":"publish","type":"page","link":"https:\/\/agora.xtec.cat\/esc-vilamalla-josepderibot\/lescola\/fulls-informatius\/","title":{"rendered":"Fulls informatius"},"content":{"rendered":"<p style=\"text-align: justify;\">En aquesta p\u00e0gina, us anirem enlla\u00e7ant els fulls informatius de cada mes de l&#8217;escola. L&#8217;alumnat de 6\u00e8 protagonitzen <strong>L&#8217;ESCOLA INFORMA<\/strong> per mantenir-nos actualitzats sobre les not\u00edcies del mes de l&#8217;escola, ara tamb\u00e9 en format v\u00eddeo!<\/p>\n<ul>\n<li><a href=\"https:\/\/drive.google.com\/file\/d\/1zqOu-UouLJxNtLPRwwu4KQfEw7wPOSZB\/view?usp=sharing\" target=\"_blank\" rel=\"noopener\">FULL INFORMATIU ABRIL<\/a><\/li>\n<li><a href=\"https:\/\/youtu.be\/Fmetht6MedE\" target=\"_blank\" rel=\"noopener\">V\u00cdDEO INFORMATIU ABRIL<\/a><\/li>\n<\/ul>\n<p>&nbsp;<\/p>\n<ul>\n<li><a href=\"https:\/\/drive.google.com\/file\/d\/1IlyTGy2aVcNW9kpPZoxCjn_Hh-AsZr1f\/view?usp=sharing\" target=\"_blank\" rel=\"noopener\">FULL INFORMATIU MAR\u00c7<\/a><\/li>\n<li><a href=\"https:\/\/youtu.be\/7GokJBSYf3o\" target=\"_blank\" rel=\"noopener\">V\u00cdDEO INFORMATIU MAR\u00c7<\/a><\/li>\n<\/ul>\n<p>&nbsp;<\/p>\n<ul>\n<li><a href=\"https:\/\/drive.google.com\/file\/d\/15y4Qvyg8Pg17Zh2cHYnOo4a4rGTnfQ3P\/view?usp=sharing\" target=\"_blank\" rel=\"noopener\">FULL INFORMATIU FEBRER<\/a><\/li>\n<li><a href=\"https:\/\/youtu.be\/wn_PkAN29vk\" target=\"_blank\" rel=\"noopener\">V\u00cdDEO INFORMATIU FEBRER<\/a><\/li>\n<\/ul>\n<p>&nbsp;<\/p>\n<ul>\n<li><a href=\"https:\/\/drive.google.com\/file\/d\/18FnsaY4ybvD89LXvxIN8Skq7ehnKo55b\/view?usp=drive_link\" target=\"_blank\" rel=\"noopener\">FULL INFORMATIU GENER<\/a><\/li>\n<li><a href=\"https:\/\/youtu.be\/RgFMsYBK6zI\" target=\"_blank\" rel=\"noopener\">V\u00cdDEO INFORMATIU GENER<\/a><\/li>\n<\/ul>\n<p>&nbsp;<\/p>\n<ul>\n<li><a href=\"https:\/\/drive.google.com\/file\/d\/1ZMoB9vzKP7yhPCcLTrv22gmgkQFR7sqF\/view?usp=drive_link\" target=\"_blank\" rel=\"noopener\">FULL INFORMATIU DESEMBRE<\/a><\/li>\n<li><a href=\"https:\/\/youtu.be\/EucDthiM3SA\" target=\"_blank\" rel=\"noopener\">V\u00cdDEO INFORMATIU DESEMBRE<\/a><\/li>\n<\/ul>\n<p>&nbsp;<\/p>\n<ul>\n<li><a href=\"https:\/\/drive.google.com\/file\/d\/1y8PtiDmSoDjL_7iNwgC_sazVP9fBFj0N\/view?usp=sharing\" target=\"_blank\" rel=\"noopener\">FULL INFORMATIU NOVEMBRE<\/a><\/li>\n<li><a href=\"https:\/\/youtu.be\/bPQ3n7QRLrY\" target=\"_blank\" rel=\"noopener\">V\u00cdDEO INFORMATIU NOVEMBRE<\/a><\/li>\n<\/ul>\n<p>&nbsp;<\/p>\n<ul>\n<li><a href=\"https:\/\/drive.google.com\/file\/d\/1a0EvzjjpCT7PpuPduDvHgbqSJ5C_fp9T\/view?usp=sharing\" target=\"_blank\" rel=\"noopener\">FULL INFORMATIU OCTUBRE<\/a><\/li>\n<li><a href=\"https:\/\/youtu.be\/-YDTS0Jx-Mc\" target=\"_blank\" rel=\"noopener\">V\u00cdDEO INFORMATIU OCTUBRE<\/a><\/li>\n<\/ul>\n<p>&nbsp;<\/p>\n<ul>\n<li><a href=\"https:\/\/drive.google.com\/file\/d\/1tjIzEXlzejkhdEZRJZ79pRv-w4h9V54l\/view?usp=drive_link\" target=\"_blank\" rel=\"noopener\">FULL INFORMATIU SETEMBRE<\/a><\/li>\n<li><a href=\"https:\/\/youtu.be\/OaB5ApqYkTU\" target=\"_blank\" rel=\"noopener\">V\u00cdDEO INFORMATIU SETEMBRE<\/a><\/li>\n<\/ul>\n<p><!--a=1--><\/p>\n<p><!--a=1--><\/p>\n<p><!--a=1--><\/p>\n<p><!--a=1--><\/p>\n","protected":false},"excerpt":{"rendered":"<p>En aquesta p\u00e0gina, us anirem enlla\u00e7ant els fulls informatius de cada mes de l&#8217;escola. L&#8217;alumnat de 6\u00e8 protagonitzen L&#8217;ESCOLA INFORMA per mantenir-nos actualitzats sobre les not\u00edcies del mes de l&#8217;escola, ara tamb\u00e9 en format v\u00eddeo!<\/p>\n<ul>\n<li><a href=\"https:\/\/drive.google.com\/file\/d\/1zqOu-UouLJxNtLPRwwu4KQfEw7wPOSZB\/view?usp=sharing\" target=\"_blank\" rel=\"noopener\">FULL INFORMATIU ABRIL<\/a><\/li>\n<li><a href=\"https:\/\/youtu.be\/Fmetht6MedE\" target=\"_blank\" rel=\"noopener\">V\u00cdDEO INFORMATIU ABRIL<\/a><\/li>\n<\/ul>\n<p>&nbsp;<\/p>\n<ul>\n<li><a&hellip;  <a href=\"https:\/\/agora.xtec.cat\/esc-vilamalla-josepderibot\/lescola\/fulls-informatius\/\" title=\"Read Fulls informatius\">Llegeix m\u00e9s\u00bb<\/a><br \/>\n","protected":false},"author":1,"featured_media":0,"parent":22,"menu_order":4,"comment_status":"closed","ping_status":"closed","template":"page-templates\/side-menu.php","meta":{"_bbp_topic_count":0,"_bbp_reply_count":0,"_bbp_total_topic_count":0,"_bbp_total_reply_count":0,"_bbp_voice_count":0,"_bbp_anonymous_reply_count":0,"_bbp_topic_count_hidden":0,"_bbp_reply_count_hidden":0,"_bbp_forum_subforum_count":0,"footnotes":""},"class_list":["post-36","page","type-page","status-publish","hentry"],"post_mailing_queue_ids":[],"_links":{"self":[{"href":"https:\/\/agora.xtec.cat\/esc-vilamalla-josepderibot\/wp-json\/wp\/v2\/pages\/36","targetHints":{"allow":["GET"]}}],"collection":[{"href":"https:\/\/agora.xtec.cat\/esc-vilamalla-josepderibot\/wp-json\/wp\/v2\/pages"}],"about":[{"href":"https:\/\/agora.xtec.cat\/esc-vilamalla-josepderibot\/wp-json\/wp\/v2\/types\/page"}],"author":[{"embeddable":true,"href":"https:\/\/agora.xtec.cat\/esc-vilamalla-josepderibot\/wp-json\/wp\/v2\/users\/1"}],"replies":[{"embeddable":true,"href":"https:\/\/agora.xtec.cat\/esc-vilamalla-josepderibot\/wp-json\/wp\/v2\/comments?post=36"}],"version-history":[{"count":8,"href":"https:\/\/agora.xtec.cat\/esc-vilamalla-josepderibot\/wp-json\/wp\/v2\/pages\/36\/revisions"}],"predecessor-version":[{"id":20784,"href":"https:\/\/agora.xtec.cat\/esc-vilamalla-josepderibot\/wp-json\/wp\/v2\/pages\/36\/revisions\/20784"}],"up":[{"embeddable":true,"href":"https:\/\/agora.xtec.cat\/esc-vilamalla-josepderibot\/wp-json\/wp\/v2\/pages\/22"}],"wp:attachment":[{"href":"https:\/\/agora.xtec.cat\/esc-vilamalla-josepderibot\/wp-json\/wp\/v2\/media?parent=36"}],"curies":[{"name":"wp","href":"https:\/\/api.w.org\/{rel}","templated":true}]}}