{"id":34,"date":"2014-09-18T12:32:18","date_gmt":"2014-09-18T10:32:18","guid":{"rendered":"http:\/\/agora.xtec.cat\/esc-vilamalla-josepderibot\/?page_id=34"},"modified":"2024-07-12T11:35:36","modified_gmt":"2024-07-12T09:35:36","slug":"projecte-educatiu","status":"publish","type":"page","link":"https:\/\/agora.xtec.cat\/esc-vilamalla-josepderibot\/lescola\/projecte-educatiu\/","title":{"rendered":"Projecte educatiu"},"content":{"rendered":"<p>El projecte educatiu de centre (PEC) \u00e9s el document que defineix com funciona un centre educatiu. Inclou els principis rectors que el diferencien d\u2019altres centres, adaptats a la realitat de l\u2019entorn del seu alumnat i d\u2019acord amb les conviccions pedag\u00f2giques dels seus docents.<\/p>\n<p>EL PEC \u00e9s un document viu. En aquest espai s\u2019hi publica l\u2019\u00faltima versi\u00f3. Aquest document \u00e9s el que elaborem per a les fam\u00edlies, recull els punts m\u00e9s importants extrets del document complert del centre.<\/p>\n<p><a href=\"https:\/\/drive.google.com\/file\/d\/13McuxoRH5Yv72KC3A5n_iDCMoPwTFOHt\/view?usp=sharing\" target=\"_blank\" rel=\"noopener\"><img loading=\"lazy\" decoding=\"async\" class=\"aligncenter wp-image-19888 size-large\" src=\"https:\/\/agora.xtec.cat\/esc-vilamalla-josepderibot\/wp-content\/uploads\/usu1900\/2024\/07\/PEC-VILAMALLA-_Portada-1024x576.png\" alt=\"\" width=\"1024\" height=\"576\" srcset=\"https:\/\/agora.xtec.cat\/esc-vilamalla-josepderibot\/wp-content\/uploads\/usu1900\/2024\/07\/PEC-VILAMALLA-_Portada-1024x576.png 1024w, https:\/\/agora.xtec.cat\/esc-vilamalla-josepderibot\/wp-content\/uploads\/usu1900\/2024\/07\/PEC-VILAMALLA-_Portada-300x169.png 300w, https:\/\/agora.xtec.cat\/esc-vilamalla-josepderibot\/wp-content\/uploads\/usu1900\/2024\/07\/PEC-VILAMALLA-_Portada-768x432.png 768w, https:\/\/agora.xtec.cat\/esc-vilamalla-josepderibot\/wp-content\/uploads\/usu1900\/2024\/07\/PEC-VILAMALLA-_Portada-1536x864.png 1536w, https:\/\/agora.xtec.cat\/esc-vilamalla-josepderibot\/wp-content\/uploads\/usu1900\/2024\/07\/PEC-VILAMALLA-_Portada.png 1920w\" sizes=\"auto, (max-width: 1024px) 100vw, 1024px\" \/><\/a><\/p>\n","protected":false},"excerpt":{"rendered":"<p>El projecte educatiu de centre (PEC) \u00e9s el document que defineix com funciona un centre educatiu. Inclou els principis rectors que el diferencien d\u2019altres centres, adaptats a la realitat de l\u2019entorn del seu alumnat i d\u2019acord amb les conviccions pedag\u00f2giques dels seus docents.<br \/>\nEL PEC \u00e9s&hellip;  <a href=\"https:\/\/agora.xtec.cat\/esc-vilamalla-josepderibot\/lescola\/projecte-educatiu\/\" title=\"Read Projecte educatiu\">Llegeix m\u00e9s\u00bb<\/a><\/p>\n","protected":false},"author":1,"featured_media":0,"parent":22,"menu_order":7,"comment_status":"closed","ping_status":"closed","template":"page-templates\/side-menu.php","meta":{"_bbp_topic_count":0,"_bbp_reply_count":0,"_bbp_total_topic_count":0,"_bbp_total_reply_count":0,"_bbp_voice_count":0,"_bbp_anonymous_reply_count":0,"_bbp_topic_count_hidden":0,"_bbp_reply_count_hidden":0,"_bbp_forum_subforum_count":0,"footnotes":""},"class_list":["post-34","page","type-page","status-publish","hentry"],"post_mailing_queue_ids":[],"_links":{"self":[{"href":"https:\/\/agora.xtec.cat\/esc-vilamalla-josepderibot\/wp-json\/wp\/v2\/pages\/34","targetHints":{"allow":["GET"]}}],"collection":[{"href":"https:\/\/agora.xtec.cat\/esc-vilamalla-josepderibot\/wp-json\/wp\/v2\/pages"}],"about":[{"href":"https:\/\/agora.xtec.cat\/esc-vilamalla-josepderibot\/wp-json\/wp\/v2\/types\/page"}],"author":[{"embeddable":true,"href":"https:\/\/agora.xtec.cat\/esc-vilamalla-josepderibot\/wp-json\/wp\/v2\/users\/1"}],"replies":[{"embeddable":true,"href":"https:\/\/agora.xtec.cat\/esc-vilamalla-josepderibot\/wp-json\/wp\/v2\/comments?post=34"}],"version-history":[{"count":4,"href":"https:\/\/agora.xtec.cat\/esc-vilamalla-josepderibot\/wp-json\/wp\/v2\/pages\/34\/revisions"}],"predecessor-version":[{"id":19889,"href":"https:\/\/agora.xtec.cat\/esc-vilamalla-josepderibot\/wp-json\/wp\/v2\/pages\/34\/revisions\/19889"}],"up":[{"embeddable":true,"href":"https:\/\/agora.xtec.cat\/esc-vilamalla-josepderibot\/wp-json\/wp\/v2\/pages\/22"}],"wp:attachment":[{"href":"https:\/\/agora.xtec.cat\/esc-vilamalla-josepderibot\/wp-json\/wp\/v2\/media?parent=34"}],"curies":[{"name":"wp","href":"https:\/\/api.w.org\/{rel}","templated":true}]}}