{"id":30,"date":"2014-09-18T12:30:23","date_gmt":"2014-09-18T11:30:23","guid":{"rendered":"http:\/\/agora.xtec.cat\/esc-vilamalla-josepderibot\/?page_id=30"},"modified":"2023-10-02T12:37:14","modified_gmt":"2023-10-02T10:37:14","slug":"instal%c2%b7lacions","status":"publish","type":"page","link":"https:\/\/agora.xtec.cat\/esc-vilamalla-josepderibot\/lescola\/instal%c2%b7lacions\/","title":{"rendered":"Presentaci\u00f3"},"content":{"rendered":"<div style=\"text-align: justify;\">\n<h3><strong><span style=\"color: #ff0000;\">NOU EDIFICI!<\/span><\/strong><\/h3>\n<p><a href=\"https:\/\/agora.xtec.cat\/esc-vilamalla-josepderibot\/lescola\/on-som\/\" target=\"_blank\" rel=\"noopener\"><img loading=\"lazy\" decoding=\"async\" class=\"alignleft wp-image-19374 size-medium\" src=\"https:\/\/agora.xtec.cat\/esc-vilamalla-josepderibot\/wp-content\/uploads\/usu1900\/2023\/10\/ESCOLA-NOVA-WEB-300x225.jpg\" alt=\"\" width=\"300\" height=\"225\" srcset=\"https:\/\/agora.xtec.cat\/esc-vilamalla-josepderibot\/wp-content\/uploads\/usu1900\/2023\/10\/ESCOLA-NOVA-WEB-300x225.jpg 300w, https:\/\/agora.xtec.cat\/esc-vilamalla-josepderibot\/wp-content\/uploads\/usu1900\/2023\/10\/ESCOLA-NOVA-WEB-200x150.jpg 200w, https:\/\/agora.xtec.cat\/esc-vilamalla-josepderibot\/wp-content\/uploads\/usu1900\/2023\/10\/ESCOLA-NOVA-WEB.jpg 640w\" sizes=\"auto, (max-width: 300px) 100vw, 300px\" \/><\/a><\/p>\n<p>&nbsp;<\/p>\n<p>&nbsp;<\/p>\n<p>&nbsp;<\/p>\n<p>&nbsp;<\/p>\n<p>&nbsp;<\/p>\n<p>&nbsp;<\/p>\n<h3><strong>HIST\u00d2RIA ANTERIOR<\/strong><\/h3>\n<p>La nostra escola deu el seu nom a la persona que va cedir el terreny per construir-la, Josep de Ribot i Olivas. L\u2019Escola est\u00e0 situada al marge dret de la carretera que, sortint de Vilamalla, condueix a Siurana i a Garrig\u00e0s.<\/p>\n<p>El seu creixement al llarg dels cursos ha estat molt significatiu:<\/p>\n<p>&#8211; Curs 99-00: tres aules<\/p>\n<p>&#8211; Curs 00-01: quatre aules<\/p>\n<p>&#8211; Curs 03-04: cinc aules<\/p>\n<p>&#8211; Curs 05-06: sis aules<\/p>\n<p>&#8211; Curs 06-07: set aules<\/p>\n<p>&#8211; Curs 08-09: vuit aules<\/p>\n<p>&#8211; Curs 10-11: 8 aules<\/p>\n<p>&#8211; A partir del curs 11-12 i fins a l&#8217;actualitat: 9 aules (escola d&#8217;una l\u00ednia)<\/p>\n<p>Cont\u00ednuament s\u2019han hagut d\u2019ampliar les instal\u00b7lacions, aix\u00f2 fa que a m\u00e9s de l\u2019edifici central disposem de tres m\u00f2duls prefabricats amb dues aules i despatx i un m\u00f2dul amb una aula i despatx. Tamb\u00e9 disposem d\u2019aula d\u2019inform\u00e0tica, sala de mestres, biblioteca escolar i aula polivalent.<\/p>\n<p>El curs 2008-09 es varen adquirir, amb l\u2019ajut dels pares i mares, de la ZER i de l\u2019Ajuntament, tres pissarres digitals que estan actualment en ple funcionament a les aules de CM i CS. Segons disponibilitat hor\u00e0ria, qualsevol altre grup del centre pot fer-ne \u00fas. Amb els anys tamb\u00e9 s&#8217;han anat dotant la resta d&#8217;aules de pissarres digitals port\u00e0tils, projectors, pantalles, ordinadors&#8230;<\/p>\n<p>El nombre total d\u2019alumnes \u00e9s 128. La majoria viuen a la zona residencial del pol\u00edgon Pont del Pr\u00edncep i la resta provenen del nucli antic del poble, de Siurana i de Figueres. L\u2019escola disposa de menjador escolar amb servei de c\u00e0tering.<\/p>\n<p>La nostra escola formava part de la ZER Canig\u00f3 amb la qual cosa treball\u00e0vem de manera conjunta amb les escoles de El Far, Vilabertran i Cabanes. Per\u00f2 ara ja fa uns anys que la nostra ZER es va disgregar degut al gran nombre d&#8217;alumnes que tenim per escola; essent l&#8217;escola de Vilamalla la m\u00e9s gran de totes.<\/p>\n<p>L\u2019escola Josep de Ribot i Olivas compta sempre amb el suport de l\u2019AMPA en tot el que s\u2019organitza aix\u00ed com el de l\u2019Ajuntament del poble.<\/p>\n<div><a href=\"https:\/\/sites.google.com\/a\/xtec.cat\/escolavilamalla\/PRESENTACI\/IMGP2885.JPG?attredirects=0\"><img decoding=\"async\" src=\"https:\/\/sites.google.com\/a\/xtec.cat\/escolavilamalla\/_\/rsrc\/1302869875939\/PRESENTACI\/IMGP2885.JPG\" border=\"0\" \/><\/a><\/div>\n<\/div>\n<div style=\"text-align: justify;\">\n<p>&nbsp;<\/p>\n<p>Vilamalla \u00e9s un poble situat al cor de l\u2019Empord\u00e0, a tan sols 6 km de Figueres. La poblaci\u00f3 resideix en dues zones diferenciades. Per una banda hi ha el nucli antic del que tamb\u00e9 en forma part el Barri de l\u2019estaci\u00f3 de tren. De l\u2019altra, el Pol\u00edgon residencial Pont del Pr\u00edncep, que s\u2019ha anat desenvolupant des dels anys 80.<\/p>\n<div>\n<p><img decoding=\"async\" src=\"https:\/\/sites.google.com\/a\/xtec.cat\/escolavilamalla\/_\/rsrc\/1302869875976\/PRESENTACI\/vilamalla.jpg\" border=\"0\" \/><\/p>\n<\/div>\n<div><a href=\"https:\/\/sites.google.com\/a\/xtec.cat\/escolavilamalla\/PRESENTACI\/pol%C3%ADgon.jpg?attredirects=0\"><img decoding=\"async\" src=\"https:\/\/sites.google.com\/a\/xtec.cat\/escolavilamalla\/_\/rsrc\/1504719854548\/PRESENTACI\/pol%C3%ADgon.jpg\" border=\"0\" \/><\/a><\/div>\n<p>&nbsp;<\/p>\n<p><strong>Economia<\/strong><\/p>\n<p>Fins fa poques d\u00e8cades Vilamalla era un poble eminentment agr\u00edcola i ramader, per\u00f2 anys cap aqu\u00ed s\u2019han format dos pol\u00edgons industrials que han canviat l\u2019economia dels vilamallencs. S\u00f3n el Pol\u00edgon Industrial Pont del Pr\u00edncep i el Pol\u00edgon Empord\u00e0 Internacional.<\/p>\n<p><strong>Serveis i instal\u00b7lacions<\/strong><\/p>\n<p>Vilamalla t\u00e9 molta poblaci\u00f3 jove, sobretot per la gran zona residencial creada en els \u00faltims temps i pels llocs de treball que generen les empreses ubicades al poble. Durant els \u00faltims anys s\u2019est\u00e0 registrant una pujada cont\u00ednua del cens de poblaci\u00f3. Aix\u00f2 ha suposat l\u2019ampliaci\u00f3 dels serveis. L\u2019Escola Josep de Ribot i Olivas gaudeix gaireb\u00e9 d\u2019una l\u00ednia completa amb m\u00e9s d\u2019un centenar d\u2019alumnes, i est\u00e0 previst que les seves instal\u00b7lacions s\u2019ampli\u00efn properament. En el seu recinte tamb\u00e9 hi ha un pavell\u00f3 i una pista poliesportiva. Al pol\u00edgon hi ha una zona esportiva amb un pavell\u00f3 nou de gran aforament, les instal\u00b7lacions del FC Vilamalla i la piscina descoberta. Tamb\u00e9 hi ha un parc de salut, un camp de minigolf i nombrosos parcs infantils.<\/p>\n<\/div>\n<p><a href=\"https:\/\/sites.google.com\/a\/xtec.cat\/escolavilamalla\/PRESENTACI\/MG_8871-retallada-935x393.jpg?attredirects=0\"><img decoding=\"async\" src=\"https:\/\/sites.google.com\/a\/xtec.cat\/escolavilamalla\/_\/rsrc\/1504720024309\/PRESENTACI\/MG_8871-retallada-935x393.jpg\" border=\"0\" \/><\/a><\/p>\n<div id=\"sites-canvas-main\" style=\"text-align: justify;\"><\/div>\n<p>&nbsp;<\/p>\n","protected":false},"excerpt":{"rendered":"<p>NOU EDIFICI!<br \/>\n<a href=\"https:\/\/agora.xtec.cat\/esc-vilamalla-josepderibot\/lescola\/on-som\/\" target=\"_blank\" rel=\"noopener\"><\/a><br \/>\n&nbsp;<br \/>\n&nbsp;<br \/>\n&nbsp;<br \/>\n&nbsp;<br \/>\n&nbsp;<br \/>\n&nbsp;<br \/>\nHIST\u00d2RIA ANTERIOR<br \/>\nLa nostra escola deu el seu nom a la persona que va cedir el terreny per construir-la, Josep de Ribot i Olivas. L\u2019Escola est\u00e0 situada al marge dret de la carretera que, sortint de Vilamalla, condueix a Siurana i a&hellip;  <a href=\"https:\/\/agora.xtec.cat\/esc-vilamalla-josepderibot\/lescola\/instal%c2%b7lacions\/\" title=\"Read Presentaci\u00f3\">Llegeix m\u00e9s\u00bb<\/a><\/p>\n","protected":false},"author":1,"featured_media":0,"parent":22,"menu_order":1,"comment_status":"closed","ping_status":"closed","template":"page-templates\/side-menu.php","meta":{"_bbp_topic_count":0,"_bbp_reply_count":0,"_bbp_total_topic_count":0,"_bbp_total_reply_count":0,"_bbp_voice_count":0,"_bbp_anonymous_reply_count":0,"_bbp_topic_count_hidden":0,"_bbp_reply_count_hidden":0,"_bbp_forum_subforum_count":0,"footnotes":""},"class_list":["post-30","page","type-page","status-publish","hentry"],"post_mailing_queue_ids":[],"_links":{"self":[{"href":"https:\/\/agora.xtec.cat\/esc-vilamalla-josepderibot\/wp-json\/wp\/v2\/pages\/30","targetHints":{"allow":["GET"]}}],"collection":[{"href":"https:\/\/agora.xtec.cat\/esc-vilamalla-josepderibot\/wp-json\/wp\/v2\/pages"}],"about":[{"href":"https:\/\/agora.xtec.cat\/esc-vilamalla-josepderibot\/wp-json\/wp\/v2\/types\/page"}],"author":[{"embeddable":true,"href":"https:\/\/agora.xtec.cat\/esc-vilamalla-josepderibot\/wp-json\/wp\/v2\/users\/1"}],"replies":[{"embeddable":true,"href":"https:\/\/agora.xtec.cat\/esc-vilamalla-josepderibot\/wp-json\/wp\/v2\/comments?post=30"}],"version-history":[{"count":5,"href":"https:\/\/agora.xtec.cat\/esc-vilamalla-josepderibot\/wp-json\/wp\/v2\/pages\/30\/revisions"}],"predecessor-version":[{"id":19376,"href":"https:\/\/agora.xtec.cat\/esc-vilamalla-josepderibot\/wp-json\/wp\/v2\/pages\/30\/revisions\/19376"}],"up":[{"embeddable":true,"href":"https:\/\/agora.xtec.cat\/esc-vilamalla-josepderibot\/wp-json\/wp\/v2\/pages\/22"}],"wp:attachment":[{"href":"https:\/\/agora.xtec.cat\/esc-vilamalla-josepderibot\/wp-json\/wp\/v2\/media?parent=30"}],"curies":[{"name":"wp","href":"https:\/\/api.w.org\/{rel}","templated":true}]}}