{"id":22,"date":"2014-09-18T12:19:57","date_gmt":"2014-09-18T11:19:57","guid":{"rendered":"http:\/\/agora.xtec.cat\/esc-vilamalla-josepderibot\/?page_id=22"},"modified":"2019-10-23T10:53:20","modified_gmt":"2019-10-23T08:53:20","slug":"lescola","status":"publish","type":"page","link":"https:\/\/agora.xtec.cat\/esc-vilamalla-josepderibot\/lescola\/","title":{"rendered":"L&#8217;ESCOLA"},"content":{"rendered":"<div class=\"entry-content\">\n<p>Al segle XIX, ajuntament i escola no disposaven d\u2019un edifici propi i, per tant, ambdues institucions havien de compartir un local de lloguer. Els pocs ingressos del municipi feien del tot impossible invertir en la construcci\u00f3 d\u2019un immoble nou destinat a escoles. Al llarg de l\u2019\u00faltim ter\u00e7 del segle XIX, les escoles s\u2019ubicaven en immobles arrendats per pocs anys i amb unes condicions higi\u00e8niques m\u00ednimes. Entre el 1885 i el 1902 l\u2019escola \u00e9s ubicada en tres locals diferents: en un edifici del carrer de Figueres propietat de Pau Isern; en un immoble de Teresa Planes, on tamb\u00e9 hi havia habilitada una habitaci\u00f3 com a sala d\u2019actes de l\u2019Ajuntament, i, finalment en un local propietat de Joaquim Peix.L\u2019Ajuntament intent\u00e0 en diverses ocasions habilitar un edifici propi per a les escoles, per\u00f2 el pressupost municipal era insuficient per cobrir-ne totes les despeses.<\/p>\n<p>L\u2019any 1910 es va sol\u00b7licitar una subvenci\u00f3 al Ministerio de Instrucci\u00f3n P\u00fablica per poder construir un local escolar, per\u00f2 la petici\u00f3 els va ser denegada. Fins el 1915 Josep Peix Sim\u00f3n continua essent l\u2019arrendador del local per les escoles. Per\u00f2 a partir d\u2019aquesta data no se n\u2019ha trobat cap m\u00e9s refer\u00e8ncia, la qual cosa fa pensar que l\u2019escola va restar ubicada en el mateix indret fins a l\u2019\u00e8poca de la II Rep\u00fablica.<\/p>\n<p>La construcci\u00f3 d\u2019un edifici destinat exclusivament per a les escoles continuava essent un tema prioritari, el 1934 es van comen\u00e7ar les gestions per adquirir un solar i, el setembre del mateix any, l\u2019arquitecte oficial del Ministerio de Instrucci\u00f3n P\u00fablica, E. Echevarr\u00eda, va visitar el municipi per estudiar-ne la ubicaci\u00f3. L\u2019any 1936 s\u2019aprov\u00e0 per Ple municipal que l\u2019indret on es situarien les futures escoles seria a la finca El Serrat, propietat de Joaquim Vaireda Olivas. Per\u00f2 totes les gestions van quedar aturades per l\u2019adveniment de la Guerra Civil. Durant el conflicte b\u00e8l\u00b7lic, es confisc\u00e0 el local social de l\u2019entitat L\u2019Espiga on s\u2019hi van dur a terme un seguit de reformes per tal destinar-lo a escola, fins que el 29 de desembre de 1936, l\u2019inspector de Primera Ensenyan\u00e7a va donar l\u2019autoritzaci\u00f3 per a traslladar-hi el mobiliari escolar. Durant la guerra es va decidir que els p\u00e0rvuls havien de restar a l\u2019escola vella del carrer de Borrass\u00e0 i que els m\u00e9s grans s\u2019havien de traslladar al local confiscat. En acabar la Guerra Civil i fins el 1958 l\u2019escola va restar ubicada, amb algunes reformes, en un edifici de lloguer propietat de Josep Peix Sim\u00f3n.<\/p>\n<div><a href=\"https:\/\/sites.google.com\/a\/xtec.cat\/escolavilamalla\/histria\/IMGP7618.JPG?attredirects=0\"><img decoding=\"async\" class=\"aligncenter\" src=\"https:\/\/sites.google.com\/a\/xtec.cat\/escolavilamalla\/histria\/IMGP7618.JPG\" border=\"0\" \/><\/a><\/div>\n<p>Gr\u00e0cies a la Ley de Construcciones Escolares es va impulsar la construcci\u00f3 d\u2019un edifici destinat exclusivament a escoles. El projecte es va encarregar a l\u2019arquitecte Josep Claret Rubira i el solar on s\u2019ubicaria la futura escola mixta cedit per Josep Ribot Olivas. El 10 de juliol de 1970 es van acabar les obres. El 1973 se li va donar el nom d\u2019Escola Mixta Josep de Ribot Olivas.<\/p>\n<\/div>\n<footer class=\"entry-footer\">\n<div class=\"edit-link\"><a class=\"post-edit-link\" href=\"https:\/\/agora.xtec.cat\/esc-vilamalla-josepderibot\/wp-admin\/post.php?post=26&amp;action=edit\">Edita<\/a><\/div>\n<\/footer>\n","protected":false},"excerpt":{"rendered":"<p>Al segle XIX, ajuntament i escola no disposaven d\u2019un edifici propi i, per tant, ambdues institucions havien de compartir un local de lloguer. Els pocs ingressos del municipi feien del tot impossible invertir en la construcci\u00f3 d\u2019un immoble nou destinat a escoles. Al llarg de&hellip;  <a href=\"https:\/\/agora.xtec.cat\/esc-vilamalla-josepderibot\/lescola\/\" title=\"Read L&#8217;ESCOLA\">Llegeix m\u00e9s\u00bb<\/a><\/p>\n","protected":false},"author":1,"featured_media":0,"parent":0,"menu_order":0,"comment_status":"closed","ping_status":"closed","template":"page-templates\/side-menu.php","meta":{"_bbp_topic_count":0,"_bbp_reply_count":0,"_bbp_total_topic_count":0,"_bbp_total_reply_count":0,"_bbp_voice_count":0,"_bbp_anonymous_reply_count":0,"_bbp_topic_count_hidden":0,"_bbp_reply_count_hidden":0,"_bbp_forum_subforum_count":0,"footnotes":""},"class_list":["post-22","page","type-page","status-publish","hentry"],"post_mailing_queue_ids":[],"_links":{"self":[{"href":"https:\/\/agora.xtec.cat\/esc-vilamalla-josepderibot\/wp-json\/wp\/v2\/pages\/22","targetHints":{"allow":["GET"]}}],"collection":[{"href":"https:\/\/agora.xtec.cat\/esc-vilamalla-josepderibot\/wp-json\/wp\/v2\/pages"}],"about":[{"href":"https:\/\/agora.xtec.cat\/esc-vilamalla-josepderibot\/wp-json\/wp\/v2\/types\/page"}],"author":[{"embeddable":true,"href":"https:\/\/agora.xtec.cat\/esc-vilamalla-josepderibot\/wp-json\/wp\/v2\/users\/1"}],"replies":[{"embeddable":true,"href":"https:\/\/agora.xtec.cat\/esc-vilamalla-josepderibot\/wp-json\/wp\/v2\/comments?post=22"}],"version-history":[{"count":3,"href":"https:\/\/agora.xtec.cat\/esc-vilamalla-josepderibot\/wp-json\/wp\/v2\/pages\/22\/revisions"}],"predecessor-version":[{"id":863,"href":"https:\/\/agora.xtec.cat\/esc-vilamalla-josepderibot\/wp-json\/wp\/v2\/pages\/22\/revisions\/863"}],"wp:attachment":[{"href":"https:\/\/agora.xtec.cat\/esc-vilamalla-josepderibot\/wp-json\/wp\/v2\/media?parent=22"}],"curies":[{"name":"wp","href":"https:\/\/api.w.org\/{rel}","templated":true}]}}