{"id":741,"date":"2021-12-07T07:12:46","date_gmt":"2021-12-07T06:12:46","guid":{"rendered":"https:\/\/agora.xtec.cat\/esc-unamuno\/?page_id=741"},"modified":"2021-12-27T17:50:16","modified_gmt":"2021-12-27T16:50:16","slug":"__trashed","status":"publish","type":"page","link":"https:\/\/agora.xtec.cat\/esc-unamuno\/projecte-educatiu\/__trashed\/","title":{"rendered":"Escola Formadora"},"content":{"rendered":"<p>La nostra escola forma part del P<span style=\"font-weight: 400;\">la Pilot de Millora de les pr\u00e0ctiques del Grau d\u2019Educaci\u00f3 Prim\u00e0ria de la Universitat de Barcelona. <\/span><span style=\"font-weight: 400;\">La finalitat d\u2019aquest pla pilot \u00e9s que l\u2019estudiant atorgui sentit professional a aquest per\u00edode d\u2019estada a l\u2019escola basant-se en 3 \u00e0mbits essencials:\u00a0<\/span><\/p>\n<ol>\n<li>Acollida, acompanyament i comunicaci\u00f3.<\/li>\n<li>Participaci\u00f3 dels estudiants als equips pedag\u00f2gics i a les activitats d&#8217;aula.<\/li>\n<li>Interacci\u00f3 entre la persona mentora, la persona tutora de la <span style=\"font-family: inherit; font-size: 1em;\">universitat i l&#8217;estudiant al llarg del proc\u00e9s.<\/span><\/li>\n<\/ol>\n<p>Acollim estudiants del PRACTICUM I, II, III.<\/p>\n<p><iframe class=\"wp-embedded-content\" sandbox=\"allow-scripts\" security=\"restricted\" title=\"PLA D&#039;ACOLLIDA\" frameborder='0' width='1200' height='675' src='https:\/\/view.genially.com\/6094f201df9ac30cfc2d2b06#?secret=qim1aghJAh' data-secret='qim1aghJAh' scrolling='yes'><\/iframe><\/p>\n","protected":false},"excerpt":{"rendered":"<p>La nostra escola forma part del Pla Pilot de Millora de les pr\u00e0ctiques del Grau d\u2019Educaci\u00f3 Prim\u00e0ria de la Universitat de Barcelona. La finalitat d\u2019aquest pla pilot \u00e9s que l\u2019estudiant atorgui sentit professional a aquest per\u00edode d\u2019estada a l\u2019escola basant-se en 3 \u00e0mbits essencials:\u00a0 Acollida, acompanyament i comunicaci\u00f3. Participaci\u00f3 dels estudiants als equips pedag\u00f2gics i [&hellip;]<\/p>\n","protected":false},"author":1,"featured_media":0,"parent":64,"menu_order":80,"comment_status":"closed","ping_status":"closed","template":"page-templates\/side-menu.php","meta":{"_bbp_topic_count":0,"_bbp_reply_count":0,"_bbp_total_topic_count":0,"_bbp_total_reply_count":0,"_bbp_voice_count":0,"_bbp_anonymous_reply_count":0,"_bbp_topic_count_hidden":0,"_bbp_reply_count_hidden":0,"_bbp_forum_subforum_count":0,"site-sidebar-layout":"default","site-content-layout":"","ast-site-content-layout":"","site-content-style":"default","site-sidebar-style":"default","ast-global-header-display":"","ast-banner-title-visibility":"","ast-main-header-display":"","ast-hfb-above-header-display":"","ast-hfb-below-header-display":"","ast-hfb-mobile-header-display":"","site-post-title":"","ast-breadcrumbs-content":"","ast-featured-img":"","footer-sml-layout":"","theme-transparent-header-meta":"","adv-header-id-meta":"","stick-header-meta":"","header-above-stick-meta":"","header-main-stick-meta":"","header-below-stick-meta":"","astra-migrate-meta-layouts":"default","ast-page-background-enabled":"default","ast-page-background-meta":{"desktop":{"background-color":"var(--ast-global-color-4)","background-image":"","background-repeat":"repeat","background-position":"center center","background-size":"auto","background-attachment":"scroll","background-type":"","background-media":"","overlay-type":"","overlay-color":"","overlay-opacity":"","overlay-gradient":""},"tablet":{"background-color":"","background-image":"","background-repeat":"repeat","background-position":"center center","background-size":"auto","background-attachment":"scroll","background-type":"","background-media":"","overlay-type":"","overlay-color":"","overlay-opacity":"","overlay-gradient":""},"mobile":{"background-color":"","background-image":"","background-repeat":"repeat","background-position":"center center","background-size":"auto","background-attachment":"scroll","background-type":"","background-media":"","overlay-type":"","overlay-color":"","overlay-opacity":"","overlay-gradient":""}},"ast-content-background-meta":{"desktop":{"background-color":"var(--ast-global-color-5)","background-image":"","background-repeat":"repeat","background-position":"center center","background-size":"auto","background-attachment":"scroll","background-type":"","background-media":"","overlay-type":"","overlay-color":"","overlay-opacity":"","overlay-gradient":""},"tablet":{"background-color":"var(--ast-global-color-5)","background-image":"","background-repeat":"repeat","background-position":"center center","background-size":"auto","background-attachment":"scroll","background-type":"","background-media":"","overlay-type":"","overlay-color":"","overlay-opacity":"","overlay-gradient":""},"mobile":{"background-color":"var(--ast-global-color-5)","background-image":"","background-repeat":"repeat","background-position":"center center","background-size":"auto","background-attachment":"scroll","background-type":"","background-media":"","overlay-type":"","overlay-color":"","overlay-opacity":"","overlay-gradient":""}},"footnotes":""},"class_list":["post-741","page","type-page","status-publish","hentry"],"post_mailing_queue_ids":[],"_links":{"self":[{"href":"https:\/\/agora.xtec.cat\/esc-unamuno\/wp-json\/wp\/v2\/pages\/741","targetHints":{"allow":["GET"]}}],"collection":[{"href":"https:\/\/agora.xtec.cat\/esc-unamuno\/wp-json\/wp\/v2\/pages"}],"about":[{"href":"https:\/\/agora.xtec.cat\/esc-unamuno\/wp-json\/wp\/v2\/types\/page"}],"author":[{"embeddable":true,"href":"https:\/\/agora.xtec.cat\/esc-unamuno\/wp-json\/wp\/v2\/users\/1"}],"replies":[{"embeddable":true,"href":"https:\/\/agora.xtec.cat\/esc-unamuno\/wp-json\/wp\/v2\/comments?post=741"}],"version-history":[{"count":3,"href":"https:\/\/agora.xtec.cat\/esc-unamuno\/wp-json\/wp\/v2\/pages\/741\/revisions"}],"predecessor-version":[{"id":1045,"href":"https:\/\/agora.xtec.cat\/esc-unamuno\/wp-json\/wp\/v2\/pages\/741\/revisions\/1045"}],"up":[{"embeddable":true,"href":"https:\/\/agora.xtec.cat\/esc-unamuno\/wp-json\/wp\/v2\/pages\/64"}],"wp:attachment":[{"href":"https:\/\/agora.xtec.cat\/esc-unamuno\/wp-json\/wp\/v2\/media?parent=741"}],"curies":[{"name":"wp","href":"https:\/\/api.w.org\/{rel}","templated":true}]}}