{"id":73,"date":"2014-09-18T14:01:51","date_gmt":"2014-09-18T13:01:51","guid":{"rendered":"http:\/\/agora.xtec.cat\/esc-unamuno\/?page_id=73"},"modified":"2023-10-30T22:47:40","modified_gmt":"2023-10-30T21:47:40","slug":"menjador-escolar","status":"publish","type":"page","link":"https:\/\/agora.xtec.cat\/esc-unamuno\/serveis\/menjador-escolar\/","title":{"rendered":"Menjador escolar"},"content":{"rendered":"<p style=\"text-align: center;\"><strong>RECOMANACIONS PER A UNA ALIMENTACI\u00d3 SALUDABLE<\/strong><\/p>\n<p><a href=\"https:\/\/agora.xtec.cat\/esc-unamuno\/wp-content\/uploads\/usu2206\/2023\/10\/Recomanacions-alimentacio-ReCrea-Curs-2023-2024-1_page-0001.jpg\"><img loading=\"lazy\" decoding=\"async\" class=\"alignnone  wp-image-4431 aligncenter\" src=\"https:\/\/agora.xtec.cat\/esc-unamuno\/wp-content\/uploads\/usu2206\/2023\/10\/Recomanacions-alimentacio-ReCrea-Curs-2023-2024-1_page-0001.jpg\" alt=\"\" width=\"638\" height=\"452\" srcset=\"https:\/\/agora.xtec.cat\/esc-unamuno\/wp-content\/uploads\/usu2206\/2023\/10\/Recomanacions-alimentacio-ReCrea-Curs-2023-2024-1_page-0001.jpg 1754w, https:\/\/agora.xtec.cat\/esc-unamuno\/wp-content\/uploads\/usu2206\/2023\/10\/Recomanacions-alimentacio-ReCrea-Curs-2023-2024-1_page-0001-300x212.jpg 300w, https:\/\/agora.xtec.cat\/esc-unamuno\/wp-content\/uploads\/usu2206\/2023\/10\/Recomanacions-alimentacio-ReCrea-Curs-2023-2024-1_page-0001-1024x725.jpg 1024w, https:\/\/agora.xtec.cat\/esc-unamuno\/wp-content\/uploads\/usu2206\/2023\/10\/Recomanacions-alimentacio-ReCrea-Curs-2023-2024-1_page-0001-768x543.jpg 768w, https:\/\/agora.xtec.cat\/esc-unamuno\/wp-content\/uploads\/usu2206\/2023\/10\/Recomanacions-alimentacio-ReCrea-Curs-2023-2024-1_page-0001-1536x1087.jpg 1536w\" sizes=\"auto, (max-width: 638px) 100vw, 638px\" \/><\/a><\/p>\n<ul>\n<li><a href=\"https:\/\/agora.xtec.cat\/esc-unamuno\/wp-content\/uploads\/usu2206\/2021\/12\/TRIPTICO-CAT-SCHOOL.pdf\">QUI SOM?<\/a><\/li>\n<li><a href=\"https:\/\/agora.xtec.cat\/esc-unamuno\/wp-content\/uploads\/usu2206\/2021\/12\/Extracte-normativa-menjador-drive.doc\">NORMATIVA MENJADOR<\/a><\/li>\n<li><a href=\"https:\/\/agora.xtec.cat\/esc-unamuno\/wp-content\/uploads\/usu2206\/2021\/12\/Pla-menjador-Miguel-de-Unamuno-drive.pdf\">PLA DE MENJADOR<\/a><\/li>\n<li><a href=\"https:\/\/agora.xtec.cat\/esc-unamuno\/wp-content\/uploads\/usu2206\/2021\/12\/Infografia_guia-etapa_escolar-2020-1.pdf\">ALIMENTACI\u00d3 SALUDABLE<\/a><\/li>\n<li><a href=\"https:\/\/agora.xtec.cat\/esc-unamuno\/wp-content\/uploads\/usu2206\/2021\/12\/Habits-de-menjador.pdf\">H\u00c0BITS<\/a><\/li>\n<li><strong><strong>TEL\u00c8FON I WHATSAPP DE CONTACTE: Aleix 675993047<\/strong><\/strong><br \/>\n<h2 style=\"text-align: center;\"><a href=\"https:\/\/agora.xtec.cat\/esc-unamuno\/wp-content\/uploads\/usu2206\/2022\/03\/equip-1-rotated.jpg\"><img loading=\"lazy\" decoding=\"async\" class=\"wp-image-2358 aligncenter\" src=\"https:\/\/agora.xtec.cat\/esc-unamuno\/wp-content\/uploads\/usu2206\/2022\/03\/equip-1-768x1024.jpg\" alt=\"\" width=\"377\" height=\"503\" srcset=\"https:\/\/agora.xtec.cat\/esc-unamuno\/wp-content\/uploads\/usu2206\/2022\/03\/equip-1-768x1024.jpg 768w, https:\/\/agora.xtec.cat\/esc-unamuno\/wp-content\/uploads\/usu2206\/2022\/03\/equip-1-225x300.jpg 225w, https:\/\/agora.xtec.cat\/esc-unamuno\/wp-content\/uploads\/usu2206\/2022\/03\/equip-1-1152x1536.jpg 1152w, https:\/\/agora.xtec.cat\/esc-unamuno\/wp-content\/uploads\/usu2206\/2022\/03\/equip-1-rotated.jpg 1500w\" sizes=\"auto, (max-width: 377px) 100vw, 377px\" \/><\/a><\/h2>\n<\/li>\n<li>\n<h2 style=\"text-align: center;\"><a href=\"https:\/\/agora.xtec.cat\/esc-unamuno\/wp-content\/uploads\/usu2206\/2022\/10\/Light-Yellow-Background-Funny-Riso-Vegetables-Thank-You-Postcard-2.png\"><img loading=\"lazy\" decoding=\"async\" class=\"alignnone wp-image-3120\" src=\"https:\/\/agora.xtec.cat\/esc-unamuno\/wp-content\/uploads\/usu2206\/2022\/10\/Light-Yellow-Background-Funny-Riso-Vegetables-Thank-You-Postcard-2-1024x726.png\" alt=\"\" width=\"541\" height=\"384\" srcset=\"https:\/\/agora.xtec.cat\/esc-unamuno\/wp-content\/uploads\/usu2206\/2022\/10\/Light-Yellow-Background-Funny-Riso-Vegetables-Thank-You-Postcard-2-1024x726.png 1024w, https:\/\/agora.xtec.cat\/esc-unamuno\/wp-content\/uploads\/usu2206\/2022\/10\/Light-Yellow-Background-Funny-Riso-Vegetables-Thank-You-Postcard-2-300x213.png 300w, https:\/\/agora.xtec.cat\/esc-unamuno\/wp-content\/uploads\/usu2206\/2022\/10\/Light-Yellow-Background-Funny-Riso-Vegetables-Thank-You-Postcard-2-768x545.png 768w, https:\/\/agora.xtec.cat\/esc-unamuno\/wp-content\/uploads\/usu2206\/2022\/10\/Light-Yellow-Background-Funny-Riso-Vegetables-Thank-You-Postcard-2-1536x1090.png 1536w, https:\/\/agora.xtec.cat\/esc-unamuno\/wp-content\/uploads\/usu2206\/2022\/10\/Light-Yellow-Background-Funny-Riso-Vegetables-Thank-You-Postcard-2.png 1748w\" sizes=\"auto, (max-width: 541px) 100vw, 541px\" \/><\/a><\/h2>\n<\/li>\n<\/ul>\n<p>&nbsp;<\/p>\n","protected":false},"excerpt":{"rendered":"<p>RECOMANACIONS PER A UNA ALIMENTACI\u00d3 SALUDABLE QUI SOM? NORMATIVA MENJADOR PLA DE MENJADOR ALIMENTACI\u00d3 SALUDABLE H\u00c0BITS TEL\u00c8FON I WHATSAPP DE CONTACTE: Aleix 675993047 &nbsp;<\/p>\n","protected":false},"author":1,"featured_media":0,"parent":66,"menu_order":10,"comment_status":"closed","ping_status":"closed","template":"page-templates\/side-menu.php","meta":{"_bbp_topic_count":0,"_bbp_reply_count":0,"_bbp_total_topic_count":0,"_bbp_total_reply_count":0,"_bbp_voice_count":0,"_bbp_anonymous_reply_count":0,"_bbp_topic_count_hidden":0,"_bbp_reply_count_hidden":0,"_bbp_forum_subforum_count":0,"site-sidebar-layout":"default","site-content-layout":"","ast-site-content-layout":"","site-content-style":"default","site-sidebar-style":"default","ast-global-header-display":"","ast-banner-title-visibility":"","ast-main-header-display":"","ast-hfb-above-header-display":"","ast-hfb-below-header-display":"","ast-hfb-mobile-header-display":"","site-post-title":"","ast-breadcrumbs-content":"","ast-featured-img":"","footer-sml-layout":"","theme-transparent-header-meta":"","adv-header-id-meta":"","stick-header-meta":"","header-above-stick-meta":"","header-main-stick-meta":"","header-below-stick-meta":"","astra-migrate-meta-layouts":"default","ast-page-background-enabled":"default","ast-page-background-meta":{"desktop":{"background-color":"var(--ast-global-color-4)","background-image":"","background-repeat":"repeat","background-position":"center center","background-size":"auto","background-attachment":"scroll","background-type":"","background-media":"","overlay-type":"","overlay-color":"","overlay-opacity":"","overlay-gradient":""},"tablet":{"background-color":"","background-image":"","background-repeat":"repeat","background-position":"center center","background-size":"auto","background-attachment":"scroll","background-type":"","background-media":"","overlay-type":"","overlay-color":"","overlay-opacity":"","overlay-gradient":""},"mobile":{"background-color":"","background-image":"","background-repeat":"repeat","background-position":"center center","background-size":"auto","background-attachment":"scroll","background-type":"","background-media":"","overlay-type":"","overlay-color":"","overlay-opacity":"","overlay-gradient":""}},"ast-content-background-meta":{"desktop":{"background-color":"var(--ast-global-color-5)","background-image":"","background-repeat":"repeat","background-position":"center center","background-size":"auto","background-attachment":"scroll","background-type":"","background-media":"","overlay-type":"","overlay-color":"","overlay-opacity":"","overlay-gradient":""},"tablet":{"background-color":"var(--ast-global-color-5)","background-image":"","background-repeat":"repeat","background-position":"center center","background-size":"auto","background-attachment":"scroll","background-type":"","background-media":"","overlay-type":"","overlay-color":"","overlay-opacity":"","overlay-gradient":""},"mobile":{"background-color":"var(--ast-global-color-5)","background-image":"","background-repeat":"repeat","background-position":"center center","background-size":"auto","background-attachment":"scroll","background-type":"","background-media":"","overlay-type":"","overlay-color":"","overlay-opacity":"","overlay-gradient":""}},"footnotes":""},"class_list":["post-73","page","type-page","status-publish","hentry"],"post_mailing_queue_ids":[],"_links":{"self":[{"href":"https:\/\/agora.xtec.cat\/esc-unamuno\/wp-json\/wp\/v2\/pages\/73","targetHints":{"allow":["GET"]}}],"collection":[{"href":"https:\/\/agora.xtec.cat\/esc-unamuno\/wp-json\/wp\/v2\/pages"}],"about":[{"href":"https:\/\/agora.xtec.cat\/esc-unamuno\/wp-json\/wp\/v2\/types\/page"}],"author":[{"embeddable":true,"href":"https:\/\/agora.xtec.cat\/esc-unamuno\/wp-json\/wp\/v2\/users\/1"}],"replies":[{"embeddable":true,"href":"https:\/\/agora.xtec.cat\/esc-unamuno\/wp-json\/wp\/v2\/comments?post=73"}],"version-history":[{"count":6,"href":"https:\/\/agora.xtec.cat\/esc-unamuno\/wp-json\/wp\/v2\/pages\/73\/revisions"}],"predecessor-version":[{"id":4433,"href":"https:\/\/agora.xtec.cat\/esc-unamuno\/wp-json\/wp\/v2\/pages\/73\/revisions\/4433"}],"up":[{"embeddable":true,"href":"https:\/\/agora.xtec.cat\/esc-unamuno\/wp-json\/wp\/v2\/pages\/66"}],"wp:attachment":[{"href":"https:\/\/agora.xtec.cat\/esc-unamuno\/wp-json\/wp\/v2\/media?parent=73"}],"curies":[{"name":"wp","href":"https:\/\/api.w.org\/{rel}","templated":true}]}}