{"id":647,"date":"2021-12-06T12:37:24","date_gmt":"2021-12-06T11:37:24","guid":{"rendered":"https:\/\/agora.xtec.cat\/esc-unamuno\/?page_id=647"},"modified":"2026-04-08T20:37:26","modified_gmt":"2026-04-08T18:37:26","slug":"menus","status":"publish","type":"page","link":"https:\/\/agora.xtec.cat\/esc-unamuno\/serveis\/menjador-escolar\/menus\/","title":{"rendered":"Men\u00fas"},"content":{"rendered":"<p>&nbsp;<\/p>\n<p><a href=\"https:\/\/agora.xtec.cat\/esc-unamuno\/wp-content\/uploads\/usu2206\/2023\/10\/Recomanacions-alimentacio-ReCrea-Curs-2023-2024-1_page-0001.jpg\"><br \/>\n<img loading=\"lazy\" decoding=\"async\" class=\"wp-image-4431 aligncenter\" src=\"https:\/\/agora.xtec.cat\/esc-unamuno\/wp-content\/uploads\/usu2206\/2023\/10\/Recomanacions-alimentacio-ReCrea-Curs-2023-2024-1_page-0001.jpg\" alt=\"\" width=\"462\" height=\"327\" srcset=\"https:\/\/agora.xtec.cat\/esc-unamuno\/wp-content\/uploads\/usu2206\/2023\/10\/Recomanacions-alimentacio-ReCrea-Curs-2023-2024-1_page-0001.jpg 1754w, https:\/\/agora.xtec.cat\/esc-unamuno\/wp-content\/uploads\/usu2206\/2023\/10\/Recomanacions-alimentacio-ReCrea-Curs-2023-2024-1_page-0001-300x212.jpg 300w, https:\/\/agora.xtec.cat\/esc-unamuno\/wp-content\/uploads\/usu2206\/2023\/10\/Recomanacions-alimentacio-ReCrea-Curs-2023-2024-1_page-0001-1024x725.jpg 1024w, https:\/\/agora.xtec.cat\/esc-unamuno\/wp-content\/uploads\/usu2206\/2023\/10\/Recomanacions-alimentacio-ReCrea-Curs-2023-2024-1_page-0001-768x543.jpg 768w, https:\/\/agora.xtec.cat\/esc-unamuno\/wp-content\/uploads\/usu2206\/2023\/10\/Recomanacions-alimentacio-ReCrea-Curs-2023-2024-1_page-0001-1536x1087.jpg 1536w\" sizes=\"auto, (max-width: 462px) 100vw, 462px\" \/><\/a><\/p>\n<p><span style=\"font-family: arial, helvetica, sans-serif;\">MEN\u00da BASAL: <a href=\"https:\/\/drive.google.com\/file\/d\/12CPZqYUIi9YXy_6-xgmQGzsZCMNUe5fY\/view?usp=sharing\">ABRIL<\/a><\/span><\/p>\n<p><span style=\"font-family: arial, helvetica, sans-serif;\">MEN\u00da SENSE PORC: <a href=\"https:\/\/drive.google.com\/file\/d\/1ii-n4ego2HeJUxH170eJpFrplHfKM6aq\/view?usp=sharing\">ABRIL<\/a><\/span><\/p>\n<p>&nbsp;<\/p>\n<p style=\"text-align: center;\"><strong>RECOMANACIONS PER A UNA ALIMENTACI\u00d3 SALUDABLE<\/strong><\/p>\n<p><a href=\"https:\/\/drive.google.com\/file\/d\/1WUTxpen8SqezXuJao7SdeIkmL8DZfAF0\/view?usp=sharing\"><img loading=\"lazy\" decoding=\"async\" class=\"aligncenter\" src=\"http:\/\/farmacialavernia.com\/wp-content\/uploads\/2016\/02\/image-1024x1024.jpeg\" alt=\"Els aliments en una roda - Farmacia Lavernia\" width=\"326\" height=\"326\" \/><\/a><\/p>\n<p>&nbsp;<\/p>\n<p>&nbsp;<\/p>\n<p>&nbsp;<\/p>\n","protected":false},"excerpt":{"rendered":"<p>&nbsp; MEN\u00da BASAL: ABRIL MEN\u00da SENSE PORC: ABRIL &nbsp; RECOMANACIONS PER A UNA ALIMENTACI\u00d3 SALUDABLE &nbsp; &nbsp; &nbsp;<\/p>\n","protected":false},"author":1,"featured_media":0,"parent":73,"menu_order":0,"comment_status":"closed","ping_status":"closed","template":"","meta":{"_bbp_topic_count":0,"_bbp_reply_count":0,"_bbp_total_topic_count":0,"_bbp_total_reply_count":0,"_bbp_voice_count":0,"_bbp_anonymous_reply_count":0,"_bbp_topic_count_hidden":0,"_bbp_reply_count_hidden":0,"_bbp_forum_subforum_count":0,"site-sidebar-layout":"default","site-content-layout":"","ast-site-content-layout":"default","site-content-style":"default","site-sidebar-style":"default","ast-global-header-display":"","ast-banner-title-visibility":"","ast-main-header-display":"","ast-hfb-above-header-display":"","ast-hfb-below-header-display":"","ast-hfb-mobile-header-display":"","site-post-title":"","ast-breadcrumbs-content":"","ast-featured-img":"","footer-sml-layout":"","theme-transparent-header-meta":"default","adv-header-id-meta":"","stick-header-meta":"","header-above-stick-meta":"","header-main-stick-meta":"","header-below-stick-meta":"","astra-migrate-meta-layouts":"set","ast-page-background-enabled":"default","ast-page-background-meta":{"desktop":{"background-color":"var(--ast-global-color-4)","background-image":"","background-repeat":"repeat","background-position":"center center","background-size":"auto","background-attachment":"scroll","background-type":"","background-media":"","overlay-type":"","overlay-color":"","overlay-opacity":"","overlay-gradient":""},"tablet":{"background-color":"","background-image":"","background-repeat":"repeat","background-position":"center center","background-size":"auto","background-attachment":"scroll","background-type":"","background-media":"","overlay-type":"","overlay-color":"","overlay-opacity":"","overlay-gradient":""},"mobile":{"background-color":"","background-image":"","background-repeat":"repeat","background-position":"center center","background-size":"auto","background-attachment":"scroll","background-type":"","background-media":"","overlay-type":"","overlay-color":"","overlay-opacity":"","overlay-gradient":""}},"ast-content-background-meta":{"desktop":{"background-color":"var(--ast-global-color-5)","background-image":"","background-repeat":"repeat","background-position":"center center","background-size":"auto","background-attachment":"scroll","background-type":"","background-media":"","overlay-type":"","overlay-color":"","overlay-opacity":"","overlay-gradient":""},"tablet":{"background-color":"var(--ast-global-color-5)","background-image":"","background-repeat":"repeat","background-position":"center center","background-size":"auto","background-attachment":"scroll","background-type":"","background-media":"","overlay-type":"","overlay-color":"","overlay-opacity":"","overlay-gradient":""},"mobile":{"background-color":"var(--ast-global-color-5)","background-image":"","background-repeat":"repeat","background-position":"center center","background-size":"auto","background-attachment":"scroll","background-type":"","background-media":"","overlay-type":"","overlay-color":"","overlay-opacity":"","overlay-gradient":""}},"footnotes":""},"class_list":["post-647","page","type-page","status-publish","hentry"],"post_mailing_queue_ids":[],"_links":{"self":[{"href":"https:\/\/agora.xtec.cat\/esc-unamuno\/wp-json\/wp\/v2\/pages\/647","targetHints":{"allow":["GET"]}}],"collection":[{"href":"https:\/\/agora.xtec.cat\/esc-unamuno\/wp-json\/wp\/v2\/pages"}],"about":[{"href":"https:\/\/agora.xtec.cat\/esc-unamuno\/wp-json\/wp\/v2\/types\/page"}],"author":[{"embeddable":true,"href":"https:\/\/agora.xtec.cat\/esc-unamuno\/wp-json\/wp\/v2\/users\/1"}],"replies":[{"embeddable":true,"href":"https:\/\/agora.xtec.cat\/esc-unamuno\/wp-json\/wp\/v2\/comments?post=647"}],"version-history":[{"count":8,"href":"https:\/\/agora.xtec.cat\/esc-unamuno\/wp-json\/wp\/v2\/pages\/647\/revisions"}],"predecessor-version":[{"id":6542,"href":"https:\/\/agora.xtec.cat\/esc-unamuno\/wp-json\/wp\/v2\/pages\/647\/revisions\/6542"}],"up":[{"embeddable":true,"href":"https:\/\/agora.xtec.cat\/esc-unamuno\/wp-json\/wp\/v2\/pages\/73"}],"wp:attachment":[{"href":"https:\/\/agora.xtec.cat\/esc-unamuno\/wp-json\/wp\/v2\/media?parent=647"}],"curies":[{"name":"wp","href":"https:\/\/api.w.org\/{rel}","templated":true}]}}