{"id":640,"date":"2021-12-06T12:23:04","date_gmt":"2021-12-06T11:23:04","guid":{"rendered":"https:\/\/agora.xtec.cat\/esc-unamuno\/?page_id=640"},"modified":"2024-09-12T21:04:00","modified_gmt":"2024-09-12T19:04:00","slug":"normativa","status":"publish","type":"page","link":"https:\/\/agora.xtec.cat\/esc-unamuno\/com-ens-organitzem\/normativa\/","title":{"rendered":"Normativa"},"content":{"rendered":"<p>Fam\u00edlies, hem de tenir present que:<\/p>\n<p><span style=\"text-decoration: underline;\"><strong>Entrades i sortides de l&#8217;escola <\/strong><\/span><\/p>\n<ul>\n<li>Tota l&#8217;escola entra i surt per la porta de la pla\u00e7a Moss\u00e8n Josep Esquirol i Grau.<\/li>\n<li>Les portes de l\u2019escola s\u2019obriran\u00a0 \u00a0puntuals a les hores d&#8217;entrada i sortides (8:30h, 9:00h, 12:30h, 13:00h, 15:00h i 16:30h) i es tancaran 10 minuts despr\u00e9s.<\/li>\n<li>En cas que un\/a alumne\/a es trobi la porta tancada, podr\u00e0 entrar pel carrer \u00c0ngel Guimer\u00e0 a les 9:30h i a les 10:30h, sempre acompanyat\/da d\u2019un adult que justifiqui el retard.<\/li>\n<\/ul>\n<p>Aqu\u00ed teniu la <span style=\"text-decoration: underline;\"><strong>normativa<\/strong><\/span> de l&#8217;escola <a href=\"https:\/\/agora.xtec.cat\/esc-unamuno\/wp-content\/uploads\/usu2206\/2021\/12\/NOFC-Miguel-Unamuno.pdf\">NOFC Miguel Unamuno<\/a><\/p>\n<p>Finalment, recordar que <span style=\"text-decoration: underline;\"><strong>els\u00a0h\u00e0bits<\/strong><\/span> s\u2019han de treballar a casa i a l\u2019escola. A mida que els nens i les nenes van assolint els diferents h\u00e0bits se senten m\u00e9s segurs i segures, tranquils i tranquil\u00b7les, i amb ganes d\u2019aprendre. Observar els seus petits progressos dia a dia i saber valorar-los \u00e9s per a ells i elles una motivaci\u00f3 important i necess\u00e0ria per continuar avan\u00e7ant. El treball dels h\u00e0bits ha de ser una tasca compartida entre la fam\u00edlia i l\u2019escola. \ud83d\ude42<\/p>\n<p>Entre tots i totes ho fem possible.<\/p>\n","protected":false},"excerpt":{"rendered":"<p>Fam\u00edlies, hem de tenir present que: Entrades i sortides de l&#8217;escola Tota l&#8217;escola entra i surt per la porta de la pla\u00e7a Moss\u00e8n Josep Esquirol i Grau. Les portes de l\u2019escola s\u2019obriran\u00a0 \u00a0puntuals a les hores d&#8217;entrada i sortides (8:30h, 9:00h, 12:30h, 13:00h, 15:00h i 16:30h) i es tancaran 10 minuts despr\u00e9s. En cas que [&hellip;]<\/p>\n","protected":false},"author":1,"featured_media":0,"parent":564,"menu_order":30,"comment_status":"closed","ping_status":"closed","template":"page-templates\/side-menu.php","meta":{"_bbp_topic_count":0,"_bbp_reply_count":0,"_bbp_total_topic_count":0,"_bbp_total_reply_count":0,"_bbp_voice_count":0,"_bbp_anonymous_reply_count":0,"_bbp_topic_count_hidden":0,"_bbp_reply_count_hidden":0,"_bbp_forum_subforum_count":0,"site-sidebar-layout":"default","site-content-layout":"","ast-site-content-layout":"","site-content-style":"default","site-sidebar-style":"default","ast-global-header-display":"","ast-banner-title-visibility":"","ast-main-header-display":"","ast-hfb-above-header-display":"","ast-hfb-below-header-display":"","ast-hfb-mobile-header-display":"","site-post-title":"","ast-breadcrumbs-content":"","ast-featured-img":"","footer-sml-layout":"","theme-transparent-header-meta":"","adv-header-id-meta":"","stick-header-meta":"","header-above-stick-meta":"","header-main-stick-meta":"","header-below-stick-meta":"","astra-migrate-meta-layouts":"default","ast-page-background-enabled":"default","ast-page-background-meta":{"desktop":{"background-color":"var(--ast-global-color-4)","background-image":"","background-repeat":"repeat","background-position":"center center","background-size":"auto","background-attachment":"scroll","background-type":"","background-media":"","overlay-type":"","overlay-color":"","overlay-opacity":"","overlay-gradient":""},"tablet":{"background-color":"","background-image":"","background-repeat":"repeat","background-position":"center center","background-size":"auto","background-attachment":"scroll","background-type":"","background-media":"","overlay-type":"","overlay-color":"","overlay-opacity":"","overlay-gradient":""},"mobile":{"background-color":"","background-image":"","background-repeat":"repeat","background-position":"center center","background-size":"auto","background-attachment":"scroll","background-type":"","background-media":"","overlay-type":"","overlay-color":"","overlay-opacity":"","overlay-gradient":""}},"ast-content-background-meta":{"desktop":{"background-color":"var(--ast-global-color-5)","background-image":"","background-repeat":"repeat","background-position":"center center","background-size":"auto","background-attachment":"scroll","background-type":"","background-media":"","overlay-type":"","overlay-color":"","overlay-opacity":"","overlay-gradient":""},"tablet":{"background-color":"var(--ast-global-color-5)","background-image":"","background-repeat":"repeat","background-position":"center center","background-size":"auto","background-attachment":"scroll","background-type":"","background-media":"","overlay-type":"","overlay-color":"","overlay-opacity":"","overlay-gradient":""},"mobile":{"background-color":"var(--ast-global-color-5)","background-image":"","background-repeat":"repeat","background-position":"center center","background-size":"auto","background-attachment":"scroll","background-type":"","background-media":"","overlay-type":"","overlay-color":"","overlay-opacity":"","overlay-gradient":""}},"footnotes":""},"class_list":["post-640","page","type-page","status-publish","hentry"],"post_mailing_queue_ids":[],"_links":{"self":[{"href":"https:\/\/agora.xtec.cat\/esc-unamuno\/wp-json\/wp\/v2\/pages\/640","targetHints":{"allow":["GET"]}}],"collection":[{"href":"https:\/\/agora.xtec.cat\/esc-unamuno\/wp-json\/wp\/v2\/pages"}],"about":[{"href":"https:\/\/agora.xtec.cat\/esc-unamuno\/wp-json\/wp\/v2\/types\/page"}],"author":[{"embeddable":true,"href":"https:\/\/agora.xtec.cat\/esc-unamuno\/wp-json\/wp\/v2\/users\/1"}],"replies":[{"embeddable":true,"href":"https:\/\/agora.xtec.cat\/esc-unamuno\/wp-json\/wp\/v2\/comments?post=640"}],"version-history":[{"count":5,"href":"https:\/\/agora.xtec.cat\/esc-unamuno\/wp-json\/wp\/v2\/pages\/640\/revisions"}],"predecessor-version":[{"id":5243,"href":"https:\/\/agora.xtec.cat\/esc-unamuno\/wp-json\/wp\/v2\/pages\/640\/revisions\/5243"}],"up":[{"embeddable":true,"href":"https:\/\/agora.xtec.cat\/esc-unamuno\/wp-json\/wp\/v2\/pages\/564"}],"wp:attachment":[{"href":"https:\/\/agora.xtec.cat\/esc-unamuno\/wp-json\/wp\/v2\/media?parent=640"}],"curies":[{"name":"wp","href":"https:\/\/api.w.org\/{rel}","templated":true}]}}