{"id":584,"date":"2021-12-06T11:02:54","date_gmt":"2021-12-06T10:02:54","guid":{"rendered":"https:\/\/agora.xtec.cat\/esc-unamuno\/?page_id=584"},"modified":"2023-10-09T12:19:48","modified_gmt":"2023-10-09T10:19:48","slug":"horari-datencio","status":"publish","type":"page","link":"https:\/\/agora.xtec.cat\/esc-unamuno\/com-ens-organitzem\/horari-datencio\/","title":{"rendered":"Horari escolar i d&#8217;atenci\u00f3"},"content":{"rendered":"<p><strong>HORARI ESCOLAR<\/strong><\/p>\n<ul>\n<li>Prim\u00e0ria:<br \/>\n\u2b9a Mat\u00ed: de les 8:30h. fins les 13h.<br \/>\n\u2b9a Tarda: de les 15h. fins les 16:30h.<\/li>\n<li>Educaci\u00f3 Infantil:<br \/>\n\u2b9a Mat\u00ed: de les 9h. fins les 12:30h.<br \/>\n\u2b9a Tarda: de les 15h. a les 16:30h.<\/li>\n<li>Els\/les alumnes d\u2019Educaci\u00f3 Infantil amb germans\/es a Prim\u00e0ria tindran servei gratu\u00eft d\u2019acollida de 8:30h. a 9h. i de 12:30h. a 13h.<\/li>\n<li>A partir de 3r els alumnes podran marxar sols de l\u2019escola, pr\u00e8via autoritzaci\u00f3 signada pel pare o mare de l\u2019alumne-a.<\/li>\n<li>A partir de 5\u00e8 els alumnes podran recollir els seus germans- es m\u00e9s petits, pr\u00e8via autoritzaci\u00f3 signada pel pare o mare de l\u2019alumne-a.<\/li>\n<\/ul>\n<p><strong>HORARI D&#8217;ATENCI\u00d3 FAM\u00cdLIES<\/strong><\/p>\n<p>Els tutors\/es concretaran el dia d\u2019atenci\u00f3 a les fam\u00edlies quan es faci la reuni\u00f3 d\u2019inici de curs. L\u2019horari d\u2019atenci\u00f3 a les fam\u00edlies per part del tutor\/a ser\u00e0 de 12:30 a 13:30h a Infantil i de 13h. a 14h a Prim\u00e0ria. Pr\u00e8viament s\u2019ha de demanar hora al professor\/a.<\/p>\n<p><strong>HORARI DE L\u2019EQUIP DIRECTIU D\u2019ATENCI\u00d3 AL P\u00daBLIC<\/strong><\/p>\n<p>(Entrada pel carrer d\u2019\u00c0ngel Guimer\u00e0)<br \/>\nDirecci\u00f3: Dilluns de 11h a 12h i divendres de 15h a 16:30h<br \/>\nCap d\u2019estudis: Dimecres de 11h a 12h<br \/>\nSecret\u00e0ria: Dimecres de 9h a 10:30h<\/p>\n","protected":false},"excerpt":{"rendered":"<p>HORARI ESCOLAR Prim\u00e0ria: \u2b9a Mat\u00ed: de les 8:30h. fins les 13h. \u2b9a Tarda: de les 15h. fins les 16:30h. Educaci\u00f3 Infantil: \u2b9a Mat\u00ed: de les 9h. fins les 12:30h. \u2b9a Tarda: de les 15h. a les 16:30h. Els\/les alumnes d\u2019Educaci\u00f3 Infantil amb germans\/es a Prim\u00e0ria tindran servei gratu\u00eft d\u2019acollida de 8:30h. a 9h. i de [&hellip;]<\/p>\n","protected":false},"author":1,"featured_media":0,"parent":564,"menu_order":50,"comment_status":"closed","ping_status":"closed","template":"page-templates\/side-menu.php","meta":{"_bbp_topic_count":0,"_bbp_reply_count":0,"_bbp_total_topic_count":0,"_bbp_total_reply_count":0,"_bbp_voice_count":0,"_bbp_anonymous_reply_count":0,"_bbp_topic_count_hidden":0,"_bbp_reply_count_hidden":0,"_bbp_forum_subforum_count":0,"site-sidebar-layout":"default","site-content-layout":"","ast-site-content-layout":"","site-content-style":"default","site-sidebar-style":"default","ast-global-header-display":"","ast-banner-title-visibility":"","ast-main-header-display":"","ast-hfb-above-header-display":"","ast-hfb-below-header-display":"","ast-hfb-mobile-header-display":"","site-post-title":"","ast-breadcrumbs-content":"","ast-featured-img":"","footer-sml-layout":"","theme-transparent-header-meta":"","adv-header-id-meta":"","stick-header-meta":"","header-above-stick-meta":"","header-main-stick-meta":"","header-below-stick-meta":"","astra-migrate-meta-layouts":"default","ast-page-background-enabled":"default","ast-page-background-meta":{"desktop":{"background-color":"var(--ast-global-color-4)","background-image":"","background-repeat":"repeat","background-position":"center center","background-size":"auto","background-attachment":"scroll","background-type":"","background-media":"","overlay-type":"","overlay-color":"","overlay-opacity":"","overlay-gradient":""},"tablet":{"background-color":"","background-image":"","background-repeat":"repeat","background-position":"center center","background-size":"auto","background-attachment":"scroll","background-type":"","background-media":"","overlay-type":"","overlay-color":"","overlay-opacity":"","overlay-gradient":""},"mobile":{"background-color":"","background-image":"","background-repeat":"repeat","background-position":"center center","background-size":"auto","background-attachment":"scroll","background-type":"","background-media":"","overlay-type":"","overlay-color":"","overlay-opacity":"","overlay-gradient":""}},"ast-content-background-meta":{"desktop":{"background-color":"var(--ast-global-color-5)","background-image":"","background-repeat":"repeat","background-position":"center center","background-size":"auto","background-attachment":"scroll","background-type":"","background-media":"","overlay-type":"","overlay-color":"","overlay-opacity":"","overlay-gradient":""},"tablet":{"background-color":"var(--ast-global-color-5)","background-image":"","background-repeat":"repeat","background-position":"center center","background-size":"auto","background-attachment":"scroll","background-type":"","background-media":"","overlay-type":"","overlay-color":"","overlay-opacity":"","overlay-gradient":""},"mobile":{"background-color":"var(--ast-global-color-5)","background-image":"","background-repeat":"repeat","background-position":"center center","background-size":"auto","background-attachment":"scroll","background-type":"","background-media":"","overlay-type":"","overlay-color":"","overlay-opacity":"","overlay-gradient":""}},"footnotes":""},"class_list":["post-584","page","type-page","status-publish","hentry"],"post_mailing_queue_ids":[],"_links":{"self":[{"href":"https:\/\/agora.xtec.cat\/esc-unamuno\/wp-json\/wp\/v2\/pages\/584","targetHints":{"allow":["GET"]}}],"collection":[{"href":"https:\/\/agora.xtec.cat\/esc-unamuno\/wp-json\/wp\/v2\/pages"}],"about":[{"href":"https:\/\/agora.xtec.cat\/esc-unamuno\/wp-json\/wp\/v2\/types\/page"}],"author":[{"embeddable":true,"href":"https:\/\/agora.xtec.cat\/esc-unamuno\/wp-json\/wp\/v2\/users\/1"}],"replies":[{"embeddable":true,"href":"https:\/\/agora.xtec.cat\/esc-unamuno\/wp-json\/wp\/v2\/comments?post=584"}],"version-history":[{"count":5,"href":"https:\/\/agora.xtec.cat\/esc-unamuno\/wp-json\/wp\/v2\/pages\/584\/revisions"}],"predecessor-version":[{"id":4368,"href":"https:\/\/agora.xtec.cat\/esc-unamuno\/wp-json\/wp\/v2\/pages\/584\/revisions\/4368"}],"up":[{"embeddable":true,"href":"https:\/\/agora.xtec.cat\/esc-unamuno\/wp-json\/wp\/v2\/pages\/564"}],"wp:attachment":[{"href":"https:\/\/agora.xtec.cat\/esc-unamuno\/wp-json\/wp\/v2\/media?parent=584"}],"curies":[{"name":"wp","href":"https:\/\/api.w.org\/{rel}","templated":true}]}}