{"id":582,"date":"2021-12-06T11:02:25","date_gmt":"2021-12-06T10:02:25","guid":{"rendered":"https:\/\/agora.xtec.cat\/esc-unamuno\/?page_id=582"},"modified":"2025-06-24T18:07:12","modified_gmt":"2025-06-24T16:07:12","slug":"autoritzacions","status":"publish","type":"page","link":"https:\/\/agora.xtec.cat\/esc-unamuno\/com-ens-organitzem\/autoritzacions\/","title":{"rendered":"Autoritzacions"},"content":{"rendered":"<ul>\n<li><a href=\"https:\/\/drive.google.com\/file\/d\/1MNb1rDfnmqHKec0S4ZB9bU9vig7wRqBq\/view?usp=sharing\">SORTIDES<\/a><\/li>\n<li><a href=\"https:\/\/drive.google.com\/file\/d\/1ioeiyakiUKj0tRqJn79xBH3zs0F_egYU\/view?usp=sharing\">MARXAR SOLS<\/a><\/li>\n<li><a href=\"https:\/\/drive.google.com\/file\/d\/10Q0KVxiiUWRwIuMie-nWknbgqw5wys9J\/view?usp=sharing\">RECOLLIDA ALUMNES ALTRES PERSONES<\/a><\/li>\n<li><a href=\"https:\/\/drive.google.com\/file\/d\/1YOD-ulyffqHKs4Qyrd7bqnE9UyNvq5w_\/view?usp=sharing\">PARACETAMOL<\/a><\/li>\n<li><a href=\"https:\/\/drive.google.com\/file\/d\/1OeeKEqqI8WKNU0U2chhlf2pkUfeGl8SY\/view?usp=sharing\">BAIXA TEMPORAL<\/a><\/li>\n<li><a href=\"https:\/\/drive.google.com\/file\/d\/1uCTs497wdS0cpZsIdKquBHg_ko68rXjZ\/view?usp=sharing\">CARTA COMPROM\u00cdS<\/a><\/li>\n<li><a href=\"https:\/\/drive.google.com\/file\/d\/1aB3KJk-m7eIeTiLi360e1VGVI9_7wO9q\/view?usp=sharing\">DRET IMATGE<\/a><\/li>\n<li><a href=\"https:\/\/drive.google.com\/file\/d\/1amRbV3w3RVmsMSc5sddmet_NfX4lh6l6\/view?usp=sharing\">MEDICAMENTS<\/a><\/li>\n<li><a href=\"https:\/\/drive.google.com\/file\/d\/172Gxow8VwCFMV7_SGsA5iILWFWG174Jn\/view?usp=sharing\">GERMANS 5\u00e8 i 6\u00e8<\/a><\/li>\n<li><a href=\"https:\/\/drive.google.com\/file\/d\/1tu35s1BJoVUdrkX2UgiVC54sNeKSjVPI\/view?usp=sharing\">ACOLLIDA MAT\u00cd i MIGDIA<\/a><\/li>\n<\/ul>\n","protected":false},"excerpt":{"rendered":"<p>SORTIDES MARXAR SOLS RECOLLIDA ALUMNES ALTRES PERSONES PARACETAMOL BAIXA TEMPORAL CARTA COMPROM\u00cdS DRET IMATGE MEDICAMENTS GERMANS 5\u00e8 i 6\u00e8 ACOLLIDA MAT\u00cd i MIGDIA<\/p>\n","protected":false},"author":1,"featured_media":0,"parent":564,"menu_order":40,"comment_status":"closed","ping_status":"closed","template":"page-templates\/side-menu.php","meta":{"_bbp_topic_count":0,"_bbp_reply_count":0,"_bbp_total_topic_count":0,"_bbp_total_reply_count":0,"_bbp_voice_count":0,"_bbp_anonymous_reply_count":0,"_bbp_topic_count_hidden":0,"_bbp_reply_count_hidden":0,"_bbp_forum_subforum_count":0,"site-sidebar-layout":"default","site-content-layout":"","ast-site-content-layout":"","site-content-style":"default","site-sidebar-style":"default","ast-global-header-display":"","ast-banner-title-visibility":"","ast-main-header-display":"","ast-hfb-above-header-display":"","ast-hfb-below-header-display":"","ast-hfb-mobile-header-display":"","site-post-title":"","ast-breadcrumbs-content":"","ast-featured-img":"","footer-sml-layout":"","theme-transparent-header-meta":"","adv-header-id-meta":"","stick-header-meta":"","header-above-stick-meta":"","header-main-stick-meta":"","header-below-stick-meta":"","astra-migrate-meta-layouts":"default","ast-page-background-enabled":"default","ast-page-background-meta":{"desktop":{"background-color":"var(--ast-global-color-4)","background-image":"","background-repeat":"repeat","background-position":"center center","background-size":"auto","background-attachment":"scroll","background-type":"","background-media":"","overlay-type":"","overlay-color":"","overlay-opacity":"","overlay-gradient":""},"tablet":{"background-color":"","background-image":"","background-repeat":"repeat","background-position":"center center","background-size":"auto","background-attachment":"scroll","background-type":"","background-media":"","overlay-type":"","overlay-color":"","overlay-opacity":"","overlay-gradient":""},"mobile":{"background-color":"","background-image":"","background-repeat":"repeat","background-position":"center center","background-size":"auto","background-attachment":"scroll","background-type":"","background-media":"","overlay-type":"","overlay-color":"","overlay-opacity":"","overlay-gradient":""}},"ast-content-background-meta":{"desktop":{"background-color":"var(--ast-global-color-5)","background-image":"","background-repeat":"repeat","background-position":"center center","background-size":"auto","background-attachment":"scroll","background-type":"","background-media":"","overlay-type":"","overlay-color":"","overlay-opacity":"","overlay-gradient":""},"tablet":{"background-color":"var(--ast-global-color-5)","background-image":"","background-repeat":"repeat","background-position":"center center","background-size":"auto","background-attachment":"scroll","background-type":"","background-media":"","overlay-type":"","overlay-color":"","overlay-opacity":"","overlay-gradient":""},"mobile":{"background-color":"var(--ast-global-color-5)","background-image":"","background-repeat":"repeat","background-position":"center center","background-size":"auto","background-attachment":"scroll","background-type":"","background-media":"","overlay-type":"","overlay-color":"","overlay-opacity":"","overlay-gradient":""}},"footnotes":""},"class_list":["post-582","page","type-page","status-publish","hentry"],"post_mailing_queue_ids":[],"_links":{"self":[{"href":"https:\/\/agora.xtec.cat\/esc-unamuno\/wp-json\/wp\/v2\/pages\/582","targetHints":{"allow":["GET"]}}],"collection":[{"href":"https:\/\/agora.xtec.cat\/esc-unamuno\/wp-json\/wp\/v2\/pages"}],"about":[{"href":"https:\/\/agora.xtec.cat\/esc-unamuno\/wp-json\/wp\/v2\/types\/page"}],"author":[{"embeddable":true,"href":"https:\/\/agora.xtec.cat\/esc-unamuno\/wp-json\/wp\/v2\/users\/1"}],"replies":[{"embeddable":true,"href":"https:\/\/agora.xtec.cat\/esc-unamuno\/wp-json\/wp\/v2\/comments?post=582"}],"version-history":[{"count":9,"href":"https:\/\/agora.xtec.cat\/esc-unamuno\/wp-json\/wp\/v2\/pages\/582\/revisions"}],"predecessor-version":[{"id":5943,"href":"https:\/\/agora.xtec.cat\/esc-unamuno\/wp-json\/wp\/v2\/pages\/582\/revisions\/5943"}],"up":[{"embeddable":true,"href":"https:\/\/agora.xtec.cat\/esc-unamuno\/wp-json\/wp\/v2\/pages\/564"}],"wp:attachment":[{"href":"https:\/\/agora.xtec.cat\/esc-unamuno\/wp-json\/wp\/v2\/media?parent=582"}],"curies":[{"name":"wp","href":"https:\/\/api.w.org\/{rel}","templated":true}]}}