{"id":1024,"date":"2021-12-12T21:47:04","date_gmt":"2021-12-12T20:47:04","guid":{"rendered":"https:\/\/agora.xtec.cat\/esc-unamuno\/?page_id=1024"},"modified":"2022-02-04T10:01:43","modified_gmt":"2022-02-04T09:01:43","slug":"festes-i-dies-especials","status":"publish","type":"page","link":"https:\/\/agora.xtec.cat\/esc-unamuno\/lescola\/afa\/festes-i-dies-especials\/","title":{"rendered":"Festes i dies especials"},"content":{"rendered":"<p><span style=\"font-weight: 400;\">A l&#8217;escola creiem que la implicaci\u00f3 de les fam\u00edlies \u00e9s clau per tenir una escola viva i de qualitat. Coincidint amb el calendari festiu, l\u2019AFA organitza activitats molt diverses.<\/span><\/p>\n<p><span style=\"font-weight: 400;\">Per exemple, per Halloween o Sant Jordi s\u2019organitzen concursos art\u00edstics on participen tots els infants de l\u2019escola.<\/span><\/p>\n<p><span style=\"font-weight: 400;\">Per Nadal, el patge reial visita tots els nens i nenes de l\u2019escola i es poden fotografiar amb ell.\u00a0<\/span><\/p>\n<p><span style=\"font-weight: 400;\">Pels infants de 6\u00e8, la festa de fi de curs i l\u2019orla per a que tinguin un record del seu pas per l\u2019escola.<\/span><\/p>\n<p><span style=\"font-weight: 400;\">Per la castanyada fem de castanyeres i preparem les castanyes per tots els nens i nenes.\u00a0<\/span><\/p>\n<p><span style=\"font-weight: 400;\">Tamb\u00e9 ens disfressem per Carnaval.\u00a0<\/span><\/p>\n<p><span style=\"font-weight: 400;\">Animem a totes les fam\u00edlies a participar en aquestes jornades i a aportar idees noves.<\/span><\/p>\n","protected":false},"excerpt":{"rendered":"<p>A l&#8217;escola creiem que la implicaci\u00f3 de les fam\u00edlies \u00e9s clau per tenir una escola viva i de qualitat. Coincidint amb el calendari festiu, l\u2019AFA organitza activitats molt diverses. Per exemple, per Halloween o Sant Jordi s\u2019organitzen concursos art\u00edstics on participen tots els infants de l\u2019escola. Per Nadal, el patge reial visita tots els nens [&hellip;]<\/p>\n","protected":false},"author":1,"featured_media":0,"parent":545,"menu_order":0,"comment_status":"closed","ping_status":"closed","template":"page-templates\/side-menu.php","meta":{"_bbp_topic_count":0,"_bbp_reply_count":0,"_bbp_total_topic_count":0,"_bbp_total_reply_count":0,"_bbp_voice_count":0,"_bbp_anonymous_reply_count":0,"_bbp_topic_count_hidden":0,"_bbp_reply_count_hidden":0,"_bbp_forum_subforum_count":0,"site-sidebar-layout":"default","site-content-layout":"","ast-site-content-layout":"","site-content-style":"default","site-sidebar-style":"default","ast-global-header-display":"","ast-banner-title-visibility":"","ast-main-header-display":"","ast-hfb-above-header-display":"","ast-hfb-below-header-display":"","ast-hfb-mobile-header-display":"","site-post-title":"","ast-breadcrumbs-content":"","ast-featured-img":"","footer-sml-layout":"","theme-transparent-header-meta":"","adv-header-id-meta":"","stick-header-meta":"","header-above-stick-meta":"","header-main-stick-meta":"","header-below-stick-meta":"","astra-migrate-meta-layouts":"default","ast-page-background-enabled":"default","ast-page-background-meta":{"desktop":{"background-color":"var(--ast-global-color-4)","background-image":"","background-repeat":"repeat","background-position":"center center","background-size":"auto","background-attachment":"scroll","background-type":"","background-media":"","overlay-type":"","overlay-color":"","overlay-opacity":"","overlay-gradient":""},"tablet":{"background-color":"","background-image":"","background-repeat":"repeat","background-position":"center center","background-size":"auto","background-attachment":"scroll","background-type":"","background-media":"","overlay-type":"","overlay-color":"","overlay-opacity":"","overlay-gradient":""},"mobile":{"background-color":"","background-image":"","background-repeat":"repeat","background-position":"center center","background-size":"auto","background-attachment":"scroll","background-type":"","background-media":"","overlay-type":"","overlay-color":"","overlay-opacity":"","overlay-gradient":""}},"ast-content-background-meta":{"desktop":{"background-color":"var(--ast-global-color-5)","background-image":"","background-repeat":"repeat","background-position":"center center","background-size":"auto","background-attachment":"scroll","background-type":"","background-media":"","overlay-type":"","overlay-color":"","overlay-opacity":"","overlay-gradient":""},"tablet":{"background-color":"var(--ast-global-color-5)","background-image":"","background-repeat":"repeat","background-position":"center center","background-size":"auto","background-attachment":"scroll","background-type":"","background-media":"","overlay-type":"","overlay-color":"","overlay-opacity":"","overlay-gradient":""},"mobile":{"background-color":"var(--ast-global-color-5)","background-image":"","background-repeat":"repeat","background-position":"center center","background-size":"auto","background-attachment":"scroll","background-type":"","background-media":"","overlay-type":"","overlay-color":"","overlay-opacity":"","overlay-gradient":""}},"footnotes":""},"class_list":["post-1024","page","type-page","status-publish","hentry"],"post_mailing_queue_ids":[],"_links":{"self":[{"href":"https:\/\/agora.xtec.cat\/esc-unamuno\/wp-json\/wp\/v2\/pages\/1024","targetHints":{"allow":["GET"]}}],"collection":[{"href":"https:\/\/agora.xtec.cat\/esc-unamuno\/wp-json\/wp\/v2\/pages"}],"about":[{"href":"https:\/\/agora.xtec.cat\/esc-unamuno\/wp-json\/wp\/v2\/types\/page"}],"author":[{"embeddable":true,"href":"https:\/\/agora.xtec.cat\/esc-unamuno\/wp-json\/wp\/v2\/users\/1"}],"replies":[{"embeddable":true,"href":"https:\/\/agora.xtec.cat\/esc-unamuno\/wp-json\/wp\/v2\/comments?post=1024"}],"version-history":[{"count":2,"href":"https:\/\/agora.xtec.cat\/esc-unamuno\/wp-json\/wp\/v2\/pages\/1024\/revisions"}],"predecessor-version":[{"id":2060,"href":"https:\/\/agora.xtec.cat\/esc-unamuno\/wp-json\/wp\/v2\/pages\/1024\/revisions\/2060"}],"up":[{"embeddable":true,"href":"https:\/\/agora.xtec.cat\/esc-unamuno\/wp-json\/wp\/v2\/pages\/545"}],"wp:attachment":[{"href":"https:\/\/agora.xtec.cat\/esc-unamuno\/wp-json\/wp\/v2\/media?parent=1024"}],"curies":[{"name":"wp","href":"https:\/\/api.w.org\/{rel}","templated":true}]}}