{"id":8432,"date":"2023-09-20T13:16:32","date_gmt":"2023-09-20T11:16:32","guid":{"rendered":"https:\/\/agora.xtec.cat\/esc-torreguitart\/?page_id=8432"},"modified":"2025-09-16T10:34:21","modified_gmt":"2025-09-16T08:34:21","slug":"auxiliar-de-conversa","status":"publish","type":"page","link":"https:\/\/agora.xtec.cat\/esc-torreguitart\/projectes\/gep\/auxiliar-de-conversa\/","title":{"rendered":"Auxiliar de conversa"},"content":{"rendered":"<p>Per al curs 2025\/2026 el Departament d\u2019Educaci\u00f3, en col\u00b7laboraci\u00f3 amb el Ministeri d\u2019Educaci\u00f3 i Formaci\u00f3 Professional, ha destinat a l\u2019escola una Auxiliar de Conversa. El Ryan ha vingut de Regne Unit per estudiar a Catalunya i, a la vegada, ajudar-nos a aprendre angl\u00e8s nadiu a l\u2019escola. Els dimarts, dimecres i dijous acompanyar\u00e0 a l\u2019alumnat en la seva pr\u00e0ctica oral de l\u2019angl\u00e8s i ens introduir\u00e0 a les tradicions del seu pa\u00eds.<\/p>\n<p>Esperem que el Ryan tingui una estada genial a l\u2019escola i que puguem aprendre molt d\u2019ell!<\/p>\n","protected":false},"excerpt":{"rendered":"<p>Per al curs 2025\/2026 el Departament d\u2019Educaci\u00f3, en col\u00b7laboraci\u00f3 amb el Ministeri d\u2019Educaci\u00f3 i Formaci\u00f3 Professional, ha destinat a l\u2019escola una Auxiliar de Conversa. El Ryan ha vingut de Regne Unit per estudiar a Catalunya i, a la vegada, ajudar-nos a aprendre angl\u00e8s nadiu a&hellip;  <a href=\"https:\/\/agora.xtec.cat\/esc-torreguitart\/projectes\/gep\/auxiliar-de-conversa\/\" title=\"Read Auxiliar de conversa\">Llegeix m\u00e9s\u00bb<\/a><\/p>\n","protected":false},"author":52,"featured_media":0,"parent":8431,"menu_order":0,"comment_status":"closed","ping_status":"closed","template":"page-templates\/side-menu.php","meta":{"_bbp_topic_count":0,"_bbp_reply_count":0,"_bbp_total_topic_count":0,"_bbp_total_reply_count":0,"_bbp_voice_count":0,"_bbp_anonymous_reply_count":0,"_bbp_topic_count_hidden":0,"_bbp_reply_count_hidden":0,"_bbp_forum_subforum_count":0,"footnotes":""},"class_list":["post-8432","page","type-page","status-publish","hentry"],"post_mailing_queue_ids":[],"_links":{"self":[{"href":"https:\/\/agora.xtec.cat\/esc-torreguitart\/wp-json\/wp\/v2\/pages\/8432","targetHints":{"allow":["GET"]}}],"collection":[{"href":"https:\/\/agora.xtec.cat\/esc-torreguitart\/wp-json\/wp\/v2\/pages"}],"about":[{"href":"https:\/\/agora.xtec.cat\/esc-torreguitart\/wp-json\/wp\/v2\/types\/page"}],"author":[{"embeddable":true,"href":"https:\/\/agora.xtec.cat\/esc-torreguitart\/wp-json\/wp\/v2\/users\/52"}],"replies":[{"embeddable":true,"href":"https:\/\/agora.xtec.cat\/esc-torreguitart\/wp-json\/wp\/v2\/comments?post=8432"}],"version-history":[{"count":5,"href":"https:\/\/agora.xtec.cat\/esc-torreguitart\/wp-json\/wp\/v2\/pages\/8432\/revisions"}],"predecessor-version":[{"id":12035,"href":"https:\/\/agora.xtec.cat\/esc-torreguitart\/wp-json\/wp\/v2\/pages\/8432\/revisions\/12035"}],"up":[{"embeddable":true,"href":"https:\/\/agora.xtec.cat\/esc-torreguitart\/wp-json\/wp\/v2\/pages\/8431"}],"wp:attachment":[{"href":"https:\/\/agora.xtec.cat\/esc-torreguitart\/wp-json\/wp\/v2\/media?parent=8432"}],"curies":[{"name":"wp","href":"https:\/\/api.w.org\/{rel}","templated":true}]}}