{"id":6335,"date":"2022-06-14T13:07:39","date_gmt":"2022-06-14T11:07:39","guid":{"rendered":"https:\/\/agora.xtec.cat\/esc-torreguitart\/?page_id=6335"},"modified":"2023-06-26T14:00:08","modified_gmt":"2023-06-26T12:00:08","slug":"documentacio-2","status":"publish","type":"page","link":"https:\/\/agora.xtec.cat\/esc-torreguitart\/cultura-digital\/documentacio-2\/","title":{"rendered":"Documentaci\u00f3"},"content":{"rendered":"<p>La documentaci\u00f3 de l&#8217;escola pel que fa a la cultura digital es troba en els seg\u00fcents documents:<\/p>\n<p>&#8211; <a href=\"https:\/\/agora.xtec.cat\/esc-torreguitart\/lescola\/documentacio-del-centre\/\">Normes d&#8217;Organitzaci\u00f3 i Funcionament del Centre<\/a>, a la p\u00e0gina 31.<\/p>\n<p>&#8211; Al pla d&#8217;acollida docent, que es troba al Drive de l&#8217;escola, a la p\u00e0gina 7.<\/p>\n<p>&nbsp;<\/p>\n","protected":false},"excerpt":{"rendered":"<p>La documentaci\u00f3 de l&#8217;escola pel que fa a la cultura digital es troba en els seg\u00fcents documents:<br \/>\n&#8211; <a href=\"https:\/\/agora.xtec.cat\/esc-torreguitart\/lescola\/documentacio-del-centre\/\">Normes d&#8217;Organitzaci\u00f3 i Funcionament del Centre<\/a>, a la p\u00e0gina 31.<br \/>\n&#8211; Al pla d&#8217;acollida docent, que es troba al Drive de l&#8217;escola, a la p\u00e0gina 7.<br \/>\n&nbsp;<\/p>\n","protected":false},"author":52,"featured_media":0,"parent":6031,"menu_order":5,"comment_status":"closed","ping_status":"closed","template":"","meta":{"_bbp_topic_count":0,"_bbp_reply_count":0,"_bbp_total_topic_count":0,"_bbp_total_reply_count":0,"_bbp_voice_count":0,"_bbp_anonymous_reply_count":0,"_bbp_topic_count_hidden":0,"_bbp_reply_count_hidden":0,"_bbp_forum_subforum_count":0,"footnotes":""},"class_list":["post-6335","page","type-page","status-publish","hentry"],"post_mailing_queue_ids":[],"_links":{"self":[{"href":"https:\/\/agora.xtec.cat\/esc-torreguitart\/wp-json\/wp\/v2\/pages\/6335","targetHints":{"allow":["GET"]}}],"collection":[{"href":"https:\/\/agora.xtec.cat\/esc-torreguitart\/wp-json\/wp\/v2\/pages"}],"about":[{"href":"https:\/\/agora.xtec.cat\/esc-torreguitart\/wp-json\/wp\/v2\/types\/page"}],"author":[{"embeddable":true,"href":"https:\/\/agora.xtec.cat\/esc-torreguitart\/wp-json\/wp\/v2\/users\/52"}],"replies":[{"embeddable":true,"href":"https:\/\/agora.xtec.cat\/esc-torreguitart\/wp-json\/wp\/v2\/comments?post=6335"}],"version-history":[{"count":3,"href":"https:\/\/agora.xtec.cat\/esc-torreguitart\/wp-json\/wp\/v2\/pages\/6335\/revisions"}],"predecessor-version":[{"id":8339,"href":"https:\/\/agora.xtec.cat\/esc-torreguitart\/wp-json\/wp\/v2\/pages\/6335\/revisions\/8339"}],"up":[{"embeddable":true,"href":"https:\/\/agora.xtec.cat\/esc-torreguitart\/wp-json\/wp\/v2\/pages\/6031"}],"wp:attachment":[{"href":"https:\/\/agora.xtec.cat\/esc-torreguitart\/wp-json\/wp\/v2\/media?parent=6335"}],"curies":[{"name":"wp","href":"https:\/\/api.w.org\/{rel}","templated":true}]}}