{"id":6313,"date":"2022-06-14T09:58:04","date_gmt":"2022-06-14T07:58:04","guid":{"rendered":"https:\/\/agora.xtec.cat\/esc-torreguitart\/?page_id=6313"},"modified":"2022-06-14T11:50:37","modified_gmt":"2022-06-14T09:50:37","slug":"docent","status":"publish","type":"page","link":"https:\/\/agora.xtec.cat\/esc-torreguitart\/cultura-digital\/acolliment-digital\/docent\/","title":{"rendered":"Personal docent"},"content":{"rendered":"<p>Tota la informaci\u00f3 sobre l&#8217;acollida digital del personal docent est\u00e0 recollida al document &#8220;Pla d&#8217;acollida del personal docent&#8221;. Aquest el trobareu al Drive de l&#8217;escola quan es faci la incorporaci\u00f3 i el\/la coordinador\/a digital us doni acc\u00e9s.<\/p>\n<p>Algunes de les actuacions que es veuen reflectides en aquest pla s\u00f3n:<\/p>\n<p>&#8211; Drive de l&#8217;escola i acc\u00e9s.<\/p>\n<p>&#8211; Informaci\u00f3 sobre els correus electr\u00f2nics de les promocions i acc\u00e9s.<\/p>\n<p>&#8211; L&#8217;Entorn virtual d&#8217;aprenentatge (EVA) de l&#8217;escola \u00e9s el Google Classroom.<\/p>\n<p>&#8211; Wi &#8211; Fi, impresora del centre i codis.<\/p>\n<p>&#8211; \u00das de dispositius i horaris.<\/p>\n<p>&#8211; Incid\u00e8ncies TAC<\/p>\n<p>&#8211; Horaris i serveis.<\/p>\n<p>&#8211; Sortides, col\u00f2nies i activitats de l&#8217;escola.<\/p>\n<p>&nbsp;<\/p>\n<p>Per a qualsevol dubte o consulta, <strong>el correu electr\u00f2nic del centre \u00e9s: a8024844@xtec.cat<\/strong><\/p>\n<p>&nbsp;<\/p>\n","protected":false},"excerpt":{"rendered":"<p>Tota la informaci\u00f3 sobre l&#8217;acollida digital del personal docent est\u00e0 recollida al document &#8220;Pla d&#8217;acollida del personal docent&#8221;. Aquest el trobareu al Drive de l&#8217;escola quan es faci la incorporaci\u00f3 i el\/la coordinador\/a digital us doni acc\u00e9s.<br \/>\nAlgunes de les actuacions que es veuen reflectides en&hellip;  <a href=\"https:\/\/agora.xtec.cat\/esc-torreguitart\/cultura-digital\/acolliment-digital\/docent\/\" title=\"Read Personal docent\">Llegeix m\u00e9s\u00bb<\/a><\/p>\n","protected":false},"author":52,"featured_media":0,"parent":6039,"menu_order":1,"comment_status":"closed","ping_status":"closed","template":"page-templates\/side-menu.php","meta":{"_bbp_topic_count":0,"_bbp_reply_count":0,"_bbp_total_topic_count":0,"_bbp_total_reply_count":0,"_bbp_voice_count":0,"_bbp_anonymous_reply_count":0,"_bbp_topic_count_hidden":0,"_bbp_reply_count_hidden":0,"_bbp_forum_subforum_count":0,"footnotes":""},"class_list":["post-6313","page","type-page","status-publish","hentry"],"post_mailing_queue_ids":[],"_links":{"self":[{"href":"https:\/\/agora.xtec.cat\/esc-torreguitart\/wp-json\/wp\/v2\/pages\/6313","targetHints":{"allow":["GET"]}}],"collection":[{"href":"https:\/\/agora.xtec.cat\/esc-torreguitart\/wp-json\/wp\/v2\/pages"}],"about":[{"href":"https:\/\/agora.xtec.cat\/esc-torreguitart\/wp-json\/wp\/v2\/types\/page"}],"author":[{"embeddable":true,"href":"https:\/\/agora.xtec.cat\/esc-torreguitart\/wp-json\/wp\/v2\/users\/52"}],"replies":[{"embeddable":true,"href":"https:\/\/agora.xtec.cat\/esc-torreguitart\/wp-json\/wp\/v2\/comments?post=6313"}],"version-history":[{"count":3,"href":"https:\/\/agora.xtec.cat\/esc-torreguitart\/wp-json\/wp\/v2\/pages\/6313\/revisions"}],"predecessor-version":[{"id":6326,"href":"https:\/\/agora.xtec.cat\/esc-torreguitart\/wp-json\/wp\/v2\/pages\/6313\/revisions\/6326"}],"up":[{"embeddable":true,"href":"https:\/\/agora.xtec.cat\/esc-torreguitart\/wp-json\/wp\/v2\/pages\/6039"}],"wp:attachment":[{"href":"https:\/\/agora.xtec.cat\/esc-torreguitart\/wp-json\/wp\/v2\/media?parent=6313"}],"curies":[{"name":"wp","href":"https:\/\/api.w.org\/{rel}","templated":true}]}}