{"id":6038,"date":"2022-05-16T16:11:15","date_gmt":"2022-05-16T14:11:15","guid":{"rendered":"https:\/\/agora.xtec.cat\/esc-torreguitart\/?page_id=6038"},"modified":"2022-06-14T12:30:31","modified_gmt":"2022-06-14T10:30:31","slug":"documentacio","status":"publish","type":"page","link":"https:\/\/agora.xtec.cat\/esc-torreguitart\/cultura-digital\/documentacio\/","title":{"rendered":"Desplegament curricular"},"content":{"rendered":"<p>El centre est\u00e0 planificant el seu desplegament i la seva avaluaci\u00f3 en els diferents nivells i cursos. <span id=\"page102R_mcid1072\" class=\"markedContent\"><span dir=\"ltr\" role=\"presentation\">L\u2019assoliment de la compet\u00e8ncia digital de l\u2019alumnat \u00e9s<\/span><\/span><span id=\"page102R_mcid1073\" class=\"markedContent\"> <span dir=\"ltr\" role=\"presentation\">un dels objectius principals de l\u2019EDC i s&#8217;ha d&#8217;aconseguir de forma transversal amb la implicaci\u00f3 de totes les mat\u00e8ries o \u00e0mbits. <\/span><\/span><\/p>\n<p>&nbsp;<\/p>\n<p>&#8211; EN CONSTRUCCI\u00d3 &#8211;<\/p>\n","protected":false},"excerpt":{"rendered":"<p>El centre est\u00e0 planificant el seu desplegament i la seva avaluaci\u00f3 en els diferents nivells i cursos. L\u2019assoliment de la compet\u00e8ncia digital de l\u2019alumnat \u00e9s un dels objectius principals de l\u2019EDC i s&#8217;ha d&#8217;aconseguir de forma transversal amb la implicaci\u00f3 de totes les mat\u00e8ries o&hellip;  <a href=\"https:\/\/agora.xtec.cat\/esc-torreguitart\/cultura-digital\/documentacio\/\" title=\"Read Desplegament curricular\">Llegeix m\u00e9s\u00bb<\/a><\/p>\n","protected":false},"author":52,"featured_media":0,"parent":6031,"menu_order":1,"comment_status":"closed","ping_status":"closed","template":"page-templates\/side-menu.php","meta":{"_bbp_topic_count":0,"_bbp_reply_count":0,"_bbp_total_topic_count":0,"_bbp_total_reply_count":0,"_bbp_voice_count":0,"_bbp_anonymous_reply_count":0,"_bbp_topic_count_hidden":0,"_bbp_reply_count_hidden":0,"_bbp_forum_subforum_count":0,"footnotes":""},"class_list":["post-6038","page","type-page","status-publish","hentry"],"post_mailing_queue_ids":[],"_links":{"self":[{"href":"https:\/\/agora.xtec.cat\/esc-torreguitart\/wp-json\/wp\/v2\/pages\/6038","targetHints":{"allow":["GET"]}}],"collection":[{"href":"https:\/\/agora.xtec.cat\/esc-torreguitart\/wp-json\/wp\/v2\/pages"}],"about":[{"href":"https:\/\/agora.xtec.cat\/esc-torreguitart\/wp-json\/wp\/v2\/types\/page"}],"author":[{"embeddable":true,"href":"https:\/\/agora.xtec.cat\/esc-torreguitart\/wp-json\/wp\/v2\/users\/52"}],"replies":[{"embeddable":true,"href":"https:\/\/agora.xtec.cat\/esc-torreguitart\/wp-json\/wp\/v2\/comments?post=6038"}],"version-history":[{"count":4,"href":"https:\/\/agora.xtec.cat\/esc-torreguitart\/wp-json\/wp\/v2\/pages\/6038\/revisions"}],"predecessor-version":[{"id":6333,"href":"https:\/\/agora.xtec.cat\/esc-torreguitart\/wp-json\/wp\/v2\/pages\/6038\/revisions\/6333"}],"up":[{"embeddable":true,"href":"https:\/\/agora.xtec.cat\/esc-torreguitart\/wp-json\/wp\/v2\/pages\/6031"}],"wp:attachment":[{"href":"https:\/\/agora.xtec.cat\/esc-torreguitart\/wp-json\/wp\/v2\/media?parent=6038"}],"curies":[{"name":"wp","href":"https:\/\/api.w.org\/{rel}","templated":true}]}}