{"id":6035,"date":"2022-05-16T16:11:14","date_gmt":"2022-05-16T14:11:14","guid":{"rendered":"https:\/\/agora.xtec.cat\/esc-torreguitart\/?page_id=6035"},"modified":"2024-01-16T11:07:11","modified_gmt":"2024-01-16T10:07:11","slug":"planificacio-i-seguiment","status":"publish","type":"page","link":"https:\/\/agora.xtec.cat\/esc-torreguitart\/part-estrategica\/planificacio-i-seguiment\/","title":{"rendered":"Planificaci\u00f3 i seguiment"},"content":{"rendered":"<p>Dins del <strong>Pla d&#8217;Estrat\u00e8gia Digital de Centre<\/strong> hem establert uns objectius i la seva temportitzaci\u00f3 per treballar al llarg dels trimestres en els cursos des de 2022 fins al 2025. S\u00f3n els seg\u00fcents:<img loading=\"lazy\" decoding=\"async\" class=\"wp-image-9362 aligncenter\" src=\"https:\/\/agora.xtec.cat\/esc-torreguitart\/wp-content\/uploads\/usu1814\/2024\/01\/Diseno-sin-titulo1.png\" alt=\"\" width=\"654\" height=\"926\" srcset=\"https:\/\/agora.xtec.cat\/esc-torreguitart\/wp-content\/uploads\/usu1814\/2024\/01\/Diseno-sin-titulo1.png 1414w, https:\/\/agora.xtec.cat\/esc-torreguitart\/wp-content\/uploads\/usu1814\/2024\/01\/Diseno-sin-titulo1-212x300.png 212w, https:\/\/agora.xtec.cat\/esc-torreguitart\/wp-content\/uploads\/usu1814\/2024\/01\/Diseno-sin-titulo1-724x1024.png 724w, https:\/\/agora.xtec.cat\/esc-torreguitart\/wp-content\/uploads\/usu1814\/2024\/01\/Diseno-sin-titulo1-768x1086.png 768w, https:\/\/agora.xtec.cat\/esc-torreguitart\/wp-content\/uploads\/usu1814\/2024\/01\/Diseno-sin-titulo1-1086x1536.png 1086w\" sizes=\"auto, (max-width: 654px) 100vw, 654px\" \/><\/p>\n","protected":false},"excerpt":{"rendered":"<p>Dins del Pla d&#8217;Estrat\u00e8gia Digital de Centre hem establert uns objectius i la seva temportitzaci\u00f3 per treballar al llarg dels trimestres en els cursos des de 2022 fins al 2025. S\u00f3n els seg\u00fcents:<\/p>\n","protected":false},"author":52,"featured_media":0,"parent":6030,"menu_order":3,"comment_status":"closed","ping_status":"closed","template":"page-templates\/side-menu.php","meta":{"_bbp_topic_count":0,"_bbp_reply_count":0,"_bbp_total_topic_count":0,"_bbp_total_reply_count":0,"_bbp_voice_count":0,"_bbp_anonymous_reply_count":0,"_bbp_topic_count_hidden":0,"_bbp_reply_count_hidden":0,"_bbp_forum_subforum_count":0,"footnotes":""},"class_list":["post-6035","page","type-page","status-publish","hentry"],"post_mailing_queue_ids":[],"_links":{"self":[{"href":"https:\/\/agora.xtec.cat\/esc-torreguitart\/wp-json\/wp\/v2\/pages\/6035","targetHints":{"allow":["GET"]}}],"collection":[{"href":"https:\/\/agora.xtec.cat\/esc-torreguitart\/wp-json\/wp\/v2\/pages"}],"about":[{"href":"https:\/\/agora.xtec.cat\/esc-torreguitart\/wp-json\/wp\/v2\/types\/page"}],"author":[{"embeddable":true,"href":"https:\/\/agora.xtec.cat\/esc-torreguitart\/wp-json\/wp\/v2\/users\/52"}],"replies":[{"embeddable":true,"href":"https:\/\/agora.xtec.cat\/esc-torreguitart\/wp-json\/wp\/v2\/comments?post=6035"}],"version-history":[{"count":6,"href":"https:\/\/agora.xtec.cat\/esc-torreguitart\/wp-json\/wp\/v2\/pages\/6035\/revisions"}],"predecessor-version":[{"id":9365,"href":"https:\/\/agora.xtec.cat\/esc-torreguitart\/wp-json\/wp\/v2\/pages\/6035\/revisions\/9365"}],"up":[{"embeddable":true,"href":"https:\/\/agora.xtec.cat\/esc-torreguitart\/wp-json\/wp\/v2\/pages\/6030"}],"wp:attachment":[{"href":"https:\/\/agora.xtec.cat\/esc-torreguitart\/wp-json\/wp\/v2\/media?parent=6035"}],"curies":[{"name":"wp","href":"https:\/\/api.w.org\/{rel}","templated":true}]}}