{"id":6033,"date":"2022-05-16T16:11:14","date_gmt":"2022-05-16T14:11:14","guid":{"rendered":"https:\/\/agora.xtec.cat\/esc-torreguitart\/?page_id=6033"},"modified":"2022-06-14T13:20:09","modified_gmt":"2022-06-14T11:20:09","slug":"diagnosi","status":"publish","type":"page","link":"https:\/\/agora.xtec.cat\/esc-torreguitart\/part-estrategica\/diagnosi\/","title":{"rendered":"Diagnosi del centre"},"content":{"rendered":"<p>Per poder dur a terme l&#8217;Estrat\u00e8gia Digital de centre primer hem de saber de quin punt parteix la nostra escola. En aquesta fase cal recopilar la informaci\u00f3 per identificar les fortaleses i aspectes a millorar del centre amb relaci\u00f3 a l&#8217;assoliment de les compet\u00e8ncies digitals.<\/p>\n<p>A l&#8217;escola Torreguitart hem utilitzat les seg\u00fcents eines per dur a terme la diagnosi del centre:<\/p>\n<p>&#8211; Selfie for teachers en grup.<\/p>\n<p>&#8211; Selfie de centre.<\/p>\n<p>&#8211; Enquestes a fam\u00edlies.<\/p>\n<p>&#8211; Enquestes a membres de l&#8217;AMPA i Consell Escolar.<\/p>\n<p>&#8211; Enquestes als coordinadors i coordinadores de l&#8217;escola.<\/p>\n<p>&nbsp;<\/p>\n<p>Dels resultats de l&#8217;an\u00e0lisi realitzat a partir de les eines anteriors, podem extreure que les nostres fortaleses i aspectes a millorar s\u00f3n:<\/p>\n<p><a href=\"https:\/\/agora.xtec.cat\/esc-torreguitart\/wp-content\/uploads\/usu1814\/2022\/06\/19.png\"><img loading=\"lazy\" decoding=\"async\" class=\"wp-image-6299 aligncenter\" src=\"https:\/\/agora.xtec.cat\/esc-torreguitart\/wp-content\/uploads\/usu1814\/2022\/06\/19-1024x724.png\" alt=\"\" width=\"543\" height=\"384\" srcset=\"https:\/\/agora.xtec.cat\/esc-torreguitart\/wp-content\/uploads\/usu1814\/2022\/06\/19-1024x724.png 1024w, https:\/\/agora.xtec.cat\/esc-torreguitart\/wp-content\/uploads\/usu1814\/2022\/06\/19-300x212.png 300w, https:\/\/agora.xtec.cat\/esc-torreguitart\/wp-content\/uploads\/usu1814\/2022\/06\/19-768x543.png 768w, https:\/\/agora.xtec.cat\/esc-torreguitart\/wp-content\/uploads\/usu1814\/2022\/06\/19-1536x1086.png 1536w, https:\/\/agora.xtec.cat\/esc-torreguitart\/wp-content\/uploads\/usu1814\/2022\/06\/19.png 2000w\" sizes=\"auto, (max-width: 543px) 100vw, 543px\" \/><\/a><\/p>\n<p><a href=\"https:\/\/agora.xtec.cat\/esc-torreguitart\/wp-content\/uploads\/usu1814\/2022\/06\/20.png\"><img loading=\"lazy\" decoding=\"async\" class=\"wp-image-6298 aligncenter\" src=\"https:\/\/agora.xtec.cat\/esc-torreguitart\/wp-content\/uploads\/usu1814\/2022\/06\/20-1024x724.png\" alt=\"\" width=\"539\" height=\"381\" srcset=\"https:\/\/agora.xtec.cat\/esc-torreguitart\/wp-content\/uploads\/usu1814\/2022\/06\/20-1024x724.png 1024w, https:\/\/agora.xtec.cat\/esc-torreguitart\/wp-content\/uploads\/usu1814\/2022\/06\/20-300x212.png 300w, https:\/\/agora.xtec.cat\/esc-torreguitart\/wp-content\/uploads\/usu1814\/2022\/06\/20-768x543.png 768w, https:\/\/agora.xtec.cat\/esc-torreguitart\/wp-content\/uploads\/usu1814\/2022\/06\/20-1536x1086.png 1536w, https:\/\/agora.xtec.cat\/esc-torreguitart\/wp-content\/uploads\/usu1814\/2022\/06\/20.png 2000w\" sizes=\"auto, (max-width: 539px) 100vw, 539px\" \/><\/a><\/p>\n<p>&nbsp;<\/p>\n","protected":false},"excerpt":{"rendered":"<p>Per poder dur a terme l&#8217;Estrat\u00e8gia Digital de centre primer hem de saber de quin punt parteix la nostra escola. En aquesta fase cal recopilar la informaci\u00f3 per identificar les fortaleses i aspectes a millorar del centre amb relaci\u00f3 a l&#8217;assoliment de les compet\u00e8ncies digitals.<br \/>\nA&hellip;  <a href=\"https:\/\/agora.xtec.cat\/esc-torreguitart\/part-estrategica\/diagnosi\/\" title=\"Read Diagnosi del centre\">Llegeix m\u00e9s\u00bb<\/a><\/p>\n","protected":false},"author":52,"featured_media":0,"parent":6030,"menu_order":1,"comment_status":"closed","ping_status":"closed","template":"page-templates\/side-menu.php","meta":{"_bbp_topic_count":0,"_bbp_reply_count":0,"_bbp_total_topic_count":0,"_bbp_total_reply_count":0,"_bbp_voice_count":0,"_bbp_anonymous_reply_count":0,"_bbp_topic_count_hidden":0,"_bbp_reply_count_hidden":0,"_bbp_forum_subforum_count":0,"footnotes":""},"class_list":["post-6033","page","type-page","status-publish","hentry"],"post_mailing_queue_ids":[],"_links":{"self":[{"href":"https:\/\/agora.xtec.cat\/esc-torreguitart\/wp-json\/wp\/v2\/pages\/6033","targetHints":{"allow":["GET"]}}],"collection":[{"href":"https:\/\/agora.xtec.cat\/esc-torreguitart\/wp-json\/wp\/v2\/pages"}],"about":[{"href":"https:\/\/agora.xtec.cat\/esc-torreguitart\/wp-json\/wp\/v2\/types\/page"}],"author":[{"embeddable":true,"href":"https:\/\/agora.xtec.cat\/esc-torreguitart\/wp-json\/wp\/v2\/users\/52"}],"replies":[{"embeddable":true,"href":"https:\/\/agora.xtec.cat\/esc-torreguitart\/wp-json\/wp\/v2\/comments?post=6033"}],"version-history":[{"count":4,"href":"https:\/\/agora.xtec.cat\/esc-torreguitart\/wp-json\/wp\/v2\/pages\/6033\/revisions"}],"predecessor-version":[{"id":6338,"href":"https:\/\/agora.xtec.cat\/esc-torreguitart\/wp-json\/wp\/v2\/pages\/6033\/revisions\/6338"}],"up":[{"embeddable":true,"href":"https:\/\/agora.xtec.cat\/esc-torreguitart\/wp-json\/wp\/v2\/pages\/6030"}],"wp:attachment":[{"href":"https:\/\/agora.xtec.cat\/esc-torreguitart\/wp-json\/wp\/v2\/media?parent=6033"}],"curies":[{"name":"wp","href":"https:\/\/api.w.org\/{rel}","templated":true}]}}