{"id":6031,"date":"2022-05-16T16:11:13","date_gmt":"2022-05-16T14:11:13","guid":{"rendered":"https:\/\/agora.xtec.cat\/esc-torreguitart\/?page_id=6031"},"modified":"2022-11-02T13:14:05","modified_gmt":"2022-11-02T12:14:05","slug":"cultura-digital","status":"publish","type":"page","link":"https:\/\/agora.xtec.cat\/esc-torreguitart\/cultura-digital\/","title":{"rendered":"Cultura digital"},"content":{"rendered":"<p>Aquesta segona part de l&#8217;Estrat\u00e8gia digital de centre recull i unifica totes les accions que el centre ha realitzat en l&#8217;\u00e0mbit digital. Aquesta part s&#8217;estructura segons l&#8217;experi\u00e8ncia pr\u00e8via i l&#8217;evoluci\u00f3.<\/p>\n<p>Els apartats que la formen s\u00f3n:<\/p>\n<p><strong>&#8211; <span id=\"page102R_mcid1069\" class=\"markedContent\"><span dir=\"ltr\" role=\"presentation\">Desplegament curricular de la compet\u00e8ncia digital de l\u2019alumna<\/span><\/span>t.<\/strong><\/p>\n<p><strong>&#8211; <span id=\"page102R_mcid1070\" class=\"markedContent\"><span dir=\"ltr\" role=\"presentation\">Serveis digitals que s\u2019ofereix a la comunitat educativa<\/span><\/span>.<\/strong><\/p>\n<p>&#8211; <strong><span id=\"page102R_mcid1071\" class=\"markedContent\"><span dir=\"ltr\" role=\"presentation\">Acolliment digital dels alumnes, docents i fam\u00edlies de nova incorporaci\u00f3<\/span><\/span>.<\/strong><\/p>\n<p><strong>&#8211; <span id=\"page105R_mcid1112\" class=\"markedContent\"><span dir=\"ltr\" role=\"presentation\">Comunicacions<\/span> <span dir=\"ltr\" role=\"presentation\">amb<\/span> <span dir=\"ltr\" role=\"presentation\">la<\/span> <span dir=\"ltr\" role=\"presentation\">comunitat<\/span><\/span><span id=\"page105R_mcid1113\" class=\"markedContent\"> <span dir=\"ltr\" role=\"presentation\">educativa.<\/span><\/span><\/strong><\/p>\n<p><strong>&#8211; <span id=\"page105R_mcid1114\" class=\"markedContent\"><span dir=\"ltr\" role=\"presentation\">Documentaci\u00f3 del centre. <\/span><\/span><\/strong><\/p>\n<p><strong>&#8211; Recursos per docents.<\/strong><\/p>\n","protected":false},"excerpt":{"rendered":"<p>Aquesta segona part de l&#8217;Estrat\u00e8gia digital de centre recull i unifica totes les accions que el centre ha realitzat en l&#8217;\u00e0mbit digital. Aquesta part s&#8217;estructura segons l&#8217;experi\u00e8ncia pr\u00e8via i l&#8217;evoluci\u00f3.<br \/>\nEls apartats que la formen s\u00f3n:<br \/>\n&#8211; Desplegament curricular de la compet\u00e8ncia digital de l\u2019alumnat.<br \/>\n&#8211; Serveis digitals&hellip;  <a href=\"https:\/\/agora.xtec.cat\/esc-torreguitart\/cultura-digital\/\" title=\"Read Cultura digital\">Llegeix m\u00e9s\u00bb<\/a><\/p>\n","protected":false},"author":52,"featured_media":0,"parent":0,"menu_order":2,"comment_status":"closed","ping_status":"closed","template":"page-templates\/side-menu.php","meta":{"_bbp_topic_count":0,"_bbp_reply_count":0,"_bbp_total_topic_count":0,"_bbp_total_reply_count":0,"_bbp_voice_count":0,"_bbp_anonymous_reply_count":0,"_bbp_topic_count_hidden":0,"_bbp_reply_count_hidden":0,"_bbp_forum_subforum_count":0,"footnotes":""},"class_list":["post-6031","page","type-page","status-publish","hentry"],"post_mailing_queue_ids":[],"_links":{"self":[{"href":"https:\/\/agora.xtec.cat\/esc-torreguitart\/wp-json\/wp\/v2\/pages\/6031","targetHints":{"allow":["GET"]}}],"collection":[{"href":"https:\/\/agora.xtec.cat\/esc-torreguitart\/wp-json\/wp\/v2\/pages"}],"about":[{"href":"https:\/\/agora.xtec.cat\/esc-torreguitart\/wp-json\/wp\/v2\/types\/page"}],"author":[{"embeddable":true,"href":"https:\/\/agora.xtec.cat\/esc-torreguitart\/wp-json\/wp\/v2\/users\/52"}],"replies":[{"embeddable":true,"href":"https:\/\/agora.xtec.cat\/esc-torreguitart\/wp-json\/wp\/v2\/comments?post=6031"}],"version-history":[{"count":4,"href":"https:\/\/agora.xtec.cat\/esc-torreguitart\/wp-json\/wp\/v2\/pages\/6031\/revisions"}],"predecessor-version":[{"id":6827,"href":"https:\/\/agora.xtec.cat\/esc-torreguitart\/wp-json\/wp\/v2\/pages\/6031\/revisions\/6827"}],"wp:attachment":[{"href":"https:\/\/agora.xtec.cat\/esc-torreguitart\/wp-json\/wp\/v2\/media?parent=6031"}],"curies":[{"name":"wp","href":"https:\/\/api.w.org\/{rel}","templated":true}]}}