{"id":6030,"date":"2022-05-16T16:11:13","date_gmt":"2022-05-16T14:11:13","guid":{"rendered":"https:\/\/agora.xtec.cat\/esc-torreguitart\/?page_id=6030"},"modified":"2022-09-14T13:28:33","modified_gmt":"2022-09-14T11:28:33","slug":"part-estrategica","status":"publish","type":"page","link":"https:\/\/agora.xtec.cat\/esc-torreguitart\/part-estrategica\/","title":{"rendered":"Part estrat\u00e8gica"},"content":{"rendered":"<p>Per concretar el grau de maduresa digital que ha d&#8217;assolir el nostre centre dins de cada \u00e0mbit (docent, alumnat, centre) i com dur-ho a terme, s\u00f3n necess\u00e0ries 4 fases:<\/p>\n<p><a href=\"https:\/\/agora.xtec.cat\/esc-torreguitart\/jornada-de-portes-obertes-2020-21-2\/part-estrategica\/diagnosi\/\"><img loading=\"lazy\" decoding=\"async\" class=\"wp-image-6290 aligncenter\" src=\"https:\/\/agora.xtec.cat\/esc-torreguitart\/wp-content\/uploads\/usu1814\/2022\/06\/15-1024x360.png\" alt=\"\" width=\"424\" height=\"149\" srcset=\"https:\/\/agora.xtec.cat\/esc-torreguitart\/wp-content\/uploads\/usu1814\/2022\/06\/15-1024x360.png 1024w, https:\/\/agora.xtec.cat\/esc-torreguitart\/wp-content\/uploads\/usu1814\/2022\/06\/15-300x106.png 300w, https:\/\/agora.xtec.cat\/esc-torreguitart\/wp-content\/uploads\/usu1814\/2022\/06\/15-768x270.png 768w, https:\/\/agora.xtec.cat\/esc-torreguitart\/wp-content\/uploads\/usu1814\/2022\/06\/15-1536x540.png 1536w, https:\/\/agora.xtec.cat\/esc-torreguitart\/wp-content\/uploads\/usu1814\/2022\/06\/15.png 1990w\" sizes=\"auto, (max-width: 424px) 100vw, 424px\" \/><\/a> <a href=\"https:\/\/agora.xtec.cat\/esc-torreguitart\/jornada-de-portes-obertes-2020-21-2\/part-estrategica\/objectius\/\"><img loading=\"lazy\" decoding=\"async\" class=\"wp-image-6291 aligncenter\" src=\"https:\/\/agora.xtec.cat\/esc-torreguitart\/wp-content\/uploads\/usu1814\/2022\/06\/16-1024x316.png\" alt=\"\" width=\"424\" height=\"131\" srcset=\"https:\/\/agora.xtec.cat\/esc-torreguitart\/wp-content\/uploads\/usu1814\/2022\/06\/16-1024x316.png 1024w, https:\/\/agora.xtec.cat\/esc-torreguitart\/wp-content\/uploads\/usu1814\/2022\/06\/16-300x93.png 300w, https:\/\/agora.xtec.cat\/esc-torreguitart\/wp-content\/uploads\/usu1814\/2022\/06\/16-768x237.png 768w, https:\/\/agora.xtec.cat\/esc-torreguitart\/wp-content\/uploads\/usu1814\/2022\/06\/16-1536x474.png 1536w, https:\/\/agora.xtec.cat\/esc-torreguitart\/wp-content\/uploads\/usu1814\/2022\/06\/16.png 2000w\" sizes=\"auto, (max-width: 424px) 100vw, 424px\" \/><\/a> <a href=\"https:\/\/agora.xtec.cat\/esc-torreguitart\/jornada-de-portes-obertes-2020-21-2\/part-estrategica\/planificacio-i-seguiment\/\"><img loading=\"lazy\" decoding=\"async\" class=\"wp-image-6292 aligncenter\" src=\"https:\/\/agora.xtec.cat\/esc-torreguitart\/wp-content\/uploads\/usu1814\/2022\/06\/17-1024x320.png\" alt=\"\" width=\"425\" height=\"133\" srcset=\"https:\/\/agora.xtec.cat\/esc-torreguitart\/wp-content\/uploads\/usu1814\/2022\/06\/17-1024x320.png 1024w, https:\/\/agora.xtec.cat\/esc-torreguitart\/wp-content\/uploads\/usu1814\/2022\/06\/17-300x94.png 300w, https:\/\/agora.xtec.cat\/esc-torreguitart\/wp-content\/uploads\/usu1814\/2022\/06\/17-768x240.png 768w, https:\/\/agora.xtec.cat\/esc-torreguitart\/wp-content\/uploads\/usu1814\/2022\/06\/17-1536x479.png 1536w, https:\/\/agora.xtec.cat\/esc-torreguitart\/wp-content\/uploads\/usu1814\/2022\/06\/17.png 1999w\" sizes=\"auto, (max-width: 425px) 100vw, 425px\" \/><\/a> <a href=\"https:\/\/agora.xtec.cat\/esc-torreguitart\/wp-content\/uploads\/usu1814\/2022\/06\/18.png\"><img loading=\"lazy\" decoding=\"async\" class=\"wp-image-6293 aligncenter\" src=\"https:\/\/agora.xtec.cat\/esc-torreguitart\/wp-content\/uploads\/usu1814\/2022\/06\/18-1024x325.png\" alt=\"\" width=\"425\" height=\"135\" srcset=\"https:\/\/agora.xtec.cat\/esc-torreguitart\/wp-content\/uploads\/usu1814\/2022\/06\/18-1024x325.png 1024w, https:\/\/agora.xtec.cat\/esc-torreguitart\/wp-content\/uploads\/usu1814\/2022\/06\/18-300x95.png 300w, https:\/\/agora.xtec.cat\/esc-torreguitart\/wp-content\/uploads\/usu1814\/2022\/06\/18-768x244.png 768w, https:\/\/agora.xtec.cat\/esc-torreguitart\/wp-content\/uploads\/usu1814\/2022\/06\/18-1536x488.png 1536w, https:\/\/agora.xtec.cat\/esc-torreguitart\/wp-content\/uploads\/usu1814\/2022\/06\/18.png 1999w\" sizes=\"auto, (max-width: 425px) 100vw, 425px\" \/><\/a><\/p>\n<p>&nbsp;<\/p>\n","protected":false},"excerpt":{"rendered":"<p>Per concretar el grau de maduresa digital que ha d&#8217;assolir el nostre centre dins de cada \u00e0mbit (docent, alumnat, centre) i com dur-ho a terme, s\u00f3n necess\u00e0ries 4 fases:<br \/>\n<a href=\"https:\/\/agora.xtec.cat\/esc-torreguitart\/jornada-de-portes-obertes-2020-21-2\/part-estrategica\/diagnosi\/\"><\/a> <a href=\"https:\/\/agora.xtec.cat\/esc-torreguitart\/jornada-de-portes-obertes-2020-21-2\/part-estrategica\/objectius\/\"><\/a> <a href=\"https:\/\/agora.xtec.cat\/esc-torreguitart\/jornada-de-portes-obertes-2020-21-2\/part-estrategica\/planificacio-i-seguiment\/\"><\/a> <a href=\"https:\/\/agora.xtec.cat\/esc-torreguitart\/wp-content\/uploads\/usu1814\/2022\/06\/18.png\"><\/a><br \/>\n&nbsp;<\/p>\n","protected":false},"author":52,"featured_media":0,"parent":0,"menu_order":1,"comment_status":"closed","ping_status":"closed","template":"page-templates\/side-menu.php","meta":{"_bbp_topic_count":0,"_bbp_reply_count":0,"_bbp_total_topic_count":0,"_bbp_total_reply_count":0,"_bbp_voice_count":0,"_bbp_anonymous_reply_count":0,"_bbp_topic_count_hidden":0,"_bbp_reply_count_hidden":0,"_bbp_forum_subforum_count":0,"footnotes":""},"class_list":["post-6030","page","type-page","status-publish","hentry"],"post_mailing_queue_ids":[],"_links":{"self":[{"href":"https:\/\/agora.xtec.cat\/esc-torreguitart\/wp-json\/wp\/v2\/pages\/6030","targetHints":{"allow":["GET"]}}],"collection":[{"href":"https:\/\/agora.xtec.cat\/esc-torreguitart\/wp-json\/wp\/v2\/pages"}],"about":[{"href":"https:\/\/agora.xtec.cat\/esc-torreguitart\/wp-json\/wp\/v2\/types\/page"}],"author":[{"embeddable":true,"href":"https:\/\/agora.xtec.cat\/esc-torreguitart\/wp-json\/wp\/v2\/users\/52"}],"replies":[{"embeddable":true,"href":"https:\/\/agora.xtec.cat\/esc-torreguitart\/wp-json\/wp\/v2\/comments?post=6030"}],"version-history":[{"count":3,"href":"https:\/\/agora.xtec.cat\/esc-torreguitart\/wp-json\/wp\/v2\/pages\/6030\/revisions"}],"predecessor-version":[{"id":6295,"href":"https:\/\/agora.xtec.cat\/esc-torreguitart\/wp-json\/wp\/v2\/pages\/6030\/revisions\/6295"}],"wp:attachment":[{"href":"https:\/\/agora.xtec.cat\/esc-torreguitart\/wp-json\/wp\/v2\/media?parent=6030"}],"curies":[{"name":"wp","href":"https:\/\/api.w.org\/{rel}","templated":true}]}}