{"id":2857,"date":"2021-02-13T11:07:34","date_gmt":"2021-02-13T10:07:34","guid":{"rendered":"http:\/\/agora.xtec.cat\/esc-torreguitart\/?page_id=2857"},"modified":"2025-12-05T09:52:16","modified_gmt":"2025-12-05T08:52:16","slug":"5e","status":"publish","type":"page","link":"https:\/\/agora.xtec.cat\/esc-torreguitart\/infantil-i-primaria\/5e\/","title":{"rendered":"5\u00e8"},"content":{"rendered":"<div class=\"entry-content\">\n<p><img loading=\"lazy\" decoding=\"async\" class=\"aligncenter size-large wp-image-12425\" src=\"https:\/\/agora.xtec.cat\/esc-torreguitart\/wp-content\/uploads\/usu1814\/2025\/11\/Image-to-PDF-20251028-18.44.07_page-0001-1024x725.jpg\" alt=\"\" width=\"1024\" height=\"725\" srcset=\"https:\/\/agora.xtec.cat\/esc-torreguitart\/wp-content\/uploads\/usu1814\/2025\/11\/Image-to-PDF-20251028-18.44.07_page-0001-1024x725.jpg 1024w, https:\/\/agora.xtec.cat\/esc-torreguitart\/wp-content\/uploads\/usu1814\/2025\/11\/Image-to-PDF-20251028-18.44.07_page-0001-300x212.jpg 300w, https:\/\/agora.xtec.cat\/esc-torreguitart\/wp-content\/uploads\/usu1814\/2025\/11\/Image-to-PDF-20251028-18.44.07_page-0001-768x543.jpg 768w, https:\/\/agora.xtec.cat\/esc-torreguitart\/wp-content\/uploads\/usu1814\/2025\/11\/Image-to-PDF-20251028-18.44.07_page-0001-1536x1087.jpg 1536w, https:\/\/agora.xtec.cat\/esc-torreguitart\/wp-content\/uploads\/usu1814\/2025\/11\/Image-to-PDF-20251028-18.44.07_page-0001.jpg 1754w\" sizes=\"auto, (max-width: 1024px) 100vw, 1024px\" \/><\/p>\n<p style=\"text-align: center;\"><a href=\"https:\/\/agora.xtec.cat\/esc-torreguitart\/categoria\/inf-i-pri\/promocio2018\/\">ENTREU AQU\u00cd A VEURE EL BLOG DEL CURS!<\/a><\/p>\n<p>\ud83d\udce9 Recordeu que us podeu posar en contacte amb el tutor o tutora del grup fent servir el correu electr\u00f2nic de la classe, que \u00e9s el seg\u00fcent: <strong>promocio2017@escolatorreguitart.org <\/strong><\/p>\n<p>Fins aviat!<\/p>\n<\/div>\n","protected":false},"excerpt":{"rendered":"<p><a href=\"https:\/\/agora.xtec.cat\/esc-torreguitart\/categoria\/inf-i-pri\/promocio2018\/\">ENTREU AQU\u00cd A VEURE EL BLOG DEL CURS!<\/a><br \/>\n\ud83d\udce9 Recordeu que us podeu posar en contacte amb el tutor o tutora del grup fent servir el correu electr\u00f2nic de la classe, que \u00e9s el seg\u00fcent: promocio2017@escolatorreguitart.org<br \/>\nFins aviat!<\/p>\n","protected":false},"author":23,"featured_media":0,"parent":2839,"menu_order":80,"comment_status":"closed","ping_status":"closed","template":"page-templates\/side-menu.php","meta":{"_bbp_topic_count":0,"_bbp_reply_count":0,"_bbp_total_topic_count":0,"_bbp_total_reply_count":0,"_bbp_voice_count":0,"_bbp_anonymous_reply_count":0,"_bbp_topic_count_hidden":0,"_bbp_reply_count_hidden":0,"_bbp_forum_subforum_count":0,"footnotes":""},"class_list":["post-2857","page","type-page","status-publish","hentry"],"post_mailing_queue_ids":[],"_links":{"self":[{"href":"https:\/\/agora.xtec.cat\/esc-torreguitart\/wp-json\/wp\/v2\/pages\/2857","targetHints":{"allow":["GET"]}}],"collection":[{"href":"https:\/\/agora.xtec.cat\/esc-torreguitart\/wp-json\/wp\/v2\/pages"}],"about":[{"href":"https:\/\/agora.xtec.cat\/esc-torreguitart\/wp-json\/wp\/v2\/types\/page"}],"author":[{"embeddable":true,"href":"https:\/\/agora.xtec.cat\/esc-torreguitart\/wp-json\/wp\/v2\/users\/23"}],"replies":[{"embeddable":true,"href":"https:\/\/agora.xtec.cat\/esc-torreguitart\/wp-json\/wp\/v2\/comments?post=2857"}],"version-history":[{"count":6,"href":"https:\/\/agora.xtec.cat\/esc-torreguitart\/wp-json\/wp\/v2\/pages\/2857\/revisions"}],"predecessor-version":[{"id":12491,"href":"https:\/\/agora.xtec.cat\/esc-torreguitart\/wp-json\/wp\/v2\/pages\/2857\/revisions\/12491"}],"up":[{"embeddable":true,"href":"https:\/\/agora.xtec.cat\/esc-torreguitart\/wp-json\/wp\/v2\/pages\/2839"}],"wp:attachment":[{"href":"https:\/\/agora.xtec.cat\/esc-torreguitart\/wp-json\/wp\/v2\/media?parent=2857"}],"curies":[{"name":"wp","href":"https:\/\/api.w.org\/{rel}","templated":true}]}}