{"id":2855,"date":"2021-02-13T11:07:10","date_gmt":"2021-02-13T10:07:10","guid":{"rendered":"http:\/\/agora.xtec.cat\/esc-torreguitart\/?page_id=2855"},"modified":"2025-12-05T09:52:33","modified_gmt":"2025-12-05T08:52:33","slug":"4t","status":"publish","type":"page","link":"https:\/\/agora.xtec.cat\/esc-torreguitart\/infantil-i-primaria\/4t\/","title":{"rendered":"4t"},"content":{"rendered":"<div><img loading=\"lazy\" decoding=\"async\" class=\"aligncenter size-large wp-image-12121\" src=\"https:\/\/agora.xtec.cat\/esc-torreguitart\/wp-content\/uploads\/usu1814\/2025\/10\/4T-DE-PRIMARIA-1_page-0001-724x1024.jpg\" alt=\"\" width=\"724\" height=\"1024\" srcset=\"https:\/\/agora.xtec.cat\/esc-torreguitart\/wp-content\/uploads\/usu1814\/2025\/10\/4T-DE-PRIMARIA-1_page-0001-724x1024.jpg 724w, https:\/\/agora.xtec.cat\/esc-torreguitart\/wp-content\/uploads\/usu1814\/2025\/10\/4T-DE-PRIMARIA-1_page-0001-212x300.jpg 212w, https:\/\/agora.xtec.cat\/esc-torreguitart\/wp-content\/uploads\/usu1814\/2025\/10\/4T-DE-PRIMARIA-1_page-0001-768x1086.jpg 768w, https:\/\/agora.xtec.cat\/esc-torreguitart\/wp-content\/uploads\/usu1814\/2025\/10\/4T-DE-PRIMARIA-1_page-0001-1086x1536.jpg 1086w, https:\/\/agora.xtec.cat\/esc-torreguitart\/wp-content\/uploads\/usu1814\/2025\/10\/4T-DE-PRIMARIA-1_page-0001.jpg 1241w\" sizes=\"auto, (max-width: 724px) 100vw, 724px\" \/><\/div>\n<div><\/div>\n<p style=\"text-align: center;\"><a href=\"https:\/\/agora.xtec.cat\/esc-torreguitart\/categoria\/inf-i-pri\/promocio2019\/\">ENTREU AQU\u00cd A VEURE EL BLOG DEL CURS!<\/a><\/p>\n<p>\ud83d\udce9 Recordeu que us podeu posar en contacte amb el tutor o tutora del grup fent servir el correu electr\u00f2nic de la classe, que \u00e9s el seg\u00fcent: <strong>promocio2018@escolatorreguitart.org <\/strong><\/p>\n<p>Fins aviat!<\/p>\n","protected":false},"excerpt":{"rendered":"<p><a href=\"https:\/\/agora.xtec.cat\/esc-torreguitart\/categoria\/inf-i-pri\/promocio2019\/\">ENTREU AQU\u00cd A VEURE EL BLOG DEL CURS!<\/a><br \/>\n\ud83d\udce9 Recordeu que us podeu posar en contacte amb el tutor o tutora del grup fent servir el correu electr\u00f2nic de la classe, que \u00e9s el seg\u00fcent: promocio2018@escolatorreguitart.org<br \/>\nFins aviat!<\/p>\n","protected":false},"author":23,"featured_media":0,"parent":2839,"menu_order":70,"comment_status":"closed","ping_status":"closed","template":"page-templates\/side-menu.php","meta":{"_bbp_topic_count":0,"_bbp_reply_count":0,"_bbp_total_topic_count":0,"_bbp_total_reply_count":0,"_bbp_voice_count":0,"_bbp_anonymous_reply_count":0,"_bbp_topic_count_hidden":0,"_bbp_reply_count_hidden":0,"_bbp_forum_subforum_count":0,"footnotes":""},"class_list":["post-2855","page","type-page","status-publish","hentry"],"post_mailing_queue_ids":[],"_links":{"self":[{"href":"https:\/\/agora.xtec.cat\/esc-torreguitart\/wp-json\/wp\/v2\/pages\/2855","targetHints":{"allow":["GET"]}}],"collection":[{"href":"https:\/\/agora.xtec.cat\/esc-torreguitart\/wp-json\/wp\/v2\/pages"}],"about":[{"href":"https:\/\/agora.xtec.cat\/esc-torreguitart\/wp-json\/wp\/v2\/types\/page"}],"author":[{"embeddable":true,"href":"https:\/\/agora.xtec.cat\/esc-torreguitart\/wp-json\/wp\/v2\/users\/23"}],"replies":[{"embeddable":true,"href":"https:\/\/agora.xtec.cat\/esc-torreguitart\/wp-json\/wp\/v2\/comments?post=2855"}],"version-history":[{"count":8,"href":"https:\/\/agora.xtec.cat\/esc-torreguitart\/wp-json\/wp\/v2\/pages\/2855\/revisions"}],"predecessor-version":[{"id":12492,"href":"https:\/\/agora.xtec.cat\/esc-torreguitart\/wp-json\/wp\/v2\/pages\/2855\/revisions\/12492"}],"up":[{"embeddable":true,"href":"https:\/\/agora.xtec.cat\/esc-torreguitart\/wp-json\/wp\/v2\/pages\/2839"}],"wp:attachment":[{"href":"https:\/\/agora.xtec.cat\/esc-torreguitart\/wp-json\/wp\/v2\/media?parent=2855"}],"curies":[{"name":"wp","href":"https:\/\/api.w.org\/{rel}","templated":true}]}}