{"id":2847,"date":"2021-02-13T11:06:00","date_gmt":"2021-02-13T10:06:00","guid":{"rendered":"http:\/\/agora.xtec.cat\/esc-torreguitart\/?page_id=2847"},"modified":"2025-12-05T09:54:04","modified_gmt":"2025-12-05T08:54:04","slug":"p5","status":"publish","type":"page","link":"https:\/\/agora.xtec.cat\/esc-torreguitart\/infantil-i-primaria\/p5\/","title":{"rendered":"EI 5"},"content":{"rendered":"<p><img loading=\"lazy\" decoding=\"async\" class=\"aligncenter size-large wp-image-12129\" src=\"https:\/\/agora.xtec.cat\/esc-torreguitart\/wp-content\/uploads\/usu1814\/2025\/10\/projecte-Pessigolles-7_page-0001-1024x724.jpg\" alt=\"\" width=\"1024\" height=\"724\" srcset=\"https:\/\/agora.xtec.cat\/esc-torreguitart\/wp-content\/uploads\/usu1814\/2025\/10\/projecte-Pessigolles-7_page-0001-1024x724.jpg 1024w, https:\/\/agora.xtec.cat\/esc-torreguitart\/wp-content\/uploads\/usu1814\/2025\/10\/projecte-Pessigolles-7_page-0001-300x212.jpg 300w, https:\/\/agora.xtec.cat\/esc-torreguitart\/wp-content\/uploads\/usu1814\/2025\/10\/projecte-Pessigolles-7_page-0001-768x543.jpg 768w, https:\/\/agora.xtec.cat\/esc-torreguitart\/wp-content\/uploads\/usu1814\/2025\/10\/projecte-Pessigolles-7_page-0001-1536x1086.jpg 1536w, https:\/\/agora.xtec.cat\/esc-torreguitart\/wp-content\/uploads\/usu1814\/2025\/10\/projecte-Pessigolles-7_page-0001.jpg 1755w\" sizes=\"auto, (max-width: 1024px) 100vw, 1024px\" \/><\/p>\n<p style=\"text-align: center;\"><a href=\"https:\/\/agora.xtec.cat\/esc-torreguitart\/categoria\/inf-i-pri\/promocio2023\/\">ENTREU AQU\u00cd A VEURE EL BLOG DEL CURS!<\/a><\/p>\n<p>\ud83d\udce9 Recordeu que us podeu posar en contacte amb el tutor o tutora del grup fent servir el correu electr\u00f2nic de la classe, que \u00e9s el seg\u00fcent: <strong>promocio2022@escolatorreguitart.org <\/strong><\/p>\n","protected":false},"excerpt":{"rendered":"<p><a href=\"https:\/\/agora.xtec.cat\/esc-torreguitart\/categoria\/inf-i-pri\/promocio2023\/\">ENTREU AQU\u00cd A VEURE EL BLOG DEL CURS!<\/a><br \/>\n\ud83d\udce9 Recordeu que us podeu posar en contacte amb el tutor o tutora del grup fent servir el correu electr\u00f2nic de la classe, que \u00e9s el seg\u00fcent: promocio2022@escolatorreguitart.org <\/p>\n","protected":false},"author":23,"featured_media":0,"parent":2839,"menu_order":30,"comment_status":"closed","ping_status":"closed","template":"page-templates\/side-menu.php","meta":{"_bbp_topic_count":0,"_bbp_reply_count":0,"_bbp_total_topic_count":0,"_bbp_total_reply_count":0,"_bbp_voice_count":0,"_bbp_anonymous_reply_count":0,"_bbp_topic_count_hidden":0,"_bbp_reply_count_hidden":0,"_bbp_forum_subforum_count":0,"footnotes":""},"class_list":["post-2847","page","type-page","status-publish","hentry"],"post_mailing_queue_ids":[],"_links":{"self":[{"href":"https:\/\/agora.xtec.cat\/esc-torreguitart\/wp-json\/wp\/v2\/pages\/2847","targetHints":{"allow":["GET"]}}],"collection":[{"href":"https:\/\/agora.xtec.cat\/esc-torreguitart\/wp-json\/wp\/v2\/pages"}],"about":[{"href":"https:\/\/agora.xtec.cat\/esc-torreguitart\/wp-json\/wp\/v2\/types\/page"}],"author":[{"embeddable":true,"href":"https:\/\/agora.xtec.cat\/esc-torreguitart\/wp-json\/wp\/v2\/users\/23"}],"replies":[{"embeddable":true,"href":"https:\/\/agora.xtec.cat\/esc-torreguitart\/wp-json\/wp\/v2\/comments?post=2847"}],"version-history":[{"count":6,"href":"https:\/\/agora.xtec.cat\/esc-torreguitart\/wp-json\/wp\/v2\/pages\/2847\/revisions"}],"predecessor-version":[{"id":12496,"href":"https:\/\/agora.xtec.cat\/esc-torreguitart\/wp-json\/wp\/v2\/pages\/2847\/revisions\/12496"}],"up":[{"embeddable":true,"href":"https:\/\/agora.xtec.cat\/esc-torreguitart\/wp-json\/wp\/v2\/pages\/2839"}],"wp:attachment":[{"href":"https:\/\/agora.xtec.cat\/esc-torreguitart\/wp-json\/wp\/v2\/media?parent=2847"}],"curies":[{"name":"wp","href":"https:\/\/api.w.org\/{rel}","templated":true}]}}