{"id":2845,"date":"2021-02-13T11:05:40","date_gmt":"2021-02-13T10:05:40","guid":{"rendered":"http:\/\/agora.xtec.cat\/esc-torreguitart\/?page_id=2845"},"modified":"2025-12-05T09:54:44","modified_gmt":"2025-12-05T08:54:44","slug":"p4","status":"publish","type":"page","link":"https:\/\/agora.xtec.cat\/esc-torreguitart\/infantil-i-primaria\/p4\/","title":{"rendered":"EI 4"},"content":{"rendered":"<p><img loading=\"lazy\" decoding=\"async\" class=\"aligncenter size-large wp-image-12125\" src=\"https:\/\/agora.xtec.cat\/esc-torreguitart\/wp-content\/uploads\/usu1814\/2025\/10\/BLOG-document_page-0001-1024x724.jpg\" alt=\"\" width=\"1024\" height=\"724\" srcset=\"https:\/\/agora.xtec.cat\/esc-torreguitart\/wp-content\/uploads\/usu1814\/2025\/10\/BLOG-document_page-0001-1024x724.jpg 1024w, https:\/\/agora.xtec.cat\/esc-torreguitart\/wp-content\/uploads\/usu1814\/2025\/10\/BLOG-document_page-0001-300x212.jpg 300w, https:\/\/agora.xtec.cat\/esc-torreguitart\/wp-content\/uploads\/usu1814\/2025\/10\/BLOG-document_page-0001-768x543.jpg 768w, https:\/\/agora.xtec.cat\/esc-torreguitart\/wp-content\/uploads\/usu1814\/2025\/10\/BLOG-document_page-0001-1536x1086.jpg 1536w, https:\/\/agora.xtec.cat\/esc-torreguitart\/wp-content\/uploads\/usu1814\/2025\/10\/BLOG-document_page-0001.jpg 1755w\" sizes=\"auto, (max-width: 1024px) 100vw, 1024px\" \/><\/p>\n<p><img loading=\"lazy\" decoding=\"async\" class=\"aligncenter size-large wp-image-12126\" src=\"https:\/\/agora.xtec.cat\/esc-torreguitart\/wp-content\/uploads\/usu1814\/2025\/10\/BLOG-document_page-0002-1024x724.jpg\" alt=\"\" width=\"1024\" height=\"724\" srcset=\"https:\/\/agora.xtec.cat\/esc-torreguitart\/wp-content\/uploads\/usu1814\/2025\/10\/BLOG-document_page-0002-1024x724.jpg 1024w, https:\/\/agora.xtec.cat\/esc-torreguitart\/wp-content\/uploads\/usu1814\/2025\/10\/BLOG-document_page-0002-300x212.jpg 300w, https:\/\/agora.xtec.cat\/esc-torreguitart\/wp-content\/uploads\/usu1814\/2025\/10\/BLOG-document_page-0002-768x543.jpg 768w, https:\/\/agora.xtec.cat\/esc-torreguitart\/wp-content\/uploads\/usu1814\/2025\/10\/BLOG-document_page-0002-1536x1086.jpg 1536w, https:\/\/agora.xtec.cat\/esc-torreguitart\/wp-content\/uploads\/usu1814\/2025\/10\/BLOG-document_page-0002.jpg 1755w\" sizes=\"auto, (max-width: 1024px) 100vw, 1024px\" \/><\/p>\n<p>&nbsp;<\/p>\n<p><img loading=\"lazy\" decoding=\"async\" class=\"aligncenter size-large wp-image-12124\" src=\"https:\/\/agora.xtec.cat\/esc-torreguitart\/wp-content\/uploads\/usu1814\/2025\/10\/BLOG-document_page-0003-1024x724.jpg\" alt=\"\" width=\"1024\" height=\"724\" srcset=\"https:\/\/agora.xtec.cat\/esc-torreguitart\/wp-content\/uploads\/usu1814\/2025\/10\/BLOG-document_page-0003-1024x724.jpg 1024w, https:\/\/agora.xtec.cat\/esc-torreguitart\/wp-content\/uploads\/usu1814\/2025\/10\/BLOG-document_page-0003-300x212.jpg 300w, https:\/\/agora.xtec.cat\/esc-torreguitart\/wp-content\/uploads\/usu1814\/2025\/10\/BLOG-document_page-0003-768x543.jpg 768w, https:\/\/agora.xtec.cat\/esc-torreguitart\/wp-content\/uploads\/usu1814\/2025\/10\/BLOG-document_page-0003-1536x1086.jpg 1536w, https:\/\/agora.xtec.cat\/esc-torreguitart\/wp-content\/uploads\/usu1814\/2025\/10\/BLOG-document_page-0003.jpg 1755w\" sizes=\"auto, (max-width: 1024px) 100vw, 1024px\" \/><\/p>\n<p style=\"text-align: center;\"><a href=\"https:\/\/agora.xtec.cat\/esc-torreguitart\/categoria\/inf-i-pri\/promocio2024\/\">ENTREU AQU\u00cd A VEURE EL BLOG DEL CURS!<\/a><\/p>\n<p>Us compartim un llistat d\u2019enlla\u00e7os web per poder jugar i seguir aprenent! Esperem que us agradin!<\/p>\n<p style=\"text-align: center;\"><b>RECURSOS I P\u00c0GINES WEB per treballar, feu clic en el nom per accedir-hi:<br \/>\n<\/b><\/p>\n<p style=\"text-align: center;\"><a href=\"http:\/\/www.edu365.cat\">Jocs educatius de totes les mat\u00e8ries<\/a>.<\/p>\n<p style=\"text-align: center;\"><a href=\"http:\/\/www.cokitos.com\">Jocs educatius per edats<\/a><\/p>\n<p style=\"text-align: center;\"><a href=\"http:\/\/natibergada.cat\/recursos-educatius-per-aprendre-des-de-casa\">Recull de recursos<\/a><\/p>\n<p style=\"text-align: center;\"><a href=\"https:\/\/www.ccma.cat\/tv3\/super3\/infok\/\">Not\u00edcies per a nens<\/a><\/p>\n<p style=\"text-align: center;\"><a href=\"https:\/\/www.ccma.cat\/tv3\/super3\/una-ma-de-contes\/\">Contes<\/a><\/p>\n<p style=\"text-align: center;\"><a href=\"https:\/\/family.gonoodle.com\/\">V\u00eddeos de moviment i mindfulness<\/a><\/p>\n<p style=\"text-align: center;\"><a href=\"http:\/\/www.pinterest.es\/\">Manualitats i activitats<\/a><\/p>\n<p style=\"text-align: center;\"><a href=\"http:\/\/xtec.cat\/centres\/c5003822\/sisena_hora\/matematiques.htm\">Activitats de matem\u00e0tiques<\/a><\/p>\n<p style=\"text-align: center;\"><a href=\"http:\/\/www.ictgames.com\/\">Jocs de matem\u00e0tiques i angl\u00e8s<\/a><\/p>\n<p style=\"text-align: center;\"><a href=\"http:\/\/www.koalatext.com\/\">Activitats en angl\u00e8s<\/a><\/p>\n<p style=\"text-align: center;\"><b>CANALS DE YOUTUBE INTERESSANTS<\/b><\/p>\n<p style=\"text-align: center;\">V\u00eddeos educatius per repassar: Happy learning i Smile and Learn<\/p>\n<p style=\"text-align: center;\">Reptes i manualitats: As\u00ed o m\u00e1s f\u00e1cil<\/p>\n<p style=\"text-align: center;\">Construccions i manualitats: Art Attack<\/p>\n<p style=\"text-align: center;\">V\u00eddeos per aprendre i repassar: La Eduteca<\/p>\n<p style=\"text-align: center;\">Can\u00e7ons en angl\u00e8s: Super simple songs<\/p>\n<p style=\"text-align: center;\">Balls i coreografies: Just dance<\/p>\n<p style=\"text-align: center;\">Ioga per a nens: Yogic<\/p>\n<p>&nbsp;<\/p>\n<p>\ud83d\udce9 Recordeu que us podeu posar en contacte amb el tutor o tutora del grup fent servir el correu electr\u00f2nic de la classe, que \u00e9s el seg\u00fcent: <strong>promocio2023@escolatorreguitart.org<\/strong><\/p>\n<p>&nbsp;<\/p>\n","protected":false},"excerpt":{"rendered":"<p>&nbsp;<\/p>\n<p><a href=\"https:\/\/agora.xtec.cat\/esc-torreguitart\/categoria\/inf-i-pri\/promocio2024\/\">ENTREU AQU\u00cd A VEURE EL BLOG DEL CURS!<\/a><br \/>\nUs compartim un llistat d\u2019enlla\u00e7os web per poder jugar i seguir aprenent! Esperem que us agradin!<br \/>\nRECURSOS I P\u00c0GINES WEB per treballar, feu clic en el nom per accedir-hi:<\/p>\n<p><a href=\"http:\/\/www.edu365.cat\">Jocs educatius de totes les mat\u00e8ries<\/a>.<br \/>\n<a href=\"http:\/\/www.cokitos.com\">Jocs educatius per&hellip;  <a href=\"https:\/\/agora.xtec.cat\/esc-torreguitart\/infantil-i-primaria\/p4\/\" title=\"Read EI 4\">Llegeix m\u00e9s\u00bb<\/a><\/p>\n","protected":false},"author":23,"featured_media":0,"parent":2839,"menu_order":20,"comment_status":"closed","ping_status":"closed","template":"page-templates\/side-menu.php","meta":{"_bbp_topic_count":0,"_bbp_reply_count":0,"_bbp_total_topic_count":0,"_bbp_total_reply_count":0,"_bbp_voice_count":0,"_bbp_anonymous_reply_count":0,"_bbp_topic_count_hidden":0,"_bbp_reply_count_hidden":0,"_bbp_forum_subforum_count":0,"footnotes":""},"class_list":["post-2845","page","type-page","status-publish","hentry"],"post_mailing_queue_ids":[],"_links":{"self":[{"href":"https:\/\/agora.xtec.cat\/esc-torreguitart\/wp-json\/wp\/v2\/pages\/2845","targetHints":{"allow":["GET"]}}],"collection":[{"href":"https:\/\/agora.xtec.cat\/esc-torreguitart\/wp-json\/wp\/v2\/pages"}],"about":[{"href":"https:\/\/agora.xtec.cat\/esc-torreguitart\/wp-json\/wp\/v2\/types\/page"}],"author":[{"embeddable":true,"href":"https:\/\/agora.xtec.cat\/esc-torreguitart\/wp-json\/wp\/v2\/users\/23"}],"replies":[{"embeddable":true,"href":"https:\/\/agora.xtec.cat\/esc-torreguitart\/wp-json\/wp\/v2\/comments?post=2845"}],"version-history":[{"count":6,"href":"https:\/\/agora.xtec.cat\/esc-torreguitart\/wp-json\/wp\/v2\/pages\/2845\/revisions"}],"predecessor-version":[{"id":12497,"href":"https:\/\/agora.xtec.cat\/esc-torreguitart\/wp-json\/wp\/v2\/pages\/2845\/revisions\/12497"}],"up":[{"embeddable":true,"href":"https:\/\/agora.xtec.cat\/esc-torreguitart\/wp-json\/wp\/v2\/pages\/2839"}],"wp:attachment":[{"href":"https:\/\/agora.xtec.cat\/esc-torreguitart\/wp-json\/wp\/v2\/media?parent=2845"}],"curies":[{"name":"wp","href":"https:\/\/api.w.org\/{rel}","templated":true}]}}