{"id":2796,"date":"2021-02-07T12:24:35","date_gmt":"2021-02-07T11:24:35","guid":{"rendered":"http:\/\/agora.xtec.cat\/esc-torreguitart\/?page_id=2796"},"modified":"2025-09-16T10:39:44","modified_gmt":"2025-09-16T08:39:44","slug":"activitats-extraescolars","status":"publish","type":"page","link":"https:\/\/agora.xtec.cat\/esc-torreguitart\/ampa\/activitats-extraescolars\/","title":{"rendered":"Activitats Extraescolars"},"content":{"rendered":"<p>Aquestes s\u00f3n les activitats extraescolars per aquest curs:<\/p>\n<p>&nbsp;<\/p>\n<table style=\"height: 213px; width: 92.0578%;\" width=\"950\">\n<tbody>\n<tr>\n<td style=\"width: 14.8472%;\"><\/td>\n<td style=\"width: 19.869%;\">\u00a0 \u00a0 \u00a0 \u00a0 \u00a0 \u00a0 <strong>\u00a0DILLUNS<\/strong><\/td>\n<td style=\"width: 15.393%;\">\u00a0 \u00a0 \u00a0<strong> \u00a0DIMARTS<\/strong><\/td>\n<td style=\"width: 19.3231%;\">\u00a0 \u00a0 \u00a0 \u00a0<strong> DIMECRES<\/strong><\/td>\n<td style=\"width: 16.5939%;\">\u00a0 \u00a0 \u00a0 \u00a0 <strong>DIJOUS<\/strong><\/td>\n<td style=\"width: 12.4454%;\">\u00a0 \u00a0 \u00a0 <strong>\u00a0DIVENDRES<\/strong><\/td>\n<\/tr>\n<tr>\n<td style=\"width: 14.8472%;\">16:30 a 17:30<\/td>\n<td style=\"width: 19.869%;\">\n<h4><strong><span style=\"color: #ff9900;\">GIMN\u00c0STICA R\u00cdTMICA (1r-6\u00e8)<\/span><\/strong><\/h4>\n<p>&nbsp;<\/p>\n<h4><strong><span style=\"color: #ff9900;\">VOLEI (1r-6\u00e8)<\/span><\/strong><\/h4>\n<p>&nbsp;<\/p>\n<h4><span style=\"color: #ff00ff;\"><strong>MOU-TE (I3-1r)<\/strong><\/span><\/h4>\n<\/td>\n<td style=\"width: 15.393%;\">\n<h4><strong><span style=\"color: #0000ff;\">DIBUIX, PINTURA I MANUALITATS<\/span><\/strong><\/h4>\n<\/td>\n<td style=\"width: 19.3231%;\">\n<h4><strong><span style=\"color: #ff9900;\">GIMN\u00c0STICA R\u00cdTMICA (1r-6\u00e8)<\/span><\/strong><\/h4>\n<p>&nbsp;<\/p>\n<h4><strong><span style=\"color: #ff9900;\">VOLEI (1r-6\u00e8)<\/span><\/strong><\/h4>\n<p>&nbsp;<\/p>\n<h4><span style=\"color: #ff00ff;\"><strong>MOU-TE (I3-1r)<\/strong><\/span><\/h4>\n<\/td>\n<td style=\"width: 16.5939%;\">\n<h4><strong><span style=\"color: #0000ff;\">DIBUIX, PINTURA I MANUALITATS<\/span><\/strong><\/h4>\n<\/td>\n<td style=\"width: 12.4454%;\"><\/td>\n<\/tr>\n<tr>\n<td style=\"width: 14.8472%;\">&nbsp;<\/p>\n<p>16:30 a 18:00<\/p>\n<p>&nbsp;<\/td>\n<td style=\"width: 19.869%;\">\n<h4><\/h4>\n<\/td>\n<td style=\"width: 15.393%;\">\n<h4><strong><span style=\"color: #008000;\">PATINATGE<\/span><\/strong><\/h4>\n<p>&nbsp;<\/p>\n<p>&nbsp;<\/p>\n<h4><\/h4>\n<\/td>\n<td style=\"width: 19.3231%;\">\n<h4><\/h4>\n<\/td>\n<td style=\"width: 16.5939%;\"><\/td>\n<td style=\"width: 12.4454%;\"><\/td>\n<\/tr>\n<\/tbody>\n<\/table>\n<p><strong>EDUCACI\u00d3 INFANTIL<\/strong><\/p>\n<ul>\n<li><span style=\"color: #ff00ff;\"><strong>MOU-TE<\/strong><\/span><\/li>\n<\/ul>\n<p><strong>EDUCACI\u00d3 PRIM\u00c0RIA<\/strong><\/p>\n<ul>\n<li><span style=\"color: #ff00ff;\"><strong>MOU-TE<\/strong><\/span><\/li>\n<li><span style=\"color: #008000;\"><strong>PATINATGE<\/strong><\/span><\/li>\n<li><span style=\"color: #ff6600;\"><strong>VOLEI<\/strong><\/span><\/li>\n<li><strong><span style=\"color: #0000ff;\">DIBUIX, PINTURA I MANUALITATS<\/span><\/strong><\/li>\n<li><span style=\"color: #ff6600;\"><strong>GIMN\u00c0STICA R\u00cdTMICA<\/strong><\/span><\/li>\n<\/ul>\n","protected":false},"excerpt":{"rendered":"<p>Aquestes s\u00f3n les activitats extraescolars per aquest curs:<br \/>\n&nbsp;<\/p>\n<p>\u00a0 \u00a0 \u00a0 \u00a0 \u00a0 \u00a0 \u00a0DILLUNS<br \/>\n\u00a0 \u00a0 \u00a0 \u00a0DIMARTS<br \/>\n\u00a0 \u00a0 \u00a0 \u00a0 DIMECRES<br \/>\n\u00a0 \u00a0 \u00a0 \u00a0 DIJOUS<br \/>\n\u00a0 \u00a0 \u00a0 \u00a0DIVENDRES<\/p>\n<p>16:30 a 17:30<\/p>\n<p>GIMN\u00c0STICA R\u00cdTMICA (1r-6\u00e8)<br \/>\n&nbsp;<br \/>\nVOLEI (1r-6\u00e8)<br \/>\n&nbsp;<br \/>\nMOU-TE (I3-1r)<\/p>\n<p>DIBUIX, PINTURA I MANUALITATS<\/p>\n<p>GIMN\u00c0STICA R\u00cdTMICA (1r-6\u00e8)<br \/>\n&nbsp;<br \/>\nVOLEI (1r-6\u00e8)<br \/>\n&nbsp;<br \/>\nMOU-TE (I3-1r)<\/p>\n<p>DIBUIX, PINTURA I MANUALITATS<\/p>\n<p>&nbsp;<br \/>\n16:30 a&hellip;  <a href=\"https:\/\/agora.xtec.cat\/esc-torreguitart\/ampa\/activitats-extraescolars\/\" title=\"Read Activitats Extraescolars\">Llegeix m\u00e9s\u00bb<\/a><\/p>\n","protected":false},"author":23,"featured_media":0,"parent":2790,"menu_order":20,"comment_status":"closed","ping_status":"closed","template":"page-templates\/side-menu.php","meta":{"_bbp_topic_count":0,"_bbp_reply_count":0,"_bbp_total_topic_count":0,"_bbp_total_reply_count":0,"_bbp_voice_count":0,"_bbp_anonymous_reply_count":0,"_bbp_topic_count_hidden":0,"_bbp_reply_count_hidden":0,"_bbp_forum_subforum_count":0,"footnotes":""},"class_list":["post-2796","page","type-page","status-publish","hentry"],"post_mailing_queue_ids":[],"_links":{"self":[{"href":"https:\/\/agora.xtec.cat\/esc-torreguitart\/wp-json\/wp\/v2\/pages\/2796","targetHints":{"allow":["GET"]}}],"collection":[{"href":"https:\/\/agora.xtec.cat\/esc-torreguitart\/wp-json\/wp\/v2\/pages"}],"about":[{"href":"https:\/\/agora.xtec.cat\/esc-torreguitart\/wp-json\/wp\/v2\/types\/page"}],"author":[{"embeddable":true,"href":"https:\/\/agora.xtec.cat\/esc-torreguitart\/wp-json\/wp\/v2\/users\/23"}],"replies":[{"embeddable":true,"href":"https:\/\/agora.xtec.cat\/esc-torreguitart\/wp-json\/wp\/v2\/comments?post=2796"}],"version-history":[{"count":4,"href":"https:\/\/agora.xtec.cat\/esc-torreguitart\/wp-json\/wp\/v2\/pages\/2796\/revisions"}],"predecessor-version":[{"id":12036,"href":"https:\/\/agora.xtec.cat\/esc-torreguitart\/wp-json\/wp\/v2\/pages\/2796\/revisions\/12036"}],"up":[{"embeddable":true,"href":"https:\/\/agora.xtec.cat\/esc-torreguitart\/wp-json\/wp\/v2\/pages\/2790"}],"wp:attachment":[{"href":"https:\/\/agora.xtec.cat\/esc-torreguitart\/wp-json\/wp\/v2\/media?parent=2796"}],"curies":[{"name":"wp","href":"https:\/\/api.w.org\/{rel}","templated":true}]}}