{"id":2749,"date":"2021-02-07T11:53:03","date_gmt":"2021-02-07T10:53:03","guid":{"rendered":"http:\/\/agora.xtec.cat\/esc-torreguitart\/?page_id=2749"},"modified":"2024-09-08T18:33:36","modified_gmt":"2024-09-08T16:33:36","slug":"material-escolar","status":"publish","type":"page","link":"https:\/\/agora.xtec.cat\/esc-torreguitart\/curs-2020-21\/material-escolar\/","title":{"rendered":"Material Escolar"},"content":{"rendered":"<p><strong>MATERIAL I SORTIDES<\/strong><\/p>\n<p><span style=\"font-weight: 400;\">La <\/span><b>quota de material\u00a0 i sortides<\/b><span style=\"font-weight: 400;\">, est\u00e0 unificat en una sola quota, fraccionada en <\/span><b>tres pagaments, un per trimestre<\/b><span style=\"font-weight: 400;\">.<\/span><\/p>\n<p><span style=\"font-weight: 400;\">Us indiquem a continuaci\u00f3 el quadre\/resum corresponent a aquestes quotes:<\/span><\/p>\n<p>&nbsp;<\/p>\n<table style=\"width: 683px; height: 139px;\">\n<tbody>\n<tr style=\"height: 31px;\">\n<td style=\"width: 125.6px; height: 139px;\" rowspan=\"3\"><b>CURS ESCOLAR<\/b><\/td>\n<td style=\"width: 360.8px; height: 31px;\" colspan=\"3\"><b>MATERIAL I SORTIDES<\/b><\/td>\n<td style=\"width: 188px; height: 108px;\" rowspan=\"2\"><b>TOTAL DEL CURS<\/b><\/td>\n<\/tr>\n<tr style=\"height: 77px;\">\n<td style=\"width: 115.2px; height: 77px;\"><b>1r TRIMESTRE<\/b><\/td>\n<td style=\"width: 119.2px; height: 77px;\"><b>2n TRIMESTRE<\/b><\/td>\n<td style=\"width: 123.2px; height: 77px;\"><b>3r<\/b><\/p>\n<p><b>TRIMESTRE<\/b><\/td>\n<\/tr>\n<tr style=\"height: 31px;\">\n<td style=\"width: 115.2px; height: 31px;\"><b>50 \u20ac<\/b><\/td>\n<td style=\"width: 119.2px; height: 31px;\"><b>50\u20ac<\/b><\/td>\n<td style=\"width: 123.2px; height: 31px;\"><b>50\u20ac<\/b><\/td>\n<td style=\"width: 188px; height: 31px;\"><b>150\u20ac<\/b><\/td>\n<\/tr>\n<\/tbody>\n<\/table>\n<p><span style=\"font-weight: 400;\">L\u2019import corresponent <\/span><b style=\"font-family: inherit; font-size: 1em;\">al primer pagament de material\/sortides (50\u20ac),<\/b><span style=\"font-weight: 400;\"> s\u2019haur\u00e0 de fer efectiu entre el mes de <\/span><b style=\"font-family: inherit; font-size: 1em;\">juliol i setembre.<\/b><\/p>\n<ul>\n<li style=\"list-style-type: none;\">\n<ul>\n<li style=\"font-weight: 400;\" aria-level=\"1\"><span style=\"font-weight: 400;\">El <\/span><b>segon pagament es far\u00e0 al mes de desembre<\/b><span style=\"font-weight: 400;\">.<\/span><\/li>\n<li style=\"font-weight: 400;\" aria-level=\"1\"><span style=\"font-weight: 400;\">El <strong>tercer pagament<\/strong> <\/span><b> es far\u00e0 al mes d&#8217;abril.<\/b><\/li>\n<\/ul>\n<\/li>\n<\/ul>\n<p>L&#8217;alumnat beneficiari de beca de material i llibres, se&#8217;ls descomptar\u00e0 l&#8217;import corresponent de la quaota del tercer trimestre.<\/p>\n<p><span style=\"font-weight: 400;\">S\u2019ha de fer l\u2019ingr\u00e9s al compte de l\u2019escola:<\/span><\/p>\n<p><b>BBVA IBAN: ES20-0182-8726-00-0200071544<\/b><\/p>\n<p><span style=\"font-weight: 400;\">Indicant <\/span><b>NOM I COGNOMS DE L\u2019ALUMNE\/A<\/b><span style=\"font-weight: 400;\">\u00a0 i el<\/span><b> CURS<\/b><span style=\"font-weight: 400;\">.\u00a0<\/span><\/p>\n<ul>\n<li aria-level=\"1\"><b><span style=\"font-weight: 400;\">Fer arribar el comprovant al correu electr\u00f2nic: <\/span><a href=\"mailto:torreguitartsecretaria@gmail.com\">torreguitartsecretaria@gmail.com<\/a>\u00a0\u00a0<\/b><\/li>\n<\/ul>\n<p><b>\u00a0O\u00a0 b\u00e9 en paper a secretaria.<\/b><\/p>\n<p>&nbsp;<\/p>\n<p><b>LLIBRES\u00a0<\/b><\/p>\n<p><span style=\"font-weight: 400;\">En aquesta quota queda incl\u00f2s: els quadernets de classe (matem\u00e0tiques, Lectogrup, Ortogrup i angl\u00e8s), l\u2019agenda escolar, les dues lectures i les fotoc\u00f2pies.<\/span><\/p>\n<p><span style=\"font-weight: 400;\">El primer dia d\u2019escola els vostres fills\/es trobaran els quaderns, les lectures corresponents i l&#8217;agenda a les classes.<\/span><\/p>\n<p><span style=\"font-weight: 400;\">\u00c9s\u00a0<\/span><b>indispensable<\/b><span style=\"font-weight: 400;\">\u00a0ser soci de l\u2019AMPA, i pagar la\u00a0quota\u00a0corresponent:<\/span><\/p>\n<p><b>QUOTA AMPA\u00a0 \u00a0 \u00a0 \u00a0 35\u20ac PER FAM\u00cdLIA<\/b><\/p>\n<p><b>COMPTE AMPA:\u00a0<\/b><\/p>\n<p><span style=\"font-weight: 400;\">(INDICANT NOM DE LA FAM\u00cdLIA)<\/span><\/p>\n<p><span style=\"font-weight: 400;\">\u00a0<\/span><b>QUOTA\u00a0LLIBRES\u00a0<\/b><\/p>\n<table>\n<tbody>\n<tr>\n<td><b>ETAPES<\/b><\/td>\n<td><b>IMPORT\u00a0LLIBRES<\/b><\/td>\n<\/tr>\n<tr>\n<td><b>INFANTIL<\/b><\/td>\n<td><span style=\"font-weight: 400;\">50\u20ac<\/span><\/td>\n<\/tr>\n<tr>\n<td><b>PRIM\u00c0RIA<\/b><\/td>\n<td><span style=\"font-weight: 400;\">50\u20ac<\/span><\/td>\n<\/tr>\n<\/tbody>\n<\/table>\n<p><b>\u00a0<\/b><b>COMPTE ESCOLA: BBVA\u00a0 IBAN ES20-0182-8726-00-0200071544<\/b><\/p>\n<p><span style=\"font-weight: 400;\">(INDICANT NOM DE L\u2019ALUMNE\/A I CURS)<\/span><\/p>\n<p>Aquest curs tenim la Generalitat ha enviat a les fam\u00edlies de prim\u00e0ria dos vals escolars per valor de 30\u20ac cadascun.<\/p>\n<p><strong>Aquests \u00e9s poden cedir a l&#8217;escola i aix\u00ed queda pagat la quota dels llibres i una rebaixa de 10\u20ac en la quota del tercer trimestre.<\/strong><\/p>\n<p><img loading=\"lazy\" decoding=\"async\" class=\"aligncenter size-full wp-image-10211\" src=\"https:\/\/agora.xtec.cat\/esc-torreguitart\/wp-content\/uploads\/usu1814\/2024\/06\/val-escolar.jpg\" alt=\"\" width=\"588\" height=\"258\" srcset=\"https:\/\/agora.xtec.cat\/esc-torreguitart\/wp-content\/uploads\/usu1814\/2024\/06\/val-escolar.jpg 588w, https:\/\/agora.xtec.cat\/esc-torreguitart\/wp-content\/uploads\/usu1814\/2024\/06\/val-escolar-300x132.jpg 300w\" sizes=\"auto, (max-width: 588px) 100vw, 588px\" \/> <img loading=\"lazy\" decoding=\"async\" class=\"aligncenter size-large wp-image-10226\" src=\"https:\/\/agora.xtec.cat\/esc-torreguitart\/wp-content\/uploads\/usu1814\/2024\/09\/val-escolar.jpeg\" alt=\"\" width=\"235\" height=\"215\" \/><\/p>\n<p><span style=\"font-weight: 400;\">\u00a0<\/span><\/p>\n<p>&nbsp;<\/p>\n<p>&nbsp;<\/p>\n","protected":false},"excerpt":{"rendered":"<p>MATERIAL I SORTIDES<br \/>\nLa quota de material\u00a0 i sortides, est\u00e0 unificat en una sola quota, fraccionada en tres pagaments, un per trimestre.<br \/>\nUs indiquem a continuaci\u00f3 el quadre\/resum corresponent a aquestes quotes:<br \/>\n&nbsp;<\/p>\n<p>CURS ESCOLAR<br \/>\nMATERIAL I SORTIDES<br \/>\nTOTAL DEL CURS<\/p>\n<p>1r TRIMESTRE<br \/>\n2n TRIMESTRE<br \/>\n3r<br \/>\nTRIMESTRE<\/p>\n<p>50 \u20ac<br \/>\n50\u20ac<br \/>\n50\u20ac<br \/>\n150\u20ac<\/p>\n<p>L\u2019import corresponent al primer pagament de material\/sortides (50\u20ac),&hellip;  <a href=\"https:\/\/agora.xtec.cat\/esc-torreguitart\/curs-2020-21\/material-escolar\/\" title=\"Read Material Escolar\">Llegeix m\u00e9s\u00bb<\/a><\/p>\n","protected":false},"author":23,"featured_media":0,"parent":2737,"menu_order":50,"comment_status":"closed","ping_status":"closed","template":"page-templates\/side-menu.php","meta":{"_bbp_topic_count":0,"_bbp_reply_count":0,"_bbp_total_topic_count":0,"_bbp_total_reply_count":0,"_bbp_voice_count":0,"_bbp_anonymous_reply_count":0,"_bbp_topic_count_hidden":0,"_bbp_reply_count_hidden":0,"_bbp_forum_subforum_count":0,"footnotes":""},"class_list":["post-2749","page","type-page","status-publish","hentry"],"post_mailing_queue_ids":[],"_links":{"self":[{"href":"https:\/\/agora.xtec.cat\/esc-torreguitart\/wp-json\/wp\/v2\/pages\/2749","targetHints":{"allow":["GET"]}}],"collection":[{"href":"https:\/\/agora.xtec.cat\/esc-torreguitart\/wp-json\/wp\/v2\/pages"}],"about":[{"href":"https:\/\/agora.xtec.cat\/esc-torreguitart\/wp-json\/wp\/v2\/types\/page"}],"author":[{"embeddable":true,"href":"https:\/\/agora.xtec.cat\/esc-torreguitart\/wp-json\/wp\/v2\/users\/23"}],"replies":[{"embeddable":true,"href":"https:\/\/agora.xtec.cat\/esc-torreguitart\/wp-json\/wp\/v2\/comments?post=2749"}],"version-history":[{"count":6,"href":"https:\/\/agora.xtec.cat\/esc-torreguitart\/wp-json\/wp\/v2\/pages\/2749\/revisions"}],"predecessor-version":[{"id":10227,"href":"https:\/\/agora.xtec.cat\/esc-torreguitart\/wp-json\/wp\/v2\/pages\/2749\/revisions\/10227"}],"up":[{"embeddable":true,"href":"https:\/\/agora.xtec.cat\/esc-torreguitart\/wp-json\/wp\/v2\/pages\/2737"}],"wp:attachment":[{"href":"https:\/\/agora.xtec.cat\/esc-torreguitart\/wp-json\/wp\/v2\/media?parent=2749"}],"curies":[{"name":"wp","href":"https:\/\/api.w.org\/{rel}","templated":true}]}}