{"id":2745,"date":"2021-02-07T11:52:17","date_gmt":"2021-02-07T10:52:17","guid":{"rendered":"http:\/\/agora.xtec.cat\/esc-torreguitart\/?page_id=2745"},"modified":"2021-09-12T18:28:11","modified_gmt":"2021-09-12T16:28:11","slug":"normativa","status":"publish","type":"page","link":"https:\/\/agora.xtec.cat\/esc-torreguitart\/curs-2020-21\/normativa\/","title":{"rendered":"Normativa"},"content":{"rendered":"<p><b>ATENCI\u00d3 SANIT\u00c0RIA<\/b><\/p>\n<p><span style=\"font-weight: 400;\">Els alumnes no poden venir a l\u2019escola amb febre, polls o amb qualsevol s\u00edmptoma de malaltia, sobretot si \u00e9s contagiosa. En aquest cas es trucar\u00e0 a la fam\u00edlia immediatament perqu\u00e8 el\/la vinguin a buscar.\u00a0<\/span><\/p>\n<p><span style=\"font-weight: 400;\">MEDICAMENTS:<\/span><span style=\"font-weight: 400;\"> cap mestre\/a pot administrar cap medicament sense tenir la petici\u00f3 ni autoritzaci\u00f3 escrita dels pares de l\u2019alumne i la recepta del metge que contingui la medicaci\u00f3 concreta, la dosi, la pauta i qualsevol altra informaci\u00f3 necess\u00e0ria. A les ferides nom\u00e9s es poden tractar amb aigua i sab\u00f3.<\/span><\/p>\n<p><b>ABS\u00c8NCIES <\/b><\/p>\n<p><span style=\"font-weight: 400;\">Es lliurar\u00e0 al tutor un justificant m\u00e8dic o es justificar\u00e0 a l\u2019agenda de l\u2019alumne\/a en el cas que el metge no pugui fer el justificant. Si l&#8217;abs\u00e8ncia \u00e9s prolongada cal avisar al centre docent, via tel\u00e8fon o correu electr\u00f2nic<\/span><\/p>\n<p>Els alumnes no poden portar a l\u2019escola<strong> llaminadures<\/strong>, <strong>joies<\/strong>, <strong>diners<\/strong>, <strong>m\u00f2bils<\/strong>, <strong>joguines<\/strong>, <strong>aparells electr\u00f2nics<\/strong>&#8230; excepte si la\/el\/ mestra\/e ho demana puntualment.<\/p>\n","protected":false},"excerpt":{"rendered":"<p>ATENCI\u00d3 SANIT\u00c0RIA<br \/>\nEls alumnes no poden venir a l\u2019escola amb febre, polls o amb qualsevol s\u00edmptoma de malaltia, sobretot si \u00e9s contagiosa. En aquest cas es trucar\u00e0 a la fam\u00edlia immediatament perqu\u00e8 el\/la vinguin a buscar.\u00a0<br \/>\nMEDICAMENTS: cap mestre\/a pot administrar cap medicament sense tenir la petici\u00f3&hellip;  <a href=\"https:\/\/agora.xtec.cat\/esc-torreguitart\/curs-2020-21\/normativa\/\" title=\"Read Normativa\">Llegeix m\u00e9s\u00bb<\/a><\/p>\n","protected":false},"author":23,"featured_media":0,"parent":2737,"menu_order":30,"comment_status":"closed","ping_status":"closed","template":"page-templates\/side-menu.php","meta":{"_bbp_topic_count":0,"_bbp_reply_count":0,"_bbp_total_topic_count":0,"_bbp_total_reply_count":0,"_bbp_voice_count":0,"_bbp_anonymous_reply_count":0,"_bbp_topic_count_hidden":0,"_bbp_reply_count_hidden":0,"_bbp_forum_subforum_count":0,"footnotes":""},"class_list":["post-2745","page","type-page","status-publish","hentry"],"post_mailing_queue_ids":[],"_links":{"self":[{"href":"https:\/\/agora.xtec.cat\/esc-torreguitart\/wp-json\/wp\/v2\/pages\/2745","targetHints":{"allow":["GET"]}}],"collection":[{"href":"https:\/\/agora.xtec.cat\/esc-torreguitart\/wp-json\/wp\/v2\/pages"}],"about":[{"href":"https:\/\/agora.xtec.cat\/esc-torreguitart\/wp-json\/wp\/v2\/types\/page"}],"author":[{"embeddable":true,"href":"https:\/\/agora.xtec.cat\/esc-torreguitart\/wp-json\/wp\/v2\/users\/23"}],"replies":[{"embeddable":true,"href":"https:\/\/agora.xtec.cat\/esc-torreguitart\/wp-json\/wp\/v2\/comments?post=2745"}],"version-history":[{"count":3,"href":"https:\/\/agora.xtec.cat\/esc-torreguitart\/wp-json\/wp\/v2\/pages\/2745\/revisions"}],"predecessor-version":[{"id":3003,"href":"https:\/\/agora.xtec.cat\/esc-torreguitart\/wp-json\/wp\/v2\/pages\/2745\/revisions\/3003"}],"up":[{"embeddable":true,"href":"https:\/\/agora.xtec.cat\/esc-torreguitart\/wp-json\/wp\/v2\/pages\/2737"}],"wp:attachment":[{"href":"https:\/\/agora.xtec.cat\/esc-torreguitart\/wp-json\/wp\/v2\/media?parent=2745"}],"curies":[{"name":"wp","href":"https:\/\/api.w.org\/{rel}","templated":true}]}}