{"id":2695,"date":"2021-02-07T11:38:14","date_gmt":"2021-02-07T10:38:14","guid":{"rendered":"http:\/\/agora.xtec.cat\/esc-torreguitart\/?page_id=2695"},"modified":"2023-09-14T15:31:33","modified_gmt":"2023-09-14T13:31:33","slug":"colonies","status":"publish","type":"page","link":"https:\/\/agora.xtec.cat\/esc-torreguitart\/que-fem\/colonies\/","title":{"rendered":"Col\u00f2nies"},"content":{"rendered":"<p>Les Col\u00f2nies a la nostra escola es realitzen per l\u2019alumnat de I-5, 2n, 4t i 6\u00e8.<\/p>\n<p>&nbsp;<\/p>\n<p>Els infants de I-5, 2n i 4t gaudeixen\u00a0 de la casa de col\u00f2nies la Carral. Els m\u00e9s petits nom\u00e9s hi passen dos dies i la resta tres.<\/p>\n<p>Els alumnes de 6\u00e8, al llarg de tres dies, es desplacen al centre vacacional de Cala Montjoi a Roses.<\/p>\n<p>La subvenci\u00f3 Proa+ del Departament d&#8217;ensenyament, permet que l&#8217;alumnat pugui gaudir d&#8217;aquestes estades amb un cost m\u00e9s redu\u00eft.<\/p>\n<p>&nbsp;<\/p>\n<p><a href=\"https:\/\/agora.xtec.cat\/esc-torreguitart\/wp-content\/uploads\/usu1814\/2023\/09\/IMG-20230504-WA0049-1.jpg\"><img loading=\"lazy\" decoding=\"async\" class=\"wp-image-8409 alignleft\" src=\"https:\/\/agora.xtec.cat\/esc-torreguitart\/wp-content\/uploads\/usu1814\/2023\/09\/IMG-20230504-WA0049-1-1024x768.jpg\" alt=\"\" width=\"392\" height=\"294\" srcset=\"https:\/\/agora.xtec.cat\/esc-torreguitart\/wp-content\/uploads\/usu1814\/2023\/09\/IMG-20230504-WA0049-1-1024x768.jpg 1024w, https:\/\/agora.xtec.cat\/esc-torreguitart\/wp-content\/uploads\/usu1814\/2023\/09\/IMG-20230504-WA0049-1-300x225.jpg 300w, https:\/\/agora.xtec.cat\/esc-torreguitart\/wp-content\/uploads\/usu1814\/2023\/09\/IMG-20230504-WA0049-1-768x576.jpg 768w, https:\/\/agora.xtec.cat\/esc-torreguitart\/wp-content\/uploads\/usu1814\/2023\/09\/IMG-20230504-WA0049-1-1536x1152.jpg 1536w, https:\/\/agora.xtec.cat\/esc-torreguitart\/wp-content\/uploads\/usu1814\/2023\/09\/IMG-20230504-WA0049-1-200x150.jpg 200w, https:\/\/agora.xtec.cat\/esc-torreguitart\/wp-content\/uploads\/usu1814\/2023\/09\/IMG-20230504-WA0049-1.jpg 1600w\" sizes=\"auto, (max-width: 392px) 100vw, 392px\" \/><img loading=\"lazy\" decoding=\"async\" class=\"alignleft\" style=\"color: #222222;\" src=\"http:\/\/blocs.xtec.cat\/escolaargentona03\/files\/2015\/06\/colonies-6%C3%A8-1024x768.jpg\" alt=\"Resultado de imagen de cala montjoi casa de colonies\" width=\"394\" height=\"295\" \/><\/a><\/p>\n<p style=\"text-align: left;\"><img loading=\"lazy\" decoding=\"async\" class=\"\" src=\"https:\/\/www.montjoi.com\/wp-content\/uploads\/2016\/11\/ultimas-14-4-020.jpg\" alt=\"Resultado de imagen de cala montjoi casa de colonies\" width=\"792\" height=\"212\" \/>\u00a0 \u00a0 \u00a0 \u00a0CALA MONTJOI<\/p>\n<p style=\"text-align: center;\"><a href=\"https:\/\/agora.xtec.cat\/esc-torreguitart\/wp-content\/uploads\/usu1814\/2021\/09\/4571xl.jpg\"><img loading=\"lazy\" decoding=\"async\" class=\" wp-image-3954 alignleft\" src=\"https:\/\/agora.xtec.cat\/esc-torreguitart\/wp-content\/uploads\/usu1814\/2021\/09\/4571xl.jpg\" alt=\"\" width=\"677\" height=\"452\" srcset=\"https:\/\/agora.xtec.cat\/esc-torreguitart\/wp-content\/uploads\/usu1814\/2021\/09\/4571xl.jpg 719w, https:\/\/agora.xtec.cat\/esc-torreguitart\/wp-content\/uploads\/usu1814\/2021\/09\/4571xl-300x200.jpg 300w\" sizes=\"auto, (max-width: 677px) 100vw, 677px\" \/><\/a><\/p>\n<p>&nbsp;<\/p>\n<p>&nbsp;<\/p>\n<p>&nbsp;<\/p>\n<p>&nbsp;<\/p>\n<p style=\"text-align: left;\">LA CARRAL<a href=\"https:\/\/agora.xtec.cat\/esc-torreguitart\/wp-content\/uploads\/usu1814\/2021\/09\/lacarral5-e1529593057670.jpg\"><br \/>\n<img loading=\"lazy\" decoding=\"async\" class=\"aligncenter wp-image-3955\" src=\"https:\/\/agora.xtec.cat\/esc-torreguitart\/wp-content\/uploads\/usu1814\/2021\/09\/lacarral5-e1529593057670.jpg\" alt=\"\" width=\"521\" height=\"345\" srcset=\"https:\/\/agora.xtec.cat\/esc-torreguitart\/wp-content\/uploads\/usu1814\/2021\/09\/lacarral5-e1529593057670.jpg 600w, https:\/\/agora.xtec.cat\/esc-torreguitart\/wp-content\/uploads\/usu1814\/2021\/09\/lacarral5-e1529593057670-300x199.jpg 300w\" sizes=\"auto, (max-width: 521px) 100vw, 521px\" \/><\/a><\/p>\n","protected":false},"excerpt":{"rendered":"<p>Les Col\u00f2nies a la nostra escola es realitzen per l\u2019alumnat de I-5, 2n, 4t i 6\u00e8.<br \/>\n&nbsp;<br \/>\nEls infants de I-5, 2n i 4t gaudeixen\u00a0 de la casa de col\u00f2nies la Carral. Els m\u00e9s petits nom\u00e9s hi passen dos dies i la resta tres.<br \/>\nEls alumnes de 6\u00e8,&hellip;  <a href=\"https:\/\/agora.xtec.cat\/esc-torreguitart\/que-fem\/colonies\/\" title=\"Read Col\u00f2nies\">Llegeix m\u00e9s\u00bb<\/a><\/p>\n","protected":false},"author":23,"featured_media":0,"parent":2673,"menu_order":100,"comment_status":"closed","ping_status":"closed","template":"page-templates\/side-menu.php","meta":{"_bbp_topic_count":0,"_bbp_reply_count":0,"_bbp_total_topic_count":0,"_bbp_total_reply_count":0,"_bbp_voice_count":0,"_bbp_anonymous_reply_count":0,"_bbp_topic_count_hidden":0,"_bbp_reply_count_hidden":0,"_bbp_forum_subforum_count":0,"footnotes":""},"class_list":["post-2695","page","type-page","status-publish","hentry"],"post_mailing_queue_ids":[],"_links":{"self":[{"href":"https:\/\/agora.xtec.cat\/esc-torreguitart\/wp-json\/wp\/v2\/pages\/2695","targetHints":{"allow":["GET"]}}],"collection":[{"href":"https:\/\/agora.xtec.cat\/esc-torreguitart\/wp-json\/wp\/v2\/pages"}],"about":[{"href":"https:\/\/agora.xtec.cat\/esc-torreguitart\/wp-json\/wp\/v2\/types\/page"}],"author":[{"embeddable":true,"href":"https:\/\/agora.xtec.cat\/esc-torreguitart\/wp-json\/wp\/v2\/users\/23"}],"replies":[{"embeddable":true,"href":"https:\/\/agora.xtec.cat\/esc-torreguitart\/wp-json\/wp\/v2\/comments?post=2695"}],"version-history":[{"count":3,"href":"https:\/\/agora.xtec.cat\/esc-torreguitart\/wp-json\/wp\/v2\/pages\/2695\/revisions"}],"predecessor-version":[{"id":8410,"href":"https:\/\/agora.xtec.cat\/esc-torreguitart\/wp-json\/wp\/v2\/pages\/2695\/revisions\/8410"}],"up":[{"embeddable":true,"href":"https:\/\/agora.xtec.cat\/esc-torreguitart\/wp-json\/wp\/v2\/pages\/2673"}],"wp:attachment":[{"href":"https:\/\/agora.xtec.cat\/esc-torreguitart\/wp-json\/wp\/v2\/media?parent=2695"}],"curies":[{"name":"wp","href":"https:\/\/api.w.org\/{rel}","templated":true}]}}