{"id":2693,"date":"2021-02-07T11:35:52","date_gmt":"2021-02-07T10:35:52","guid":{"rendered":"http:\/\/agora.xtec.cat\/esc-torreguitart\/?page_id=2693"},"modified":"2023-09-02T12:32:14","modified_gmt":"2023-09-02T10:32:14","slug":"sortides","status":"publish","type":"page","link":"https:\/\/agora.xtec.cat\/esc-torreguitart\/que-fem\/sortides\/","title":{"rendered":"Sortides"},"content":{"rendered":"<p>L&#8217;escola inclou a la programaci\u00f3 general anual de centre les sortides i col\u00f2nies. Tanmateix, activitats culturals com s\u00f3n concerts, teatre, m\u00e0gia o museus que es poden realitzar tan a dins com a fora del centre docent. Aquestes activitats constitueixen un recurs pedag\u00f2gic per ajudar o consolidar els diferents aprenentatges i afavoreixen les relacions socials entre els membre del grup. La seva assist\u00e8ncia \u00e9s obligat\u00f2ria. Els i les mestres tutors\/res, en les reunions d\u2019inici de curs informaran a les fam\u00edlies de les que es durant a terme al llarg del curs.<\/p>\n<p><a href=\"https:\/\/agora.xtec.cat\/esc-torreguitart\/wp-content\/uploads\/usu1814\/2020\/10\/IMG_20201029_093034.jpg\"><img loading=\"lazy\" decoding=\"async\" class=\"alignnone wp-image-2140\" src=\"https:\/\/agora.xtec.cat\/esc-torreguitart\/wp-content\/uploads\/usu1814\/2020\/10\/IMG_20201029_093034-1024x576.jpg\" alt=\"\" width=\"363\" height=\"205\" srcset=\"https:\/\/agora.xtec.cat\/esc-torreguitart\/wp-content\/uploads\/usu1814\/2020\/10\/IMG_20201029_093034-1024x576.jpg 1024w, https:\/\/agora.xtec.cat\/esc-torreguitart\/wp-content\/uploads\/usu1814\/2020\/10\/IMG_20201029_093034-300x169.jpg 300w, https:\/\/agora.xtec.cat\/esc-torreguitart\/wp-content\/uploads\/usu1814\/2020\/10\/IMG_20201029_093034-768x432.jpg 768w\" sizes=\"auto, (max-width: 363px) 100vw, 363px\" \/><\/a><a href=\"https:\/\/agora.xtec.cat\/esc-torreguitart\/wp-content\/uploads\/usu1814\/2020\/11\/1606335545865.jpg\"><img loading=\"lazy\" decoding=\"async\" class=\"wp-image-2251 aligncenter\" src=\"https:\/\/agora.xtec.cat\/esc-torreguitart\/wp-content\/uploads\/usu1814\/2020\/11\/1606335545865-768x1024.jpg\" alt=\"\" width=\"239\" height=\"318\" srcset=\"https:\/\/agora.xtec.cat\/esc-torreguitart\/wp-content\/uploads\/usu1814\/2020\/11\/1606335545865-768x1024.jpg 768w, https:\/\/agora.xtec.cat\/esc-torreguitart\/wp-content\/uploads\/usu1814\/2020\/11\/1606335545865-225x300.jpg 225w, https:\/\/agora.xtec.cat\/esc-torreguitart\/wp-content\/uploads\/usu1814\/2020\/11\/1606335545865.jpg 1200w\" sizes=\"auto, (max-width: 239px) 100vw, 239px\" \/><img loading=\"lazy\" decoding=\"async\" class=\"wp-image-2159 alignnone\" src=\"https:\/\/agora.xtec.cat\/esc-torreguitart\/wp-content\/uploads\/usu1814\/2020\/11\/IMG_20201029_104252-e1604339930918-767x1024.jpg\" alt=\"\" width=\"257\" height=\"343\" srcset=\"https:\/\/agora.xtec.cat\/esc-torreguitart\/wp-content\/uploads\/usu1814\/2020\/11\/IMG_20201029_104252-e1604339930918-767x1024.jpg 767w, https:\/\/agora.xtec.cat\/esc-torreguitart\/wp-content\/uploads\/usu1814\/2020\/11\/IMG_20201029_104252-e1604339930918-225x300.jpg 225w, https:\/\/agora.xtec.cat\/esc-torreguitart\/wp-content\/uploads\/usu1814\/2020\/11\/IMG_20201029_104252-e1604339930918-768x1026.jpg 768w, https:\/\/agora.xtec.cat\/esc-torreguitart\/wp-content\/uploads\/usu1814\/2020\/11\/IMG_20201029_104252-e1604339930918.jpg 786w\" sizes=\"auto, (max-width: 257px) 100vw, 257px\" \/><\/a><a href=\"https:\/\/agora.xtec.cat\/esc-torreguitart\/wp-content\/uploads\/usu1814\/2021\/01\/IMG_20201201_133128.jpg\"><img loading=\"lazy\" decoding=\"async\" class=\"wp-image-2378 alignright\" src=\"https:\/\/agora.xtec.cat\/esc-torreguitart\/wp-content\/uploads\/usu1814\/2021\/01\/IMG_20201201_133128-1024x461.jpg\" alt=\"\" width=\"486\" height=\"219\" srcset=\"https:\/\/agora.xtec.cat\/esc-torreguitart\/wp-content\/uploads\/usu1814\/2021\/01\/IMG_20201201_133128-1024x461.jpg 1024w, https:\/\/agora.xtec.cat\/esc-torreguitart\/wp-content\/uploads\/usu1814\/2021\/01\/IMG_20201201_133128-300x135.jpg 300w, https:\/\/agora.xtec.cat\/esc-torreguitart\/wp-content\/uploads\/usu1814\/2021\/01\/IMG_20201201_133128-768x346.jpg 768w, https:\/\/agora.xtec.cat\/esc-torreguitart\/wp-content\/uploads\/usu1814\/2021\/01\/IMG_20201201_133128.jpg 1050w\" sizes=\"auto, (max-width: 486px) 100vw, 486px\" \/><\/a><\/p>\n","protected":false},"excerpt":{"rendered":"<p>L&#8217;escola inclou a la programaci\u00f3 general anual de centre les sortides i col\u00f2nies. Tanmateix, activitats culturals com s\u00f3n concerts, teatre, m\u00e0gia o museus que es poden realitzar tan a dins com a fora del centre docent. Aquestes activitats constitueixen un recurs pedag\u00f2gic per ajudar o&hellip;  <a href=\"https:\/\/agora.xtec.cat\/esc-torreguitart\/que-fem\/sortides\/\" title=\"Read Sortides\">Llegeix m\u00e9s\u00bb<\/a><\/p>\n","protected":false},"author":23,"featured_media":0,"parent":2673,"menu_order":90,"comment_status":"closed","ping_status":"closed","template":"page-templates\/side-menu.php","meta":{"_bbp_topic_count":0,"_bbp_reply_count":0,"_bbp_total_topic_count":0,"_bbp_total_reply_count":0,"_bbp_voice_count":0,"_bbp_anonymous_reply_count":0,"_bbp_topic_count_hidden":0,"_bbp_reply_count_hidden":0,"_bbp_forum_subforum_count":0,"footnotes":""},"class_list":["post-2693","page","type-page","status-publish","hentry"],"post_mailing_queue_ids":[],"_links":{"self":[{"href":"https:\/\/agora.xtec.cat\/esc-torreguitart\/wp-json\/wp\/v2\/pages\/2693","targetHints":{"allow":["GET"]}}],"collection":[{"href":"https:\/\/agora.xtec.cat\/esc-torreguitart\/wp-json\/wp\/v2\/pages"}],"about":[{"href":"https:\/\/agora.xtec.cat\/esc-torreguitart\/wp-json\/wp\/v2\/types\/page"}],"author":[{"embeddable":true,"href":"https:\/\/agora.xtec.cat\/esc-torreguitart\/wp-json\/wp\/v2\/users\/23"}],"replies":[{"embeddable":true,"href":"https:\/\/agora.xtec.cat\/esc-torreguitart\/wp-json\/wp\/v2\/comments?post=2693"}],"version-history":[{"count":4,"href":"https:\/\/agora.xtec.cat\/esc-torreguitart\/wp-json\/wp\/v2\/pages\/2693\/revisions"}],"predecessor-version":[{"id":8389,"href":"https:\/\/agora.xtec.cat\/esc-torreguitart\/wp-json\/wp\/v2\/pages\/2693\/revisions\/8389"}],"up":[{"embeddable":true,"href":"https:\/\/agora.xtec.cat\/esc-torreguitart\/wp-json\/wp\/v2\/pages\/2673"}],"wp:attachment":[{"href":"https:\/\/agora.xtec.cat\/esc-torreguitart\/wp-json\/wp\/v2\/media?parent=2693"}],"curies":[{"name":"wp","href":"https:\/\/api.w.org\/{rel}","templated":true}]}}