{"id":2691,"date":"2021-02-07T11:35:35","date_gmt":"2021-02-07T10:35:35","guid":{"rendered":"http:\/\/agora.xtec.cat\/esc-torreguitart\/?page_id=2691"},"modified":"2023-09-02T13:16:29","modified_gmt":"2023-09-02T11:16:29","slug":"racons","status":"publish","type":"page","link":"https:\/\/agora.xtec.cat\/esc-torreguitart\/que-fem\/racons\/","title":{"rendered":"Racons"},"content":{"rendered":"<p><b>El treball per racons \u00e9s una metodologia que consisteix a organitzar l&#8217;aula en diversos espais on els alumnes, distribu\u00efts en petits grups, realitzen activitats simult\u00e0nies de manera aut\u00f2noma.<\/b><\/p>\n<ul>\n<li>Permet donar resposta a les difer\u00e8ncies, interessos i ritmes d&#8217;aprenentatge de cada nen i nena.<\/li>\n<li>Facilita al mestre\/a el seguiment individual, dels progressos i dificultats, de cada alumne.<\/li>\n<li>Permet una certa flexibilitat en el treball dels nens\/es a partir de les propostes d&#8217;activitats: aprenen a observar, explorar, manipular, experimentar, descobrir, crear&#8230; Deixa lloc a la creativitat i la imaginaci\u00f3 i, el que \u00e9s m\u00e9s important, li deixen espai i temps per pensar i decidir.<\/li>\n<li>Aconsegueix que els aprenentatges, viscuts d&#8217;aquesta manera, esdevinguin realment significatius i funcionals.<\/li>\n<li>La interacci\u00f3 amb uns quants companys facilita el fet de compartir, comunicar-se, discutir i respectar les idees dels altres, a aprendre dels amics i a acceptar el seu ajut.<\/li>\n<li>D\u00f3na als alumnes la possibilitat de refer el treball tantes vegades com ho necessitin, at\u00e8s que els materials s\u00f3n generalment manipulables. Com a conseq\u00fc\u00e8ncia ajuda a perdre la por a equivocar-se i a millorar la seva autoestima.<\/li>\n<li>Es potencien aspectes molt competencials de les matem\u00e0tiques i la llengua<\/li>\n<\/ul>\n<p>Es realitzen quan hi ha dues persones a l\u2019aula.<\/p>\n<p>&nbsp;<\/p>\n<p><a href=\"https:\/\/agora.xtec.cat\/esc-torreguitart\/wp-content\/uploads\/usu1814\/2023\/09\/IMG-20221010-WA0010-mates-rotated.jpg\"><img loading=\"lazy\" decoding=\"async\" class=\"wp-image-8393 aligncenter\" src=\"https:\/\/agora.xtec.cat\/esc-torreguitart\/wp-content\/uploads\/usu1814\/2023\/09\/IMG-20221010-WA0010-mates-1024x576.jpg\" alt=\"\" width=\"319\" height=\"179\" srcset=\"https:\/\/agora.xtec.cat\/esc-torreguitart\/wp-content\/uploads\/usu1814\/2023\/09\/IMG-20221010-WA0010-mates-1024x576.jpg 1024w, https:\/\/agora.xtec.cat\/esc-torreguitart\/wp-content\/uploads\/usu1814\/2023\/09\/IMG-20221010-WA0010-mates-300x169.jpg 300w, https:\/\/agora.xtec.cat\/esc-torreguitart\/wp-content\/uploads\/usu1814\/2023\/09\/IMG-20221010-WA0010-mates-768x432.jpg 768w, https:\/\/agora.xtec.cat\/esc-torreguitart\/wp-content\/uploads\/usu1814\/2023\/09\/IMG-20221010-WA0010-mates-1536x864.jpg 1536w, https:\/\/agora.xtec.cat\/esc-torreguitart\/wp-content\/uploads\/usu1814\/2023\/09\/IMG-20221010-WA0010-mates-rotated.jpg 2048w\" sizes=\"auto, (max-width: 319px) 100vw, 319px\" \/><\/a><\/p>\n<p><a href=\"https:\/\/agora.xtec.cat\/esc-torreguitart\/wp-content\/uploads\/usu1814\/2023\/09\/IMG-20221010-WA0001-racons.jpg\"><img loading=\"lazy\" decoding=\"async\" class=\" wp-image-8392 alignleft\" src=\"https:\/\/agora.xtec.cat\/esc-torreguitart\/wp-content\/uploads\/usu1814\/2023\/09\/IMG-20221010-WA0001-racons.jpg\" alt=\"\" width=\"296\" height=\"222\" srcset=\"https:\/\/agora.xtec.cat\/esc-torreguitart\/wp-content\/uploads\/usu1814\/2023\/09\/IMG-20221010-WA0001-racons.jpg 1024w, https:\/\/agora.xtec.cat\/esc-torreguitart\/wp-content\/uploads\/usu1814\/2023\/09\/IMG-20221010-WA0001-racons-300x225.jpg 300w, https:\/\/agora.xtec.cat\/esc-torreguitart\/wp-content\/uploads\/usu1814\/2023\/09\/IMG-20221010-WA0001-racons-768x576.jpg 768w, https:\/\/agora.xtec.cat\/esc-torreguitart\/wp-content\/uploads\/usu1814\/2023\/09\/IMG-20221010-WA0001-racons-200x150.jpg 200w\" sizes=\"auto, (max-width: 296px) 100vw, 296px\" \/><\/a><\/p>\n<p><a href=\"https:\/\/agora.xtec.cat\/esc-torreguitart\/wp-content\/uploads\/usu1814\/2021\/02\/1613898647268.jpg\"><img loading=\"lazy\" decoding=\"async\" class=\"wp-image-3018 aligncenter\" src=\"https:\/\/agora.xtec.cat\/esc-torreguitart\/wp-content\/uploads\/usu1814\/2021\/02\/1613898647288-1024x768.jpg\" alt=\"\" width=\"298\" height=\"224\" srcset=\"https:\/\/agora.xtec.cat\/esc-torreguitart\/wp-content\/uploads\/usu1814\/2021\/02\/1613898647288-1024x768.jpg 1024w, https:\/\/agora.xtec.cat\/esc-torreguitart\/wp-content\/uploads\/usu1814\/2021\/02\/1613898647288-300x225.jpg 300w, https:\/\/agora.xtec.cat\/esc-torreguitart\/wp-content\/uploads\/usu1814\/2021\/02\/1613898647288-768x576.jpg 768w, https:\/\/agora.xtec.cat\/esc-torreguitart\/wp-content\/uploads\/usu1814\/2021\/02\/1613898647288-200x150.jpg 200w, https:\/\/agora.xtec.cat\/esc-torreguitart\/wp-content\/uploads\/usu1814\/2021\/02\/1613898647288.jpg 1600w\" sizes=\"auto, (max-width: 298px) 100vw, 298px\" \/><\/a><\/p>\n","protected":false},"excerpt":{"rendered":"<p>El treball per racons \u00e9s una metodologia que consisteix a organitzar l&#8217;aula en diversos espais on els alumnes, distribu\u00efts en petits grups, realitzen activitats simult\u00e0nies de manera aut\u00f2noma.<\/p>\n<ul>\n<li>Permet donar resposta a les difer\u00e8ncies, interessos i ritmes d&#8217;aprenentatge de cada nen i nena.<\/li>\n<li>Facilita al mestre\/a el&hellip;  <a href=\"https:\/\/agora.xtec.cat\/esc-torreguitart\/que-fem\/racons\/\" title=\"Read Racons\">Llegeix m\u00e9s\u00bb<\/a><br \/>\n","protected":false},"author":23,"featured_media":0,"parent":2673,"menu_order":80,"comment_status":"closed","ping_status":"closed","template":"page-templates\/side-menu.php","meta":{"_bbp_topic_count":0,"_bbp_reply_count":0,"_bbp_total_topic_count":0,"_bbp_total_reply_count":0,"_bbp_voice_count":0,"_bbp_anonymous_reply_count":0,"_bbp_topic_count_hidden":0,"_bbp_reply_count_hidden":0,"_bbp_forum_subforum_count":0,"footnotes":""},"class_list":["post-2691","page","type-page","status-publish","hentry"],"post_mailing_queue_ids":[],"_links":{"self":[{"href":"https:\/\/agora.xtec.cat\/esc-torreguitart\/wp-json\/wp\/v2\/pages\/2691","targetHints":{"allow":["GET"]}}],"collection":[{"href":"https:\/\/agora.xtec.cat\/esc-torreguitart\/wp-json\/wp\/v2\/pages"}],"about":[{"href":"https:\/\/agora.xtec.cat\/esc-torreguitart\/wp-json\/wp\/v2\/types\/page"}],"author":[{"embeddable":true,"href":"https:\/\/agora.xtec.cat\/esc-torreguitart\/wp-json\/wp\/v2\/users\/23"}],"replies":[{"embeddable":true,"href":"https:\/\/agora.xtec.cat\/esc-torreguitart\/wp-json\/wp\/v2\/comments?post=2691"}],"version-history":[{"count":3,"href":"https:\/\/agora.xtec.cat\/esc-torreguitart\/wp-json\/wp\/v2\/pages\/2691\/revisions"}],"predecessor-version":[{"id":8395,"href":"https:\/\/agora.xtec.cat\/esc-torreguitart\/wp-json\/wp\/v2\/pages\/2691\/revisions\/8395"}],"up":[{"embeddable":true,"href":"https:\/\/agora.xtec.cat\/esc-torreguitart\/wp-json\/wp\/v2\/pages\/2673"}],"wp:attachment":[{"href":"https:\/\/agora.xtec.cat\/esc-torreguitart\/wp-json\/wp\/v2\/media?parent=2691"}],"curies":[{"name":"wp","href":"https:\/\/api.w.org\/{rel}","templated":true}]}}