{"id":2689,"date":"2021-02-07T11:35:21","date_gmt":"2021-02-07T10:35:21","guid":{"rendered":"http:\/\/agora.xtec.cat\/esc-torreguitart\/?page_id=2689"},"modified":"2021-09-12T18:16:11","modified_gmt":"2021-09-12T16:16:11","slug":"termometre-linguistic","status":"publish","type":"page","link":"https:\/\/agora.xtec.cat\/esc-torreguitart\/que-fem\/termometre-linguistic\/","title":{"rendered":"Term\u00f2metre Ling\u00fc\u00edstic"},"content":{"rendered":"<p>El\u00a0<em>Term\u00f2metre ling\u00fc\u00edstic\u00a0<\/em>\u00e9s una prova de diagn\u00f2stic pedag\u00f2gic de la compet\u00e8ncia ling\u00fc\u00edstica, per a infants de 5 a 6 anys, concebuda, dissenyada i creada per la\u00a0<a href=\"http:\/\/blogs.iec.cat\/scp\/\">Societat Catalana de Pedagogia<\/a>\u00a0amb la col\u00b7laboraci\u00f3 del\u00a0<a href=\"http:\/\/ensenyament.gencat.cat\/ca\/inici\/\">Departament d\u2019Ensenyament<\/a>, amb el mecenatge del\u00a0<a href=\"http:\/\/www.santillana.es\/ca\/\">Grup Promotor Santillana<\/a>\u00a0i el suport de la\u00a0<a href=\"http:\/\/www.fundaciocarulla.cat\/ca\">Fundaci\u00f3 Llu\u00eds Carulla<\/a>.<\/p>\n<p>Aquesta prova \u00e9s una bona eina per a valorar l\u2019expressi\u00f3 oral dels alumnes en aquestes edats. El llenguatge oral \u00e9s fonamental en l\u2019aprenentatge i en el desenvolupament global del nen i \u00e9s important saber en quin nivell estan els alumnes per afavorir al m\u00e0xim la seva evoluci\u00f3, com abans s\u2019intervingui millor.<\/p>\n<p>La prova es realitza a partir d\u2019unes l\u00e0mines. Amb aquestes l\u00e0mines es valora la fon\u00e8tica, la mem\u00f2ria auditiva, el vocabulari i l\u2019expressi\u00f3 espont\u00e0nia.<\/p>\n","protected":false},"excerpt":{"rendered":"<p>El\u00a0Term\u00f2metre ling\u00fc\u00edstic\u00a0\u00e9s una prova de diagn\u00f2stic pedag\u00f2gic de la compet\u00e8ncia ling\u00fc\u00edstica, per a infants de 5 a 6 anys, concebuda, dissenyada i creada per la\u00a0<a href=\"http:\/\/blogs.iec.cat\/scp\/\">Societat Catalana de Pedagogia<\/a>\u00a0amb la col\u00b7laboraci\u00f3 del\u00a0<a href=\"http:\/\/ensenyament.gencat.cat\/ca\/inici\/\">Departament d\u2019Ensenyament<\/a>, amb el mecenatge del\u00a0<a href=\"http:\/\/www.santillana.es\/ca\/\">Grup Promotor Santillana<\/a>\u00a0i el suport de la\u00a0<a&hellip;  <a href=\"https:\/\/agora.xtec.cat\/esc-torreguitart\/que-fem\/termometre-linguistic\/\" title=\"Read Term\u00f2metre Ling\u00fc\u00edstic\">Llegeix m\u00e9s\u00bb<\/a><\/p>\n","protected":false},"author":23,"featured_media":0,"parent":2673,"menu_order":70,"comment_status":"closed","ping_status":"closed","template":"page-templates\/side-menu.php","meta":{"_bbp_topic_count":0,"_bbp_reply_count":0,"_bbp_total_topic_count":0,"_bbp_total_reply_count":0,"_bbp_voice_count":0,"_bbp_anonymous_reply_count":0,"_bbp_topic_count_hidden":0,"_bbp_reply_count_hidden":0,"_bbp_forum_subforum_count":0,"footnotes":""},"class_list":["post-2689","page","type-page","status-publish","hentry"],"post_mailing_queue_ids":[],"_links":{"self":[{"href":"https:\/\/agora.xtec.cat\/esc-torreguitart\/wp-json\/wp\/v2\/pages\/2689","targetHints":{"allow":["GET"]}}],"collection":[{"href":"https:\/\/agora.xtec.cat\/esc-torreguitart\/wp-json\/wp\/v2\/pages"}],"about":[{"href":"https:\/\/agora.xtec.cat\/esc-torreguitart\/wp-json\/wp\/v2\/types\/page"}],"author":[{"embeddable":true,"href":"https:\/\/agora.xtec.cat\/esc-torreguitart\/wp-json\/wp\/v2\/users\/23"}],"replies":[{"embeddable":true,"href":"https:\/\/agora.xtec.cat\/esc-torreguitart\/wp-json\/wp\/v2\/comments?post=2689"}],"version-history":[{"count":3,"href":"https:\/\/agora.xtec.cat\/esc-torreguitart\/wp-json\/wp\/v2\/pages\/2689\/revisions"}],"predecessor-version":[{"id":2819,"href":"https:\/\/agora.xtec.cat\/esc-torreguitart\/wp-json\/wp\/v2\/pages\/2689\/revisions\/2819"}],"up":[{"embeddable":true,"href":"https:\/\/agora.xtec.cat\/esc-torreguitart\/wp-json\/wp\/v2\/pages\/2673"}],"wp:attachment":[{"href":"https:\/\/agora.xtec.cat\/esc-torreguitart\/wp-json\/wp\/v2\/media?parent=2689"}],"curies":[{"name":"wp","href":"https:\/\/api.w.org\/{rel}","templated":true}]}}