{"id":2687,"date":"2021-02-07T11:34:42","date_gmt":"2021-02-07T10:34:42","guid":{"rendered":"http:\/\/agora.xtec.cat\/esc-torreguitart\/?page_id=2687"},"modified":"2022-11-25T09:55:46","modified_gmt":"2022-11-25T08:55:46","slug":"padrins-lectors","status":"publish","type":"page","link":"https:\/\/agora.xtec.cat\/esc-torreguitart\/que-fem\/padrins-lectors\/","title":{"rendered":"Padrins Lectors"},"content":{"rendered":"<p>Els &#8220;padrins lectors&#8221; \u00e9s una activitat que es realitza en parelles formades per alumnes de 4t de prim\u00e0ria, que fan de padrins de lectura a alumnes de Educaci\u00f3 Infantil-5 anys que fan de fillols. Tamb\u00e9 per les parelles dels alumnes de 5\u00e8 amb alumnes de 1r de prim\u00e0ria i els alumnes de 6\u00e8 amb els alumnes de 2n de prim\u00e0ria.<\/p>\n<p style=\"text-align: left;\">A m\u00e9s a m\u00e9s de vetllar per l\u2019aprenentatge lector del seu fillol i encomanar el gust per la lectura, l\u2019ajuda en la realitzaci\u00f3 de la carta als reis, l\u2019acompanyament en alguna sortida conjunta d\u2019escola, i sempre que el desenvolupament del projecte o les diferents activitats ho requereixi.<\/p>\n<p>&nbsp;<\/p>\n<p style=\"text-align: left;\"><a href=\"https:\/\/agora.xtec.cat\/esc-torreguitart\/wp-content\/uploads\/usu1814\/2020\/01\/IMG_20191211_121110-reduida.jpg\"><img loading=\"lazy\" decoding=\"async\" class=\"wp-image-1865 alignleft\" src=\"https:\/\/agora.xtec.cat\/esc-torreguitart\/wp-content\/uploads\/usu1814\/2020\/01\/IMG_20191211_121110-reduida.jpg\" alt=\"\" width=\"312\" height=\"234\" srcset=\"https:\/\/agora.xtec.cat\/esc-torreguitart\/wp-content\/uploads\/usu1814\/2020\/01\/IMG_20191211_121110-reduida.jpg 448w, https:\/\/agora.xtec.cat\/esc-torreguitart\/wp-content\/uploads\/usu1814\/2020\/01\/IMG_20191211_121110-reduida-300x225.jpg 300w, https:\/\/agora.xtec.cat\/esc-torreguitart\/wp-content\/uploads\/usu1814\/2020\/01\/IMG_20191211_121110-reduida-200x150.jpg 200w\" sizes=\"auto, (max-width: 312px) 100vw, 312px\" \/><\/a><a href=\"https:\/\/agora.xtec.cat\/esc-torreguitart\/wp-content\/uploads\/usu1814\/2020\/01\/IMG_20191211_121037.jpg\"><img loading=\"lazy\" decoding=\"async\" class=\"wp-image-1866 alignleft\" src=\"https:\/\/agora.xtec.cat\/esc-torreguitart\/wp-content\/uploads\/usu1814\/2020\/01\/IMG_20191211_121037-1024x768.jpg\" alt=\"\" width=\"316\" height=\"237\" srcset=\"https:\/\/agora.xtec.cat\/esc-torreguitart\/wp-content\/uploads\/usu1814\/2020\/01\/IMG_20191211_121037-1024x768.jpg 1024w, https:\/\/agora.xtec.cat\/esc-torreguitart\/wp-content\/uploads\/usu1814\/2020\/01\/IMG_20191211_121037-300x225.jpg 300w, https:\/\/agora.xtec.cat\/esc-torreguitart\/wp-content\/uploads\/usu1814\/2020\/01\/IMG_20191211_121037-768x576.jpg 768w, https:\/\/agora.xtec.cat\/esc-torreguitart\/wp-content\/uploads\/usu1814\/2020\/01\/IMG_20191211_121037-200x150.jpg 200w, https:\/\/agora.xtec.cat\/esc-torreguitart\/wp-content\/uploads\/usu1814\/2020\/01\/IMG_20191211_121037.jpg 1150w\" sizes=\"auto, (max-width: 316px) 100vw, 316px\" \/><\/a><\/p>\n","protected":false},"excerpt":{"rendered":"<p>Els &#8220;padrins lectors&#8221; \u00e9s una activitat que es realitza en parelles formades per alumnes de 4t de prim\u00e0ria, que fan de padrins de lectura a alumnes de Educaci\u00f3 Infantil-5 anys que fan de fillols. Tamb\u00e9 per les parelles dels alumnes de 5\u00e8 amb alumnes de&hellip;  <a href=\"https:\/\/agora.xtec.cat\/esc-torreguitart\/que-fem\/padrins-lectors\/\" title=\"Read Padrins Lectors\">Llegeix m\u00e9s\u00bb<\/a><\/p>\n","protected":false},"author":23,"featured_media":0,"parent":2673,"menu_order":60,"comment_status":"closed","ping_status":"closed","template":"page-templates\/side-menu.php","meta":{"_bbp_topic_count":0,"_bbp_reply_count":0,"_bbp_total_topic_count":0,"_bbp_total_reply_count":0,"_bbp_voice_count":0,"_bbp_anonymous_reply_count":0,"_bbp_topic_count_hidden":0,"_bbp_reply_count_hidden":0,"_bbp_forum_subforum_count":0,"footnotes":""},"class_list":["post-2687","page","type-page","status-publish","hentry"],"post_mailing_queue_ids":[],"_links":{"self":[{"href":"https:\/\/agora.xtec.cat\/esc-torreguitart\/wp-json\/wp\/v2\/pages\/2687","targetHints":{"allow":["GET"]}}],"collection":[{"href":"https:\/\/agora.xtec.cat\/esc-torreguitart\/wp-json\/wp\/v2\/pages"}],"about":[{"href":"https:\/\/agora.xtec.cat\/esc-torreguitart\/wp-json\/wp\/v2\/types\/page"}],"author":[{"embeddable":true,"href":"https:\/\/agora.xtec.cat\/esc-torreguitart\/wp-json\/wp\/v2\/users\/23"}],"replies":[{"embeddable":true,"href":"https:\/\/agora.xtec.cat\/esc-torreguitart\/wp-json\/wp\/v2\/comments?post=2687"}],"version-history":[{"count":4,"href":"https:\/\/agora.xtec.cat\/esc-torreguitart\/wp-json\/wp\/v2\/pages\/2687\/revisions"}],"predecessor-version":[{"id":2961,"href":"https:\/\/agora.xtec.cat\/esc-torreguitart\/wp-json\/wp\/v2\/pages\/2687\/revisions\/2961"}],"up":[{"embeddable":true,"href":"https:\/\/agora.xtec.cat\/esc-torreguitart\/wp-json\/wp\/v2\/pages\/2673"}],"wp:attachment":[{"href":"https:\/\/agora.xtec.cat\/esc-torreguitart\/wp-json\/wp\/v2\/media?parent=2687"}],"curies":[{"name":"wp","href":"https:\/\/api.w.org\/{rel}","templated":true}]}}