{"id":2685,"date":"2021-02-07T11:34:07","date_gmt":"2021-02-07T10:34:07","guid":{"rendered":"http:\/\/agora.xtec.cat\/esc-torreguitart\/?page_id=2685"},"modified":"2021-09-12T18:14:58","modified_gmt":"2021-09-12T16:14:58","slug":"desdoblaments","status":"publish","type":"page","link":"https:\/\/agora.xtec.cat\/esc-torreguitart\/que-fem\/desdoblaments\/","title":{"rendered":"Desdoblaments"},"content":{"rendered":"<p>El tutor m\u00e9s la persona de refor\u00e7, en cada un dels cursos, permet la realitzaci\u00f3 del desdoblament heterogeni dins de l\u2019aula.<\/p>\n<p>Aquest nou canvi suposa la cohesi\u00f3 entre els dos mestres, ja que cal establir l\u00ednies d\u2019actuaci\u00f3, com es dur\u00e0 a terme la sessi\u00f3, etc. \u00c9s un treball compartit entre els dos. Els infants aprenen tots alhora i tots reben el suport que els hi \u00e9s necessari. Es pot donar m\u00e9s atenci\u00f3 als alumnes amb necessitats dins l\u2019aula amb la resta dels seus companys. Aquest \u00e9s un model m\u00e9s inclusiu.<\/p>\n","protected":false},"excerpt":{"rendered":"<p>El tutor m\u00e9s la persona de refor\u00e7, en cada un dels cursos, permet la realitzaci\u00f3 del desdoblament heterogeni dins de l\u2019aula.<br \/>\nAquest nou canvi suposa la cohesi\u00f3 entre els dos mestres, ja que cal establir l\u00ednies d\u2019actuaci\u00f3, com es dur\u00e0 a terme la sessi\u00f3, etc. \u00c9s&hellip;  <a href=\"https:\/\/agora.xtec.cat\/esc-torreguitart\/que-fem\/desdoblaments\/\" title=\"Read Desdoblaments\">Llegeix m\u00e9s\u00bb<\/a><\/p>\n","protected":false},"author":23,"featured_media":0,"parent":2673,"menu_order":50,"comment_status":"closed","ping_status":"closed","template":"page-templates\/side-menu.php","meta":{"_bbp_topic_count":0,"_bbp_reply_count":0,"_bbp_total_topic_count":0,"_bbp_total_reply_count":0,"_bbp_voice_count":0,"_bbp_anonymous_reply_count":0,"_bbp_topic_count_hidden":0,"_bbp_reply_count_hidden":0,"_bbp_forum_subforum_count":0,"footnotes":""},"class_list":["post-2685","page","type-page","status-publish","hentry"],"post_mailing_queue_ids":[],"_links":{"self":[{"href":"https:\/\/agora.xtec.cat\/esc-torreguitart\/wp-json\/wp\/v2\/pages\/2685","targetHints":{"allow":["GET"]}}],"collection":[{"href":"https:\/\/agora.xtec.cat\/esc-torreguitart\/wp-json\/wp\/v2\/pages"}],"about":[{"href":"https:\/\/agora.xtec.cat\/esc-torreguitart\/wp-json\/wp\/v2\/types\/page"}],"author":[{"embeddable":true,"href":"https:\/\/agora.xtec.cat\/esc-torreguitart\/wp-json\/wp\/v2\/users\/23"}],"replies":[{"embeddable":true,"href":"https:\/\/agora.xtec.cat\/esc-torreguitart\/wp-json\/wp\/v2\/comments?post=2685"}],"version-history":[{"count":2,"href":"https:\/\/agora.xtec.cat\/esc-torreguitart\/wp-json\/wp\/v2\/pages\/2685\/revisions"}],"predecessor-version":[{"id":2817,"href":"https:\/\/agora.xtec.cat\/esc-torreguitart\/wp-json\/wp\/v2\/pages\/2685\/revisions\/2817"}],"up":[{"embeddable":true,"href":"https:\/\/agora.xtec.cat\/esc-torreguitart\/wp-json\/wp\/v2\/pages\/2673"}],"wp:attachment":[{"href":"https:\/\/agora.xtec.cat\/esc-torreguitart\/wp-json\/wp\/v2\/media?parent=2685"}],"curies":[{"name":"wp","href":"https:\/\/api.w.org\/{rel}","templated":true}]}}