{"id":2638,"date":"2021-02-07T11:11:48","date_gmt":"2021-02-07T10:11:48","guid":{"rendered":"http:\/\/agora.xtec.cat\/esc-torreguitart\/?page_id=2638"},"modified":"2023-09-02T12:07:43","modified_gmt":"2023-09-02T10:07:43","slug":"serveis","status":"publish","type":"page","link":"https:\/\/agora.xtec.cat\/esc-torreguitart\/lescola\/serveis\/","title":{"rendered":"Serveis"},"content":{"rendered":"<p><strong><u>MENJADOR ESCOLAR<\/u><\/strong><\/p>\n<p>El menjador de l\u2019escola \u00e9s gestionat per l\u2019empresa CAMPOS ESTELA.<\/p>\n<p><span style=\"color: #339966;\"><strong>EL NOSTRE CAM\u00cd \u00c9S: BO, SA, SOSTENIBLE I SEGUR.<\/strong><\/span><\/p>\n<p><span style=\"color: #808000;\">1-\u00a0BO<\/span><\/p>\n<p>Cuinem \u00e0pats bons des del punt de vista gastron\u00f2mic, de confort i de benestar.<\/p>\n<p><span style=\"color: #808000;\">2- SA<\/span><\/p>\n<p>Promovem h\u00e0bits d&#8217;alimentaci\u00f3 saludable i d&#8217;activitat f\u00edsica durant el temps del migdia.<\/p>\n<p><span style=\"color: #808000;\">3- SOSTENIBLE<\/span><\/p>\n<p>Proposem una cuina i projectes de lleure que creen un impacte social i mediambiental positiu.<\/p>\n<p><span style=\"color: #808000;\">4- SEGUR<\/span><\/p>\n<p>Treballem pel benestar i la seguretat durant el temps del migdia.<\/p>\n<ul style=\"list-style-type: disc;\">\n<li>Productes de proximitat elaborats de forma casolana.<\/li>\n<li>Propostes de sopars i esmorzars\/berenars.<\/li>\n<li>Receptes arrelades a la terra.<\/li>\n<li>Jornades especials del nostre men\u00fa.<\/li>\n<li>Espai pesa i pensa.<\/li>\n<li>Panell dels reptes: BO, SA I SOSTENIBLE.<\/li>\n<li>Espai JOC LLIURE<\/li>\n<li>Espai EXPRESSA\u00b4T<\/li>\n<li>Espai MOU-TE<\/li>\n<li>Espai VOSPA<\/li>\n<li>Espai TRANQUIL<\/li>\n<li>TUNEL DEL SILENCI<\/li>\n<li>Espai AROMATITZEM-NOS<\/li>\n<li>Espai BIBLIO PATI<\/li>\n<li>Espai AMBIENTAL HORT<br \/>\n<span style=\"color: #ff6600;\"><strong>\u00a0 \u00a0 \u00a0 \u00a0 \u00a0 \u00a0 \u00a0 \u00a0 \u00a0 \u00a0 \u00a0 \u00a0 \u00a0 \u00a0 \u00a0 \u00a0 \u00a0 \u00a0 \u00a0<\/strong><\/span><\/li>\n<\/ul>\n<p><a href=\"https:\/\/agora.xtec.cat\/esc-torreguitart\/wp-content\/uploads\/usu1814\/2021\/09\/FOTO.jpg\"><img loading=\"lazy\" decoding=\"async\" class=\"aligncenter size-large wp-image-3920\" src=\"https:\/\/agora.xtec.cat\/esc-torreguitart\/wp-content\/uploads\/usu1814\/2021\/09\/FOTO-1024x589.jpg\" alt=\"\" width=\"1024\" height=\"589\" srcset=\"https:\/\/agora.xtec.cat\/esc-torreguitart\/wp-content\/uploads\/usu1814\/2021\/09\/FOTO-1024x589.jpg 1024w, https:\/\/agora.xtec.cat\/esc-torreguitart\/wp-content\/uploads\/usu1814\/2021\/09\/FOTO-300x173.jpg 300w, https:\/\/agora.xtec.cat\/esc-torreguitart\/wp-content\/uploads\/usu1814\/2021\/09\/FOTO-768x442.jpg 768w, https:\/\/agora.xtec.cat\/esc-torreguitart\/wp-content\/uploads\/usu1814\/2021\/09\/FOTO.jpg 1271w\" sizes=\"auto, (max-width: 1024px) 100vw, 1024px\" \/><\/a><\/p>\n<p>&nbsp;<\/p>\n<p>&nbsp;<\/p>\n<p><strong><u>SERVEI D&#8217;ACOLLIDA<\/u><\/strong><\/p>\n<p>ACOLLIDA MATINAL<\/p>\n<p>L\u2019AMPA organitza un servei d\u2019acollida per aquelles fam\u00edlies que han de deixar els\/les nens\/es abans de les 9h.<\/p>\n<p>L\u2019horari matinal \u00e9s de <strong>8h a 9h.<\/strong><\/p>\n<p>Per tenir m\u00e9s informaci\u00f3 sobre els serveis, preus,\u2026 consulteu l\u2019apartat de l\u2019AMPA.<\/p>\n<p>&nbsp;<\/p>\n<p><u>\u00a0<\/u><strong><u>ACTIVITATS EXTRAESCOLARS<\/u><\/strong><\/p>\n<p>L&#8217;AMPA organitza activitats extraescolars.<\/p>\n<p>Per tenir m\u00e9s informaci\u00f3 sobre les diferents activitats, preus,\u2026 consulteu l\u2019apartat de l\u2019AMPA.<\/p>\n<p>&nbsp;<\/p>\n<p><strong><u>CASAL D&#8217;ESTIU<\/u><\/strong><\/p>\n<p>Des de l\u2019AMPA i l&#8217;escola\u00a0 s\u2019impulsa el Casal d\u2019estiu per tot l&#8217;alumnat en horari de mat\u00ed i tarda.<\/p>\n<p>&nbsp;<\/p>\n<p><strong><u>T\u00c0NDEM XERRADES PER A FAM\u00cdLIES<\/u><\/strong><\/p>\n<p>Gr\u00e0cies a l\u2019Ajuntament de Sabadell i al programa \u201cTandem\u201d s&#8217;impulsen xerrades per les fam\u00edlies de l\u2019escola.<\/p>\n<p>&nbsp;<\/p>\n<p><strong><u>XARXES SOCIALS (INSTAGRAM)<\/u><\/strong><\/p>\n<p>L\u2019\u00fas de les xarxes socials, ajuden a potenciar la relaci\u00f3 fam\u00edlies-escola, a trav\u00e9s de la web del centre i la creaci\u00f3 de l\u2019instagram. Aquestes plataformes divulguen els projectes i les activitats dels nostres alumnes i potencien la imatge del centre.<\/p>\n<p>Per poder accedir a l\u2019instagram de l\u2019escola heu d\u2019anar a: @escolatorreguitart_oficial<\/p>\n","protected":false},"excerpt":{"rendered":"<p>MENJADOR ESCOLAR<br \/>\nEl menjador de l\u2019escola \u00e9s gestionat per l\u2019empresa CAMPOS ESTELA.<br \/>\nEL NOSTRE CAM\u00cd \u00c9S: BO, SA, SOSTENIBLE I SEGUR.<br \/>\n1-\u00a0BO<br \/>\nCuinem \u00e0pats bons des del punt de vista gastron\u00f2mic, de confort i de benestar.<br \/>\n2- SA<br \/>\nPromovem h\u00e0bits d&#8217;alimentaci\u00f3 saludable i d&#8217;activitat f\u00edsica durant el temps del migdia.<br \/>\n3- SOSTENIBLE<br \/>\nProposem&hellip;  <a href=\"https:\/\/agora.xtec.cat\/esc-torreguitart\/lescola\/serveis\/\" title=\"Read Serveis\">Llegeix m\u00e9s\u00bb<\/a><\/p>\n","protected":false},"author":23,"featured_media":0,"parent":2627,"menu_order":40,"comment_status":"closed","ping_status":"closed","template":"page-templates\/side-menu.php","meta":{"_bbp_topic_count":0,"_bbp_reply_count":0,"_bbp_total_topic_count":0,"_bbp_total_reply_count":0,"_bbp_voice_count":0,"_bbp_anonymous_reply_count":0,"_bbp_topic_count_hidden":0,"_bbp_reply_count_hidden":0,"_bbp_forum_subforum_count":0,"footnotes":""},"class_list":["post-2638","page","type-page","status-publish","hentry"],"post_mailing_queue_ids":[],"_links":{"self":[{"href":"https:\/\/agora.xtec.cat\/esc-torreguitart\/wp-json\/wp\/v2\/pages\/2638","targetHints":{"allow":["GET"]}}],"collection":[{"href":"https:\/\/agora.xtec.cat\/esc-torreguitart\/wp-json\/wp\/v2\/pages"}],"about":[{"href":"https:\/\/agora.xtec.cat\/esc-torreguitart\/wp-json\/wp\/v2\/types\/page"}],"author":[{"embeddable":true,"href":"https:\/\/agora.xtec.cat\/esc-torreguitart\/wp-json\/wp\/v2\/users\/23"}],"replies":[{"embeddable":true,"href":"https:\/\/agora.xtec.cat\/esc-torreguitart\/wp-json\/wp\/v2\/comments?post=2638"}],"version-history":[{"count":3,"href":"https:\/\/agora.xtec.cat\/esc-torreguitart\/wp-json\/wp\/v2\/pages\/2638\/revisions"}],"predecessor-version":[{"id":8385,"href":"https:\/\/agora.xtec.cat\/esc-torreguitart\/wp-json\/wp\/v2\/pages\/2638\/revisions\/8385"}],"up":[{"embeddable":true,"href":"https:\/\/agora.xtec.cat\/esc-torreguitart\/wp-json\/wp\/v2\/pages\/2627"}],"wp:attachment":[{"href":"https:\/\/agora.xtec.cat\/esc-torreguitart\/wp-json\/wp\/v2\/media?parent=2638"}],"curies":[{"name":"wp","href":"https:\/\/api.w.org\/{rel}","templated":true}]}}