{"id":5471,"date":"2024-12-09T09:14:33","date_gmt":"2024-12-09T08:14:33","guid":{"rendered":"https:\/\/agora.xtec.cat\/esc-teresadepalleja\/?page_id=5471"},"modified":"2024-12-09T09:28:26","modified_gmt":"2024-12-09T08:28:26","slug":"families-2","status":"publish","type":"page","link":"https:\/\/agora.xtec.cat\/esc-teresadepalleja\/families-2\/","title":{"rendered":"Fam\u00edlies"},"content":{"rendered":"<p>La participaci\u00f3 de les fam\u00edlies \u00e9s un element clau en el desenvolupament de la comunitat educativa del centre.<\/p>\n<p>A trav\u00e9s d\u2019aquesta secci\u00f3 podreu accedir a informaci\u00f3, recursos i iniciatives dirigides a facilitar la col\u00b7laboraci\u00f3 entre l\u2019Escola i les fam\u00edlies.<\/p>\n","protected":false},"excerpt":{"rendered":"<p>La participaci\u00f3 de les fam\u00edlies \u00e9s un element clau en el desenvolupament de la comunitat educativa del centre.<br \/>\nA trav\u00e9s d\u2019aquesta secci\u00f3 podreu accedir a informaci\u00f3, recursos i iniciatives dirigides a facilitar la col\u00b7laboraci\u00f3 entre l\u2019Escola i les fam\u00edlies.<\/p>\n","protected":false},"author":1,"featured_media":0,"parent":0,"menu_order":0,"comment_status":"closed","ping_status":"closed","template":"","meta":{"_bbp_topic_count":0,"_bbp_reply_count":0,"_bbp_total_topic_count":0,"_bbp_total_reply_count":0,"_bbp_voice_count":0,"_bbp_anonymous_reply_count":0,"_bbp_topic_count_hidden":0,"_bbp_reply_count_hidden":0,"_bbp_forum_subforum_count":0,"footnotes":""},"class_list":["post-5471","page","type-page","status-publish","hentry"],"post_mailing_queue_ids":[],"_links":{"self":[{"href":"https:\/\/agora.xtec.cat\/esc-teresadepalleja\/wp-json\/wp\/v2\/pages\/5471","targetHints":{"allow":["GET"]}}],"collection":[{"href":"https:\/\/agora.xtec.cat\/esc-teresadepalleja\/wp-json\/wp\/v2\/pages"}],"about":[{"href":"https:\/\/agora.xtec.cat\/esc-teresadepalleja\/wp-json\/wp\/v2\/types\/page"}],"author":[{"embeddable":true,"href":"https:\/\/agora.xtec.cat\/esc-teresadepalleja\/wp-json\/wp\/v2\/users\/1"}],"replies":[{"embeddable":true,"href":"https:\/\/agora.xtec.cat\/esc-teresadepalleja\/wp-json\/wp\/v2\/comments?post=5471"}],"version-history":[{"count":4,"href":"https:\/\/agora.xtec.cat\/esc-teresadepalleja\/wp-json\/wp\/v2\/pages\/5471\/revisions"}],"predecessor-version":[{"id":5478,"href":"https:\/\/agora.xtec.cat\/esc-teresadepalleja\/wp-json\/wp\/v2\/pages\/5471\/revisions\/5478"}],"wp:attachment":[{"href":"https:\/\/agora.xtec.cat\/esc-teresadepalleja\/wp-json\/wp\/v2\/media?parent=5471"}],"curies":[{"name":"wp","href":"https:\/\/api.w.org\/{rel}","templated":true}]}}