{"id":540,"date":"2017-12-11T16:17:01","date_gmt":"2017-12-11T15:17:01","guid":{"rendered":"http:\/\/agora.xtec.cat\/esc-teresadepalleja\/?page_id=540"},"modified":"2025-07-03T18:41:49","modified_gmt":"2025-07-03T16:41:49","slug":"acollida-matinal","status":"publish","type":"page","link":"https:\/\/agora.xtec.cat\/esc-teresadepalleja\/acollida-matinal\/","title":{"rendered":"Acollida matinal i extraescolars"},"content":{"rendered":"<p><span style=\"font-weight: 400;\">La<strong> junta de l&#8217;AFA<\/strong> est\u00e0 formada pel president, en Dani L\u00f3pez Loro; la secret\u00e0ria, la Gisela Espigul\u00e9 Pons; la tresorera, la S\u00f2nia Pacheco Torres i els vocals: Marta Sala Giralt, Bibiana Gil Mart\u00edn, Daniel Guillem Garrido, Ona Carreras Velez i Laura Espadal\u00e9 Rius.<\/span><\/p>\n<p><span style=\"font-weight: 400;\">L\u2019<strong>AFA<\/strong> col\u00b7labora en diferents activitats d&#8217;escola relacionades amb festes, sortides i aporta material escolar divers, com s\u00f3n:<\/span><\/p>\n<ul>\n<li><span style=\"font-weight: 400;\">el pagament d\u2019agendes escolars<\/span><\/li>\n<li><span style=\"font-weight: 400;\">el calendari de l\u2019any<\/span><\/li>\n<li><span style=\"font-weight: 400;\">col\u00b7laboraci\u00f3 en els ingredients de les celebracions escolars: castanyada, joc de l\u2019Egg Hunting i taller de la mona de Pasqua<\/span><\/li>\n<li><span style=\"font-weight: 400;\">la xocolatada de Carnaval<\/span><\/li>\n<li><span style=\"font-weight: 400;\">la contractaci\u00f3 de la sessi\u00f3 fotogr\u00e0fica per grups i escola<\/span><\/li>\n<li><span style=\"font-weight: 400;\">el sopar de fi de curs (grup de 6\u00e8 i tutor\/a)<\/span><\/li>\n<li><span style=\"font-weight: 400;\">la festa final de curs a la piscina i berenar-sopar<\/span><\/li>\n<li><span style=\"font-weight: 400;\">venda de berenar als patis oberts, de manera puntual, per recollir diners per l\u2019activitat de final de curs de 6\u00e8<\/span><\/li>\n<li><span style=\"font-weight: 400;\">la gesti\u00f3 a trav\u00e9s de LUDIS del servei d\u2019acollida matinal i extraescolars<\/span><\/li>\n<li><span style=\"font-weight: 400;\">\u00a0&#8230;<\/span><\/li>\n<\/ul>\n<p>&nbsp;<\/p>\n<p><span style=\"font-weight: 400;\">\u2192<\/span><b> Activitats extraescolars<\/b><span style=\"font-weight: 400;\">:<\/span><\/p>\n<p>L&#8217;AFA s&#8217;encarrega de gestionar l&#8217;acollida i les activitats extraescolars a trav\u00e9s de l&#8217;empresa LUDIS. <span style=\"font-weight: 400;\">Es proposen diversos extraescolars a les fam\u00edlies a diferents horaris:<\/span><\/p>\n<p><span style=\"font-weight: 400;\"><strong>Mat\u00ed<\/strong>: acollida matinal (cada dia de 8h a 9h) El monitor encarregat disposa de tot l\u2019exterior de l\u2019escola com a zona de joc i tamb\u00e9 d\u2019un espai interior per activitats i jocs de taula. L\u2019AFA subvenciona una part d\u2019aquest servei als seus socis.<\/span><\/p>\n<p><span style=\"font-weight: 400;\"><strong>Migdia:<\/strong> proposta de diferents activitats. Es porten a terme sempre que hi ha un m\u00ednim de participaci\u00f3. Podeu consultar les activitats previstes per aquest curs: <strong><span style=\"text-decoration: underline;\"><a href=\"https:\/\/agora.xtec.cat\/esc-teresadepalleja\/wp-content\/uploads\/usu1731\/2024\/08\/acollida-i-extraescolars.pdf\">acollida i extraescolars<\/a>.<\/span><\/strong><\/span><\/p>\n<p>&nbsp;<\/p>\n<p><span style=\"font-weight: 400;\">Les fam\u00edlies per formar part de l&#8217;AFA paguen una quota anual. <\/span><\/p>\n<p>Per dubtes o altres q\u00fcestions, podeu contactar amb l&#8217;AFA: ampafortia<span class=\"atwho-query\">@gmail.com<\/span><\/p>\n","protected":false},"excerpt":{"rendered":"<p>La junta de l&#8217;AFA est\u00e0 formada pel president, en Dani L\u00f3pez Loro; la secret\u00e0ria, la Gisela Espigul\u00e9 Pons; la tresorera, la S\u00f2nia Pacheco Torres i els vocals: Marta Sala Giralt, Bibiana Gil Mart\u00edn, Daniel Guillem Garrido, Ona Carreras Velez i Laura Espadal\u00e9 Rius.<br \/>\nL\u2019AFA col\u00b7labora en&hellip;  <a href=\"https:\/\/agora.xtec.cat\/esc-teresadepalleja\/acollida-matinal\/\" title=\"Read Acollida matinal i extraescolars\">Llegeix m\u00e9s\u00bb<\/a><\/p>\n","protected":false},"author":1,"featured_media":0,"parent":0,"menu_order":0,"comment_status":"closed","ping_status":"closed","template":"","meta":{"_bbp_topic_count":0,"_bbp_reply_count":0,"_bbp_total_topic_count":0,"_bbp_total_reply_count":0,"_bbp_voice_count":0,"_bbp_anonymous_reply_count":0,"_bbp_topic_count_hidden":0,"_bbp_reply_count_hidden":0,"_bbp_forum_subforum_count":0,"footnotes":""},"class_list":["post-540","page","type-page","status-publish","hentry"],"post_mailing_queue_ids":[],"_links":{"self":[{"href":"https:\/\/agora.xtec.cat\/esc-teresadepalleja\/wp-json\/wp\/v2\/pages\/540","targetHints":{"allow":["GET"]}}],"collection":[{"href":"https:\/\/agora.xtec.cat\/esc-teresadepalleja\/wp-json\/wp\/v2\/pages"}],"about":[{"href":"https:\/\/agora.xtec.cat\/esc-teresadepalleja\/wp-json\/wp\/v2\/types\/page"}],"author":[{"embeddable":true,"href":"https:\/\/agora.xtec.cat\/esc-teresadepalleja\/wp-json\/wp\/v2\/users\/1"}],"replies":[{"embeddable":true,"href":"https:\/\/agora.xtec.cat\/esc-teresadepalleja\/wp-json\/wp\/v2\/comments?post=540"}],"version-history":[{"count":6,"href":"https:\/\/agora.xtec.cat\/esc-teresadepalleja\/wp-json\/wp\/v2\/pages\/540\/revisions"}],"predecessor-version":[{"id":5639,"href":"https:\/\/agora.xtec.cat\/esc-teresadepalleja\/wp-json\/wp\/v2\/pages\/540\/revisions\/5639"}],"wp:attachment":[{"href":"https:\/\/agora.xtec.cat\/esc-teresadepalleja\/wp-json\/wp\/v2\/media?parent=540"}],"curies":[{"name":"wp","href":"https:\/\/api.w.org\/{rel}","templated":true}]}}