{"id":538,"date":"2017-12-11T16:16:43","date_gmt":"2017-12-11T15:16:43","guid":{"rendered":"http:\/\/agora.xtec.cat\/esc-teresadepalleja\/?page_id=538"},"modified":"2025-08-31T22:51:13","modified_gmt":"2025-08-31T20:51:13","slug":"menjador-escolar","status":"publish","type":"page","link":"https:\/\/agora.xtec.cat\/esc-teresadepalleja\/menjador-escolar\/","title":{"rendered":"Menjador escolar"},"content":{"rendered":"<p><span style=\"text-decoration: underline;\"><strong>CURS 25-26:<\/strong><\/span><\/p>\n<ul style=\"list-style-type: disc;\">\n<li><strong><span style=\"text-decoration: underline;\"><a style=\"color: #2795b6;\" href=\"https:\/\/agora.xtec.cat\/esc-teresadepalleja\/wp-content\/uploads\/usu1731\/2025\/07\/Carta-instrucciones-APP-Colechef-Teresa-de-palleja.pdf\">INSTRUCCIONS DE L&#8217;APP ColeChef<span style=\"text-decoration: underline;\">&#8211;&gt; <\/span><\/a><\/span>RENOVACI\u00d3 DE MENJADOR <\/strong>(pels que ja utilitz\u00e0veu el servei de menjador el curs passat) i tamb\u00e9 pels <strong>NOUS USUARIS DE MENJADOR\u00a0<\/strong><\/li>\n<li><strong><span style=\"text-decoration: underline;\"><a href=\"https:\/\/agora.xtec.cat\/esc-teresadepalleja\/wp-content\/uploads\/usu1731\/2025\/07\/ESKRL0MH77.pdf\">NORMATIVA de contractaci\u00f3 del menjador<\/a> <\/span><\/strong>(preus, pagaments, comunicaci\u00f3, abs\u00e8ncies&#8230;)<\/li>\n<li><strong style=\"font-family: inherit; font-size: 1em;\"><span style=\"text-decoration: underline;\"><a href=\"https:\/\/drive.google.com\/drive\/folders\/13tW2BxnfkQmv0-VPLEXwwB0t7R5nzyor\" target=\"_blank\" rel=\"noopener\">AQU\u00cd TROBAREU ELS MEN\u00daS MENSUALS<\/a><\/span><\/strong><\/li>\n<\/ul>\n<p>&nbsp;<\/p>\n<p><span style=\"text-decoration: underline;\"><strong>CURS 24-25:<\/strong><\/span><\/p>\n<ul style=\"list-style-type: disc;\">\n<li><a href=\"https:\/\/agora.xtec.cat\/esc-teresadepalleja\/wp-content\/uploads\/usu1731\/2024\/08\/renovacio-24-25.pdf\" target=\"_blank\" rel=\"noopener\"><strong><span style=\"text-decoration: underline;\">RENOVACI\u00d3 DE MENJADOR <\/span><\/strong><\/a>(pels que ja utilitz\u00e0veu el servei de menjador el curs passat)<\/li>\n<li><a href=\"https:\/\/agora.xtec.cat\/esc-teresadepalleja\/wp-content\/uploads\/usu1731\/2024\/08\/Teresa-de-Palleja-24-25.pdf\" target=\"_blank\" rel=\"noopener\"><strong><span style=\"text-decoration: underline;\">NOUS USUARIS DE MENJADOR<\/span><\/strong><\/a><\/li>\n<li><a href=\"https:\/\/agora.xtec.cat\/esc-teresadepalleja\/wp-content\/uploads\/usu1731\/2024\/08\/calendari-becats-24-25.pdf\" target=\"_blank\" rel=\"noopener\"><span style=\"text-decoration: underline;\"><strong>CALENDARI BECATS 24-25<\/strong><\/span><\/a><\/li>\n<li><a href=\"https:\/\/agora.xtec.cat\/esc-teresadepalleja\/pla-de-funcionament-de-menjador\/\"><strong><span style=\"text-decoration: underline;\">PLA DE MENJADOR<\/span><\/strong><\/a><\/li>\n<li><strong style=\"font-family: inherit; font-size: 1em;\"><span style=\"text-decoration: underline;\"><a href=\"https:\/\/drive.google.com\/drive\/folders\/13tW2BxnfkQmv0-VPLEXwwB0t7R5nzyor\" target=\"_blank\" rel=\"noopener\">AQU\u00cd TROBAREU ELS MEN\u00daS MENSUALS<\/a><\/span><\/strong><\/li>\n<\/ul>\n<p>&nbsp;<\/p>\n<p>A partir del curs 23-24 l&#8217;empresa que gestiona el menjador \u00e9s Serunion. <span style=\"font-family: inherit; font-size: 1em;\">Us enllacem la<\/span> <a style=\"font-family: inherit; font-size: 1em;\" href=\"https:\/\/agora.xtec.cat\/esc-teresadepalleja\/wp-content\/uploads\/usu1731\/2023\/08\/0_CARTA_CAT.pdf\" target=\"_blank\" rel=\"noopener\"><span style=\"text-decoration: underline;\">carta de presentaci\u00f3<\/span><\/a>.<\/p>\n<p><span style=\"font-family: inherit; font-size: 1em;\">Nom\u00e9s pels infants amb al\u00b7l\u00e8rgies\/intoler\u00e0ncies\/dieta espec\u00edfica, cal omplir el <span style=\"text-decoration: underline;\"><a href=\"https:\/\/agora.xtec.cat\/esc-teresadepalleja\/wp-content\/uploads\/usu1731\/2023\/08\/1-FICHA-NINO-CON-ALERGIA_Serunion-CAT_actualizada-LOPD.pdf\" target=\"_blank\" rel=\"noopener\">document<\/a> <\/span>i adjuntar el certificat m\u00e8dic corresponent. Enviar-ho digitalment a l&#8217;adre\u00e7a de l&#8217;escola b7001361<span class=\"\"><span class=\"\">@<\/span>xtec.cat, quan abans millor ja que ho hem de fer arribar a l&#8217;empresa Serunion.<\/span><\/span><\/p>\n<p><strong><em style=\"font-weight: 400;\">\u00c9s important que totes les fam\u00edlies usu\u00e0ries del menjador es donin <\/em><\/strong><em style=\"font-weight: 400;\"><strong>d\u2019alta a l&#8217;app<\/strong>,<\/em><strong><em style=\"font-weight: 400;\"> les fam\u00edlies que gaudeixen de beca tamb\u00e9.<\/em><\/strong><\/p>\n","protected":false},"excerpt":{"rendered":"<p>CURS 25-26:<\/p>\n<ul style=\"list-style-type: disc;\">\n<li><a style=\"color: #2795b6;\" href=\"https:\/\/agora.xtec.cat\/esc-teresadepalleja\/wp-content\/uploads\/usu1731\/2025\/07\/Carta-instrucciones-APP-Colechef-Teresa-de-palleja.pdf\">INSTRUCCIONS DE L&#8217;APP ColeChef&#8211;&gt; <\/a>RENOVACI\u00d3 DE MENJADOR (pels que ja utilitz\u00e0veu el servei de menjador el curs passat) i tamb\u00e9 pels NOUS USUARIS DE MENJADOR\u00a0<\/li>\n<li><a href=\"https:\/\/agora.xtec.cat\/esc-teresadepalleja\/wp-content\/uploads\/usu1731\/2025\/07\/ESKRL0MH77.pdf\">NORMATIVA de contractaci\u00f3 del menjador<\/a> (preus, pagaments, comunicaci\u00f3, abs\u00e8ncies&#8230;)<\/li>\n<li><a href=\"https:\/\/drive.google.com\/drive\/folders\/13tW2BxnfkQmv0-VPLEXwwB0t7R5nzyor\" target=\"_blank\" rel=\"noopener\">AQU\u00cd TROBAREU ELS&hellip;  <a href=\"https:\/\/agora.xtec.cat\/esc-teresadepalleja\/menjador-escolar\/\" title=\"Read Menjador escolar\">Llegeix m\u00e9s\u00bb<\/a><br \/>\n","protected":false},"author":1,"featured_media":0,"parent":0,"menu_order":0,"comment_status":"closed","ping_status":"closed","template":"","meta":{"_bbp_topic_count":0,"_bbp_reply_count":0,"_bbp_total_topic_count":0,"_bbp_total_reply_count":0,"_bbp_voice_count":0,"_bbp_anonymous_reply_count":0,"_bbp_topic_count_hidden":0,"_bbp_reply_count_hidden":0,"_bbp_forum_subforum_count":0,"footnotes":""},"class_list":["post-538","page","type-page","status-publish","hentry"],"post_mailing_queue_ids":[],"_links":{"self":[{"href":"https:\/\/agora.xtec.cat\/esc-teresadepalleja\/wp-json\/wp\/v2\/pages\/538","targetHints":{"allow":["GET"]}}],"collection":[{"href":"https:\/\/agora.xtec.cat\/esc-teresadepalleja\/wp-json\/wp\/v2\/pages"}],"about":[{"href":"https:\/\/agora.xtec.cat\/esc-teresadepalleja\/wp-json\/wp\/v2\/types\/page"}],"author":[{"embeddable":true,"href":"https:\/\/agora.xtec.cat\/esc-teresadepalleja\/wp-json\/wp\/v2\/users\/1"}],"replies":[{"embeddable":true,"href":"https:\/\/agora.xtec.cat\/esc-teresadepalleja\/wp-json\/wp\/v2\/comments?post=538"}],"version-history":[{"count":8,"href":"https:\/\/agora.xtec.cat\/esc-teresadepalleja\/wp-json\/wp\/v2\/pages\/538\/revisions"}],"predecessor-version":[{"id":5652,"href":"https:\/\/agora.xtec.cat\/esc-teresadepalleja\/wp-json\/wp\/v2\/pages\/538\/revisions\/5652"}],"wp:attachment":[{"href":"https:\/\/agora.xtec.cat\/esc-teresadepalleja\/wp-json\/wp\/v2\/media?parent=538"}],"curies":[{"name":"wp","href":"https:\/\/api.w.org\/{rel}","templated":true}]}}