{"id":4784,"date":"2023-09-26T12:12:43","date_gmt":"2023-09-26T10:12:43","guid":{"rendered":"https:\/\/agora.xtec.cat\/esc-teresadepalleja\/?page_id=4784"},"modified":"2024-12-09T10:14:58","modified_gmt":"2024-12-09T09:14:58","slug":"autoritzacio-medicaments","status":"publish","type":"page","link":"https:\/\/agora.xtec.cat\/esc-teresadepalleja\/families-2\/autoritzacio-medicaments\/","title":{"rendered":"Autoritzaci\u00f3 medicaments"},"content":{"rendered":"<p>Per poder donar un medicament al vostre fill\/a ens cal la recepta m\u00e8dica i la seg\u00fcent autoritzaci\u00f3: <a href=\"https:\/\/agora.xtec.cat\/esc-teresadepalleja\/wp-content\/uploads\/usu1731\/2023\/09\/autoritzacio-medicaments.docx.pdf\"><span style=\"text-decoration: underline;\"><strong>AUTORITZACI\u00d3 MEDICAMENTS<\/strong><\/span><\/a><\/p>\n<p><em>(Us agrair\u00edem que els medicaments, sempre que sigui possible, no s\u2019hagin d&#8217;administrar en horari escolar.)<\/em><\/p>\n","protected":false},"excerpt":{"rendered":"<p>Per poder donar un medicament al vostre fill\/a ens cal la recepta m\u00e8dica i la seg\u00fcent autoritzaci\u00f3: <a href=\"https:\/\/agora.xtec.cat\/esc-teresadepalleja\/wp-content\/uploads\/usu1731\/2023\/09\/autoritzacio-medicaments.docx.pdf\">AUTORITZACI\u00d3 MEDICAMENTS<\/a><br \/>\n(Us agrair\u00edem que els medicaments, sempre que sigui possible, no s\u2019hagin d&#8217;administrar en horari escolar.)<\/p>\n","protected":false},"author":5,"featured_media":0,"parent":5471,"menu_order":0,"comment_status":"closed","ping_status":"closed","template":"","meta":{"_bbp_topic_count":0,"_bbp_reply_count":0,"_bbp_total_topic_count":0,"_bbp_total_reply_count":0,"_bbp_voice_count":0,"_bbp_anonymous_reply_count":0,"_bbp_topic_count_hidden":0,"_bbp_reply_count_hidden":0,"_bbp_forum_subforum_count":0,"footnotes":""},"class_list":["post-4784","page","type-page","status-publish","hentry"],"post_mailing_queue_ids":[],"_links":{"self":[{"href":"https:\/\/agora.xtec.cat\/esc-teresadepalleja\/wp-json\/wp\/v2\/pages\/4784","targetHints":{"allow":["GET"]}}],"collection":[{"href":"https:\/\/agora.xtec.cat\/esc-teresadepalleja\/wp-json\/wp\/v2\/pages"}],"about":[{"href":"https:\/\/agora.xtec.cat\/esc-teresadepalleja\/wp-json\/wp\/v2\/types\/page"}],"author":[{"embeddable":true,"href":"https:\/\/agora.xtec.cat\/esc-teresadepalleja\/wp-json\/wp\/v2\/users\/5"}],"replies":[{"embeddable":true,"href":"https:\/\/agora.xtec.cat\/esc-teresadepalleja\/wp-json\/wp\/v2\/comments?post=4784"}],"version-history":[{"count":3,"href":"https:\/\/agora.xtec.cat\/esc-teresadepalleja\/wp-json\/wp\/v2\/pages\/4784\/revisions"}],"predecessor-version":[{"id":4792,"href":"https:\/\/agora.xtec.cat\/esc-teresadepalleja\/wp-json\/wp\/v2\/pages\/4784\/revisions\/4792"}],"up":[{"embeddable":true,"href":"https:\/\/agora.xtec.cat\/esc-teresadepalleja\/wp-json\/wp\/v2\/pages\/5471"}],"wp:attachment":[{"href":"https:\/\/agora.xtec.cat\/esc-teresadepalleja\/wp-json\/wp\/v2\/media?parent=4784"}],"curies":[{"name":"wp","href":"https:\/\/api.w.org\/{rel}","templated":true}]}}