{"id":4318,"date":"2023-02-13T14:56:36","date_gmt":"2023-02-13T13:56:36","guid":{"rendered":"https:\/\/agora.xtec.cat\/esc-teresadepalleja\/?page_id=4318"},"modified":"2026-02-10T12:28:43","modified_gmt":"2026-02-10T11:28:43","slug":"portes-obertes","status":"publish","type":"page","link":"https:\/\/agora.xtec.cat\/esc-teresadepalleja\/portes-obertes\/","title":{"rendered":"Portes obertes"},"content":{"rendered":"<p><strong>EXPOSICI\u00d3 TALLERS ART\u00cdSTICS I TARDA FAM\u00cdLIES 27 FEBRER 2026:<\/strong><\/p>\n<p>(PROPERAMENT PENJAREM EL CARTELL)<\/p>\n<p>&nbsp;<\/p>\n<p>&nbsp;<\/p>\n","protected":false},"excerpt":{"rendered":"<p>EXPOSICI\u00d3 TALLERS ART\u00cdSTICS I TARDA FAM\u00cdLIES 27 FEBRER 2026:<br \/>\n(PROPERAMENT PENJAREM EL CARTELL)<br \/>\n&nbsp;<br \/>\n&nbsp;<\/p>\n","protected":false},"author":5,"featured_media":0,"parent":0,"menu_order":0,"comment_status":"closed","ping_status":"closed","template":"","meta":{"_bbp_topic_count":0,"_bbp_reply_count":0,"_bbp_total_topic_count":0,"_bbp_total_reply_count":0,"_bbp_voice_count":0,"_bbp_anonymous_reply_count":0,"_bbp_topic_count_hidden":0,"_bbp_reply_count_hidden":0,"_bbp_forum_subforum_count":0,"footnotes":""},"class_list":["post-4318","page","type-page","status-publish","hentry"],"post_mailing_queue_ids":[],"_links":{"self":[{"href":"https:\/\/agora.xtec.cat\/esc-teresadepalleja\/wp-json\/wp\/v2\/pages\/4318","targetHints":{"allow":["GET"]}}],"collection":[{"href":"https:\/\/agora.xtec.cat\/esc-teresadepalleja\/wp-json\/wp\/v2\/pages"}],"about":[{"href":"https:\/\/agora.xtec.cat\/esc-teresadepalleja\/wp-json\/wp\/v2\/types\/page"}],"author":[{"embeddable":true,"href":"https:\/\/agora.xtec.cat\/esc-teresadepalleja\/wp-json\/wp\/v2\/users\/5"}],"replies":[{"embeddable":true,"href":"https:\/\/agora.xtec.cat\/esc-teresadepalleja\/wp-json\/wp\/v2\/comments?post=4318"}],"version-history":[{"count":6,"href":"https:\/\/agora.xtec.cat\/esc-teresadepalleja\/wp-json\/wp\/v2\/pages\/4318\/revisions"}],"predecessor-version":[{"id":5739,"href":"https:\/\/agora.xtec.cat\/esc-teresadepalleja\/wp-json\/wp\/v2\/pages\/4318\/revisions\/5739"}],"wp:attachment":[{"href":"https:\/\/agora.xtec.cat\/esc-teresadepalleja\/wp-json\/wp\/v2\/media?parent=4318"}],"curies":[{"name":"wp","href":"https:\/\/api.w.org\/{rel}","templated":true}]}}