{"id":3804,"date":"2022-05-26T12:33:18","date_gmt":"2022-05-26T10:33:18","guid":{"rendered":"https:\/\/agora.xtec.cat\/esc-teresadepalleja\/?page_id=3804"},"modified":"2024-07-08T20:03:37","modified_gmt":"2024-07-08T18:03:37","slug":"instagram","status":"publish","type":"page","link":"https:\/\/agora.xtec.cat\/esc-teresadepalleja\/instagram\/","title":{"rendered":"Instagram"},"content":{"rendered":"<p>Seguiu-nos a l&#8217;instagram per a con\u00e8ixer m\u00e9s activitats, sortides, aprenentatges, experi\u00e8ncies&#8230;. que fem al llarg del curs:<\/p>\n<p><span class=\"\"><span class=\"atwho-query\">@<\/span>escolateresapalleja<\/span> <a href=\"https:\/\/agora.xtec.cat\/esc-teresadepalleja\/wp-content\/uploads\/usu1731\/2022\/08\/si.png\"><img loading=\"lazy\" decoding=\"async\" class=\"alignnone size-full wp-image-3965\" src=\"https:\/\/agora.xtec.cat\/esc-teresadepalleja\/wp-content\/uploads\/usu1731\/2022\/08\/si.png\" alt=\"\" width=\"55\" height=\"55\" \/><\/a><\/p>\n<p><span style=\"text-decoration: underline;\"><a href=\"https:\/\/www.instagram.com\/escolateresapalleja\" target=\"_blank\" rel=\"noopener\">https:\/\/www.instagram.com\/escolateresapalleja<\/a><\/span><\/p>\n","protected":false},"excerpt":{"rendered":"<p>Seguiu-nos a l&#8217;instagram per a con\u00e8ixer m\u00e9s activitats, sortides, aprenentatges, experi\u00e8ncies&#8230;. que fem al llarg del curs:<br \/>\n@escolateresapalleja <a href=\"https:\/\/agora.xtec.cat\/esc-teresadepalleja\/wp-content\/uploads\/usu1731\/2022\/08\/si.png\"><\/a><br \/>\n<a href=\"https:\/\/www.instagram.com\/escolateresapalleja\" target=\"_blank\" rel=\"noopener\">https:\/\/www.instagram.com\/escolateresapalleja<\/a><\/p>\n","protected":false},"author":1,"featured_media":0,"parent":0,"menu_order":0,"comment_status":"closed","ping_status":"closed","template":"","meta":{"_bbp_topic_count":0,"_bbp_reply_count":0,"_bbp_total_topic_count":0,"_bbp_total_reply_count":0,"_bbp_voice_count":0,"_bbp_anonymous_reply_count":0,"_bbp_topic_count_hidden":0,"_bbp_reply_count_hidden":0,"_bbp_forum_subforum_count":0,"footnotes":""},"class_list":["post-3804","page","type-page","status-publish","hentry"],"post_mailing_queue_ids":[],"_links":{"self":[{"href":"https:\/\/agora.xtec.cat\/esc-teresadepalleja\/wp-json\/wp\/v2\/pages\/3804","targetHints":{"allow":["GET"]}}],"collection":[{"href":"https:\/\/agora.xtec.cat\/esc-teresadepalleja\/wp-json\/wp\/v2\/pages"}],"about":[{"href":"https:\/\/agora.xtec.cat\/esc-teresadepalleja\/wp-json\/wp\/v2\/types\/page"}],"author":[{"embeddable":true,"href":"https:\/\/agora.xtec.cat\/esc-teresadepalleja\/wp-json\/wp\/v2\/users\/1"}],"replies":[{"embeddable":true,"href":"https:\/\/agora.xtec.cat\/esc-teresadepalleja\/wp-json\/wp\/v2\/comments?post=3804"}],"version-history":[{"count":5,"href":"https:\/\/agora.xtec.cat\/esc-teresadepalleja\/wp-json\/wp\/v2\/pages\/3804\/revisions"}],"predecessor-version":[{"id":5346,"href":"https:\/\/agora.xtec.cat\/esc-teresadepalleja\/wp-json\/wp\/v2\/pages\/3804\/revisions\/5346"}],"wp:attachment":[{"href":"https:\/\/agora.xtec.cat\/esc-teresadepalleja\/wp-json\/wp\/v2\/media?parent=3804"}],"curies":[{"name":"wp","href":"https:\/\/api.w.org\/{rel}","templated":true}]}}