{"id":3501,"date":"2022-01-11T17:30:39","date_gmt":"2022-01-11T16:30:39","guid":{"rendered":"https:\/\/agora.xtec.cat\/esc-teresadepalleja\/?page_id=3501"},"modified":"2023-12-02T21:06:08","modified_gmt":"2023-12-02T20:06:08","slug":"innovamat","status":"publish","type":"page","link":"https:\/\/agora.xtec.cat\/esc-teresadepalleja\/innovamat\/","title":{"rendered":"Innovamat"},"content":{"rendered":"<p><strong>Innovamat<\/strong> \u00e9s la proposta que acompanya els vostres infants en l\u2019aprenentatge de les matem\u00e0tiques a l\u2019escola.<\/p>\n<ul style=\"list-style-type: disc;\">\n<li>Per accedir a l&#8217;APP i fer les activitats online: <span style=\"text-decoration: underline;\"><strong style=\"font-family: inherit; font-size: 1em;\"><a href=\"https:\/\/student.innovamat.com\" target=\"_blank\" rel=\"noopener\">https:\/\/student.innovamat.com\u00a0<\/a><\/strong><\/span><\/li>\n<li>Per saber-ne m\u00e9s, podeu visitar la seva web o el seu canal de youtube:\n<ul>\n<li style=\"list-style-type: none;\">\n<ul>\n<li style=\"list-style-type: none;\">\n<ul>\n<li style=\"list-style-type: none;\">\n<ul style=\"list-style-type: circle;\">\n<li><span style=\"text-decoration: underline;\"><a style=\"font-family: inherit; font-size: 1em; color: #2795b6; text-decoration: underline;\" href=\"https:\/\/www.innovamat.com\" target=\"_blank\" rel=\"noopener\">https:\/\/www.innovamat.com<\/a><\/span><\/li>\n<li><span style=\"text-decoration: underline;\"><a style=\"font-family: inherit; font-size: 1em;\" href=\"https:\/\/www.youtube.com\/c\/Innovamatencatal\u00e0\" target=\"_blank\" rel=\"noopener\">https:\/\/www.youtube.com\/c\/Innovamatencatal\u00e0\u00a0<\/a><\/span><\/li>\n<\/ul>\n<\/li>\n<\/ul>\n<\/li>\n<\/ul>\n<\/li>\n<\/ul>\n<\/li>\n<li><strong>Recursos i recomanacions <\/strong>per acompanyar des de casa els fills i filles en l&#8217;aprenentatge de les matem\u00e0tiques:\n<ul>\n<li style=\"list-style-type: none;\">\n<ul>\n<li style=\"list-style-type: none;\">\n<ul style=\"list-style-type: circle;\">\n<li>A la <span style=\"text-decoration: underline;\"><a href=\"https:\/\/www.innovamat.com\/ca\/about\/recursos-familias\" target=\"_blank\" rel=\"noopener\"><strong style=\"font-family: inherit; font-size: 1em;\">web de fam\u00edlies<\/strong><\/a><\/span><span style=\"font-family: inherit; font-size: 1em;\">, per a cada curs, podreu trobar com es treballen les matem\u00e0tiques a l\u2019aula i quins continguts es tractaran durant l&#8217;any escolar.<\/span><\/li>\n<li><span style=\"font-family: inherit; font-size: 1em;\">A m\u00e9s, a la part final de cada document, trobareu un seguit d\u2019<\/span><strong style=\"font-family: inherit; font-size: 1em;\">eines de suport<\/strong><span style=\"font-family: inherit; font-size: 1em;\">.<\/span><\/li>\n<\/ul>\n<\/li>\n<\/ul>\n<\/li>\n<\/ul>\n<\/li>\n<\/ul>\n<p>Us recomanem tenir sempre a m\u00e0 aquests enlla\u00e7os, perqu\u00e8 al llarg del curs Innovamat va creant i compartint-hi m\u00e9s continguts.<\/p>\n<p>&nbsp;<\/p>\n","protected":false},"excerpt":{"rendered":"<p>Innovamat \u00e9s la proposta que acompanya els vostres infants en l\u2019aprenentatge de les matem\u00e0tiques a l\u2019escola.<\/p>\n<ul style=\"list-style-type: disc;\">\n<li>Per accedir a l&#8217;APP i fer les activitats online: <a href=\"https:\/\/student.innovamat.com\" target=\"_blank\" rel=\"noopener\">https:\/\/student.innovamat.com\u00a0<\/a><\/li>\n<li>Per saber-ne m\u00e9s, podeu visitar la seva web o el seu canal de youtube:\n<ul>\n<li style=\"list-style-type: none;\">\n<ul>\n<li&hellip;  <a href=\"https:\/\/agora.xtec.cat\/esc-teresadepalleja\/innovamat\/\" title=\"Read Innovamat\">Llegeix m\u00e9s\u00bb<\/a><\/p>\n","protected":false},"author":1,"featured_media":0,"parent":0,"menu_order":0,"comment_status":"closed","ping_status":"closed","template":"","meta":{"_bbp_topic_count":0,"_bbp_reply_count":0,"_bbp_total_topic_count":0,"_bbp_total_reply_count":0,"_bbp_voice_count":0,"_bbp_anonymous_reply_count":0,"_bbp_topic_count_hidden":0,"_bbp_reply_count_hidden":0,"_bbp_forum_subforum_count":0,"footnotes":""},"class_list":["post-3501","page","type-page","status-publish","hentry"],"post_mailing_queue_ids":[],"_links":{"self":[{"href":"https:\/\/agora.xtec.cat\/esc-teresadepalleja\/wp-json\/wp\/v2\/pages\/3501","targetHints":{"allow":["GET"]}}],"collection":[{"href":"https:\/\/agora.xtec.cat\/esc-teresadepalleja\/wp-json\/wp\/v2\/pages"}],"about":[{"href":"https:\/\/agora.xtec.cat\/esc-teresadepalleja\/wp-json\/wp\/v2\/types\/page"}],"author":[{"embeddable":true,"href":"https:\/\/agora.xtec.cat\/esc-teresadepalleja\/wp-json\/wp\/v2\/users\/1"}],"replies":[{"embeddable":true,"href":"https:\/\/agora.xtec.cat\/esc-teresadepalleja\/wp-json\/wp\/v2\/comments?post=3501"}],"version-history":[{"count":6,"href":"https:\/\/agora.xtec.cat\/esc-teresadepalleja\/wp-json\/wp\/v2\/pages\/3501\/revisions"}],"predecessor-version":[{"id":4952,"href":"https:\/\/agora.xtec.cat\/esc-teresadepalleja\/wp-json\/wp\/v2\/pages\/3501\/revisions\/4952"}],"wp:attachment":[{"href":"https:\/\/agora.xtec.cat\/esc-teresadepalleja\/wp-json\/wp\/v2\/media?parent=3501"}],"curies":[{"name":"wp","href":"https:\/\/api.w.org\/{rel}","templated":true}]}}