{"id":26,"date":"2014-09-18T12:24:32","date_gmt":"2014-09-18T11:24:32","guid":{"rendered":"http:\/\/agora.xtec.cat\/esc-teresadepalleja\/?page_id=26"},"modified":"2018-06-04T14:40:15","modified_gmt":"2018-06-04T12:40:15","slug":"historia","status":"publish","type":"page","link":"https:\/\/agora.xtec.cat\/esc-teresadepalleja\/lescola\/historia\/","title":{"rendered":"Hist\u00f2ria"},"content":{"rendered":"<p>\u00c9s un edifici escolar d&#8217;estil racionalista projectat per Emili Blanch i Roig el 1931 i inaugurat el 1933. L&#8217;edifici consta de dues plantes, ambdues dedicades actualment a l&#8217;ensenyament primari, per\u00f2 inicialment la planta pis estava reservada a l&#8217;habitatge dels mestres.<\/p>\n<p>Hist\u00f2ria<br \/>\nAbans de la construcci\u00f3 de l&#8217;escola, les escoles de nens i nenes eren en cases arrendades per la municipalitat per cobrir les obligacions educatives dictades per la llei. Davant de les condicions d&#8217;aquests locals, diferents ajuntaments al llarg del primer ter\u00e7 del segle XX treballen per aconseguir un centre modern que aculli i resolgui les necessitats de les dues escoles. En aquest sentit, el 1925 l&#8217;adinerada figuerenca Teresa de Pallej\u00e0 d\u00f3na uns terrenys al poble amb l&#8217;objectiu que s&#8217;hi bast\u00eds una escola per a la mainada fortianenca. Dos anys despr\u00e9s, el 1927, l&#8217;arquitecte Adolf Florensa i Ferrer va redactar un primer projecte i Claudi D\u00edaz P\u00e9rez un de segon el 1930, per\u00f2 cap dels dos reeix\u00ed. Finalment el mar\u00e7 de 1931 Emili Blanch i Roig comen\u00e7\u00e0 a redactar el projecte definitiu que acabaria amb la inauguraci\u00f3 del nou centre el 1933 despr\u00e9s de l&#8217;incansable feina dels nous responsables pol\u00edtics republicans davant del ministeri d&#8217;instrucci\u00f3 p\u00fablica.<\/p>\n<p>Just a davant dels terrenys donats per Pallej\u00e0, el 1931 s&#8217;hi constru\u00ed l&#8217;edifici del sindicat Centre Agr\u00edcola i Social de Forti\u00e0 creant una nova pla\u00e7a entre els dos nuclis hist\u00f2rics. El maig de 1934 la pla\u00e7a va passar-se a dir de la Llibertat, un nom que s&#8217;estronc\u00e0 el 1939. A la mateixa pla\u00e7a hi havia tamb\u00e9 l&#8217;edifici desaparegut de can Mundo, utilitzat com a centre de prove\u00efment d&#8217;aliments durant la Guerra Civil espanyola.<\/p>\n<p>En honor de Teresa de Pallej\u00e0 no nom\u00e9s es dedic\u00e0 el nom de l&#8217;escola, sin\u00f3 tamb\u00e9 l&#8217;avinguda amb el seu nom que uneix encara l&#8217;antic carrer de Castell\u00f3 i la pla\u00e7a.<\/p>\n","protected":false},"excerpt":{"rendered":"<p>\u00c9s un edifici escolar d&#8217;estil racionalista projectat per Emili Blanch i Roig el 1931 i inaugurat el 1933. L&#8217;edifici consta de dues plantes, ambdues dedicades actualment a l&#8217;ensenyament primari, per\u00f2 inicialment la planta pis estava reservada a l&#8217;habitatge dels mestres.<br \/>\nHist\u00f2ria<br \/>\nAbans de la construcci\u00f3 de l&#8217;escola,&hellip;  <a href=\"https:\/\/agora.xtec.cat\/esc-teresadepalleja\/lescola\/historia\/\" title=\"Read Hist\u00f2ria\">Llegeix m\u00e9s\u00bb<\/a><\/p>\n","protected":false},"author":1,"featured_media":0,"parent":22,"menu_order":20,"comment_status":"closed","ping_status":"closed","template":"page-templates\/side-menu.php","meta":{"_bbp_topic_count":0,"_bbp_reply_count":0,"_bbp_total_topic_count":0,"_bbp_total_reply_count":0,"_bbp_voice_count":0,"_bbp_anonymous_reply_count":0,"_bbp_topic_count_hidden":0,"_bbp_reply_count_hidden":0,"_bbp_forum_subforum_count":0,"footnotes":""},"class_list":["post-26","page","type-page","status-publish","hentry"],"post_mailing_queue_ids":[],"_links":{"self":[{"href":"https:\/\/agora.xtec.cat\/esc-teresadepalleja\/wp-json\/wp\/v2\/pages\/26","targetHints":{"allow":["GET"]}}],"collection":[{"href":"https:\/\/agora.xtec.cat\/esc-teresadepalleja\/wp-json\/wp\/v2\/pages"}],"about":[{"href":"https:\/\/agora.xtec.cat\/esc-teresadepalleja\/wp-json\/wp\/v2\/types\/page"}],"author":[{"embeddable":true,"href":"https:\/\/agora.xtec.cat\/esc-teresadepalleja\/wp-json\/wp\/v2\/users\/1"}],"replies":[{"embeddable":true,"href":"https:\/\/agora.xtec.cat\/esc-teresadepalleja\/wp-json\/wp\/v2\/comments?post=26"}],"version-history":[{"count":2,"href":"https:\/\/agora.xtec.cat\/esc-teresadepalleja\/wp-json\/wp\/v2\/pages\/26\/revisions"}],"predecessor-version":[{"id":965,"href":"https:\/\/agora.xtec.cat\/esc-teresadepalleja\/wp-json\/wp\/v2\/pages\/26\/revisions\/965"}],"up":[{"embeddable":true,"href":"https:\/\/agora.xtec.cat\/esc-teresadepalleja\/wp-json\/wp\/v2\/pages\/22"}],"wp:attachment":[{"href":"https:\/\/agora.xtec.cat\/esc-teresadepalleja\/wp-json\/wp\/v2\/media?parent=26"}],"curies":[{"name":"wp","href":"https:\/\/api.w.org\/{rel}","templated":true}]}}