{"id":2460,"date":"2020-09-18T13:30:23","date_gmt":"2020-09-18T11:30:23","guid":{"rendered":"http:\/\/agora.xtec.cat\/esc-teresadepalleja\/?page_id=2460"},"modified":"2022-11-20T16:44:04","modified_gmt":"2022-11-20T15:44:04","slug":"funcionament-del-tokapp","status":"publish","type":"page","link":"https:\/\/agora.xtec.cat\/esc-teresadepalleja\/lescola\/funcionament-del-tokapp\/","title":{"rendered":"TokApp"},"content":{"rendered":"<p>Tokapp \u00e9s una aplicaci\u00f3 que utilitzem per la comunicaci\u00f3 escola-fam\u00edlia (per enviar comunicats, informaci\u00f3 de sortides i el seu pagament, &#8230;).<\/p>\n<p>Entreu a aquests enlla\u00e7os per veure com funciona l&#8217;aplicaci\u00f3:<\/p>\n<p><a href=\"https:\/\/tokapp.com\/blog\/ayuda\/general\/preguntas-frecuentes\/como-me-registro\/\">Com instal\u00b7lar el Tokapp<\/a><\/p>\n<p><a href=\"https:\/\/agora.xtec.cat\/esc-teresadepalleja\/wp-content\/uploads\/usu1731\/2020\/11\/Funcioment-TOKAPP.pdf\">Funcionament TOKAPP<\/a><\/p>\n<p>Qualsevol dubte truqueu al tel\u00e8fon o correu electr\u00f2nic del servei t\u00e8cnic<\/p>\n<p><a href=\"tel:+34886080996\">(+34) 886 08 09 96<\/a><br \/>\n<a href=\"mailto:soporte@TokApp.com\">soporte@TokApp.com<\/a><br \/>\n<strong><a href=\"https:\/\/tokapp.com\/soporte\/\">TokApp.com\/soporte<\/a><\/strong><\/p>\n","protected":false},"excerpt":{"rendered":"<p>Tokapp \u00e9s una aplicaci\u00f3 que utilitzem per la comunicaci\u00f3 escola-fam\u00edlia (per enviar comunicats, informaci\u00f3 de sortides i el seu pagament, &#8230;).<br \/>\nEntreu a aquests enlla\u00e7os per veure com funciona l&#8217;aplicaci\u00f3:<br \/>\n<a href=\"https:\/\/tokapp.com\/blog\/ayuda\/general\/preguntas-frecuentes\/como-me-registro\/\">Com instal\u00b7lar el Tokapp<\/a><br \/>\n<a href=\"https:\/\/agora.xtec.cat\/esc-teresadepalleja\/wp-content\/uploads\/usu1731\/2020\/11\/Funcioment-TOKAPP.pdf\">Funcionament TOKAPP<\/a><br \/>\nQualsevol dubte truqueu al tel\u00e8fon o correu electr\u00f2nic del servei t\u00e8cnic<br \/>\n<a&hellip;  <a href=\"https:\/\/agora.xtec.cat\/esc-teresadepalleja\/lescola\/funcionament-del-tokapp\/\" title=\"Read TokApp\">Llegeix m\u00e9s\u00bb<\/a><\/p>\n","protected":false},"author":1,"featured_media":0,"parent":22,"menu_order":8,"comment_status":"closed","ping_status":"closed","template":"","meta":{"_bbp_topic_count":0,"_bbp_reply_count":0,"_bbp_total_topic_count":0,"_bbp_total_reply_count":0,"_bbp_voice_count":0,"_bbp_anonymous_reply_count":0,"_bbp_topic_count_hidden":0,"_bbp_reply_count_hidden":0,"_bbp_forum_subforum_count":0,"footnotes":""},"class_list":["post-2460","page","type-page","status-publish","hentry"],"post_mailing_queue_ids":[],"_links":{"self":[{"href":"https:\/\/agora.xtec.cat\/esc-teresadepalleja\/wp-json\/wp\/v2\/pages\/2460","targetHints":{"allow":["GET"]}}],"collection":[{"href":"https:\/\/agora.xtec.cat\/esc-teresadepalleja\/wp-json\/wp\/v2\/pages"}],"about":[{"href":"https:\/\/agora.xtec.cat\/esc-teresadepalleja\/wp-json\/wp\/v2\/types\/page"}],"author":[{"embeddable":true,"href":"https:\/\/agora.xtec.cat\/esc-teresadepalleja\/wp-json\/wp\/v2\/users\/1"}],"replies":[{"embeddable":true,"href":"https:\/\/agora.xtec.cat\/esc-teresadepalleja\/wp-json\/wp\/v2\/comments?post=2460"}],"version-history":[{"count":3,"href":"https:\/\/agora.xtec.cat\/esc-teresadepalleja\/wp-json\/wp\/v2\/pages\/2460\/revisions"}],"predecessor-version":[{"id":4188,"href":"https:\/\/agora.xtec.cat\/esc-teresadepalleja\/wp-json\/wp\/v2\/pages\/2460\/revisions\/4188"}],"up":[{"embeddable":true,"href":"https:\/\/agora.xtec.cat\/esc-teresadepalleja\/wp-json\/wp\/v2\/pages\/22"}],"wp:attachment":[{"href":"https:\/\/agora.xtec.cat\/esc-teresadepalleja\/wp-json\/wp\/v2\/media?parent=2460"}],"curies":[{"name":"wp","href":"https:\/\/api.w.org\/{rel}","templated":true}]}}